{"id":109885,"date":"2025-11-23T17:49:46","date_gmt":"2025-11-23T16:49:46","guid":{"rendered":"https:\/\/footballthrift.shop\/?post_type=product&#038;p=109885"},"modified":"2026-03-09T11:25:44","modified_gmt":"2026-03-09T10:25:44","slug":"football-shirt-bnwt-turkey-2024-26-away-s","status":"publish","type":"product","link":"https:\/\/footballthrift.shop\/en\/koszulka-pilkarska-bnwt-turcja-2024-26-away-s\/","title":{"rendered":"Koszulka pi\u0142karska BNWT Turcja 2024\/26 Away [S]"},"content":{"rendered":"<p><strong>Team:<\/strong> Turkey<\/p>\n<p><strong>Season:<\/strong> 2024\/26 Away<\/p>\n<p><strong>Size: <\/strong>S<\/p>\n<p><strong>Condition:<\/strong> BNWT - T-shirt new, with tags.<\/p>\n<p><strong>Dimensions (underarm width\/length) in cm: <\/strong>49\/71<\/p>","protected":false},"excerpt":{"rendered":"<article class=\"text-token-text-primary w-full focus:outline-none [--shadow-height:45px] has-data-writing-block:pointer-events-none has-data-writing-block:-mt-(--shadow-height) has-data-writing-block:pt-(--shadow-height) [&amp;:has([data-writing-block])&gt;*]:pointer-events-auto [content-visibility:auto] supports-[content-visibility:auto]:[contain-intrinsic-size:auto_100lvh] scroll-mt-[calc(var(--header-height)+min(200px,max(70px,20svh)))]\" dir=\"auto\" tabindex=\"-1\" data-turn-id=\"request-6914635e-584c-8326-b164-552fe6e6d9be-2\" data-testid=\"conversation-turn-54\" data-scroll-anchor=\"true\" data-turn=\"assistant\">\n<div class=\"text-base my-auto mx-auto pb-10 [--thread-content-margin:--spacing(4)] thread-sm:[--thread-content-margin:--spacing(6)] thread-lg:[--thread-content-margin:--spacing(16)] px-(--thread-content-margin)\">\n<div class=\"[--thread-content-max-width:40rem] thread-lg:[--thread-content-max-width:48rem] mx-auto max-w-(--thread-content-max-width) flex-1 group\/turn-messages focus-visible:outline-hidden relative flex w-full min-w-0 flex-col agent-turn\" tabindex=\"-1\">\n<div class=\"flex max-w-full flex-col grow\">\n<div class=\"min-h-8 text-message relative flex w-full flex-col items-end gap-2 text-start break-words whitespace-normal [.text-message+&amp;]:mt-1\" dir=\"auto\" data-message-author-role=\"assistant\" data-message-id=\"f0593de1-8ae0-40da-9545-b6aef1b5b22a\" data-message-model-slug=\"gpt-5-1\">\n<div class=\"flex w-full flex-col gap-1 empty:hidden first:pt-[1px]\">\n<div class=\"markdown prose dark:prose-invert w-full break-words light markdown-new-styling\">\n<p data-start=\"0\" data-end=\"100\"><strong data-start=\"0\" data-end=\"98\">Oryginalna wyjazdowa koszulka pi\u0142karska reprezentacji Turcji z lat 2024\u20132026 \u2013 produkcji Nike.\u00a0<\/strong><\/p>\n<p data-start=\"102\" data-end=\"471\">Ta <strong data-start=\"105\" data-end=\"138\">oryginalna koszulka pi\u0142karska<\/strong> zosta\u0142a <strong data-start=\"147\" data-end=\"175\">wyprodukowana przez Nike<\/strong> dla <strong data-start=\"180\" data-end=\"204\">reprezentacji Turcji<\/strong> na lata <strong data-start=\"213\" data-end=\"226\">2024\u20132026<\/strong> i prezentuje wyj\u0105tkowo minimalistyczny styl, charakterystyczny dla narodowych projekt\u00f3w Nike tworzonych dla tureckiej kadry. Model w <strong data-start=\"360\" data-end=\"375\">rozmiarze S<\/strong> zachowany jest w stanie <strong data-start=\"400\" data-end=\"424\">z metkami sklepowymi<\/strong>, co podkre\u015bla jego kolekcjonerski charakter.<\/p>\n<p data-start=\"473\" data-end=\"838\">Koszulka utrzymana jest w <strong data-start=\"499\" data-end=\"527\">pe\u0142nym czerwonym kolorze<\/strong>, stanowi\u0105cym symbol narodowej to\u017csamo\u015bci Turcji. Na froncie znajduj\u0105 si\u0119 wy\u0142\u0105cznie dwa elementy \u2013 <strong data-start=\"626\" data-end=\"639\">logo Nike<\/strong> oraz <strong data-start=\"645\" data-end=\"661\">flaga Turcji<\/strong>, umieszczone w centralnej, klasycznej kompozycji. Brak dodatkowych ozdobnik\u00f3w sprawia, \u017ce projekt pozostaje <strong data-start=\"770\" data-end=\"835\">czysty, elegancki i zgodny z tradycyjnym stylem reprezentacji<\/strong>.<\/p>\n<p data-start=\"840\" data-end=\"1159\">Model wykonano z <strong data-start=\"857\" data-end=\"893\">lekkiego, technicznego materia\u0142u<\/strong>, kt\u00f3ry zapewnia <strong data-start=\"910\" data-end=\"952\">komfort, przewiewno\u015b\u0107 i swobod\u0119 ruch\u00f3w<\/strong>, zgodnie ze standardami stosowanymi w nowoczesnych koszulkach meczowych Nike. Prostota, intensywna kolorystyka i autentyczno\u015b\u0107 sprawiaj\u0105, \u017ce koszulka idealnie oddaje charakter tureckiej dru\u017cyny narodowej.<\/p>\n<p data-start=\"1161\" data-end=\"1417\" data-is-last-node=\"\" data-is-only-node=\"\">Ta <strong data-start=\"1164\" data-end=\"1220\">oryginalna koszulka pi\u0142karska Turcji z lat 2024\u20132026<\/strong> to \u015bwietna propozycja dla <strong data-start=\"1247\" data-end=\"1298\">kolekcjoner\u00f3w koszulek reprezentacji narodowych<\/strong>, fan\u00f3w <strong data-start=\"1306\" data-end=\"1340\">minimalistycznego designu Nike<\/strong> oraz os\u00f3b ceni\u0105cych <strong data-start=\"1361\" data-end=\"1416\">autentyczne, proste projekty o wyrazistej symbolice<\/strong>.<\/p>\n<\/div>\n<\/div>\n<\/div>\n<\/div>\n<\/div>\n<\/div>\n<\/article>\n","protected":false},"featured_media":109923,"template":"","meta":{"_kad_blocks_custom_css":"","_kad_blocks_head_custom_js":"","_kad_blocks_body_custom_js":"","_kad_blocks_footer_custom_js":"","_kad_post_transparent":"default","_kad_post_title":"","_kad_post_layout":"default","_kad_post_sidebar_id":"","_kad_post_content_style":"default","_kad_post_vertical_padding":"default","_kad_post_feature":"","_kad_post_feature_position":"","_kad_post_header":false,"_kad_post_footer":false,"_kad_post_classname":""},"product_brand":[1284],"product_cat":[15,2033,1489],"product_tag":[],"class_list":{"0":"post-109885","1":"product","2":"type-product","3":"status-publish","4":"has-post-thumbnail","6":"product_brand-nike","7":"product_cat-bez-kategorii","8":"product_cat-bnwt","9":"product_cat-pozostale-reprezentacje-europa","10":"pa_homeawaythird-away","11":"pa_rozmiar-s","13":"first","14":"instock","15":"taxable","16":"shipping-taxable","17":"purchasable","18":"product-type-simple","19":"entry","20":"content-bg","21":"loop-entry"},"taxonomy_info":{"product_brand":[{"value":1284,"label":"Nike"}],"product_cat":[{"value":15,"label":"Bez kategorii"},{"value":2033,"label":"BNWT"},{"value":1489,"label":"Pozosta\u0142e"}],"pa_homeawaythird":[{"value":1598,"label":"Away"}],"pa_rozmiar":[{"value":1815,"label":"S"}]},"featured_image_src_large":["https:\/\/footballthrift.shop\/wp-content\/uploads\/2025\/11\/Photoroom_022_20251119_174238-1024x1024.png",1024,1024,true],"author_info":[],"comment_info":"","_links":{"self":[{"href":"https:\/\/footballthrift.shop\/en\/wp-json\/wp\/v2\/product\/109885","targetHints":{"allow":["GET"]}}],"collection":[{"href":"https:\/\/footballthrift.shop\/en\/wp-json\/wp\/v2\/product"}],"about":[{"href":"https:\/\/footballthrift.shop\/en\/wp-json\/wp\/v2\/types\/product"}],"wp:featuredmedia":[{"embeddable":true,"href":"https:\/\/footballthrift.shop\/en\/wp-json\/wp\/v2\/media\/109923"}],"wp:attachment":[{"href":"https:\/\/footballthrift.shop\/en\/wp-json\/wp\/v2\/media?parent=109885"}],"wp:term":[{"taxonomy":"product_brand","embeddable":true,"href":"https:\/\/footballthrift.shop\/en\/wp-json\/wp\/v2\/product_brand?post=109885"},{"taxonomy":"product_cat","embeddable":true,"href":"https:\/\/footballthrift.shop\/en\/wp-json\/wp\/v2\/product_cat?post=109885"},{"taxonomy":"product_tag","embeddable":true,"href":"https:\/\/footballthrift.shop\/en\/wp-json\/wp\/v2\/product_tag?post=109885"}],"curies":[{"name":"wp","href":"https:\/\/api.w.org\/{rel}","templated":true}]}}