{"id":109881,"date":"2025-11-23T17:49:47","date_gmt":"2025-11-23T16:49:47","guid":{"rendered":"https:\/\/footballthrift.shop\/?post_type=product&#038;p=109881"},"modified":"2026-03-09T11:25:43","modified_gmt":"2026-03-09T10:25:43","slug":"football-jersey-scotland-2018-20-away-176-cm","status":"publish","type":"product","link":"https:\/\/footballthrift.shop\/en\/koszulka-pilkarska-szkocja-2018-20-away-176-cm\/","title":{"rendered":"Koszulka pi\u0142karska Szkocja 2018\/20 Away [176 cm]"},"content":{"rendered":"<p><strong>Team:<\/strong> Scotland<\/p>\n<p><strong>Season:<\/strong> 2018\/20 Away<\/p>\n<p><strong>Size: <\/strong>176 cm<\/p>\n<p><strong>Condition:<\/strong> Good \u2013 a few micro-scratches and one micro-spot.<\/p>\n<p><strong>Dimensions (underarm width\/length) in cm: <\/strong>49\/68<\/p>","protected":false},"excerpt":{"rendered":"<p data-start=\"0\" data-end=\"104\"><strong data-start=\"0\" data-end=\"102\">The original 2017-2019 Scotland national team away football shirt - manufactured by Adidas.\u00a0<\/strong><\/p>\n<p data-start=\"106\" data-end=\"422\">The project prepared by\u00a0<strong data-start=\"133\" data-end=\"144\">Adidas<\/strong>\u00a0for the Scottish national team for the end of the second decade of the 21st century draws on the traditional colours of the alternative 'Tartan Army' kits. It is a distinctive combination of simplicity and modern style that stands out both on the pitch and in a collector's display.<\/p>\n<p data-start=\"424\" data-end=\"875\">This T-shirt, in<strong> youth size<\/strong> on <strong>176<\/strong> cm tall, she is kept in <strong data-start=\"450\" data-end=\"480\">intense yellow colour<\/strong>, often used by Scotland as an away outfit. Contrast is provided by\u00a0<strong data-start=\"566\" data-end=\"606\">navy blue Adidas stripes on sleeves<\/strong>, which emphasise the classic nature of the design and allude to the primary colour of the national team's home outfits. The chest usually features\u00a0<strong data-start=\"756\" data-end=\"794\">Scottish Football Association crest<\/strong>\u00a0and the manufacturer's logo, which completed the minimalist but elegant composition.<\/p>\n<p data-start=\"877\" data-end=\"1078\">Made from a lightweight technical material, the jersey provides\u00a0<strong data-start=\"939\" data-end=\"982\">comfort, ventilation and freedom of movement<\/strong>, making it practical for both sporting activities and everyday use.<\/p>\n<p data-start=\"1080\" data-end=\"1303\" data-is-last-node=\"\" data-is-only-node=\"\">This is an excellent option for\u00a0<strong data-start=\"1108\" data-end=\"1139\">Scottish national team fans<\/strong>,\u00a0<strong data-start=\"1141\" data-end=\"1188\">collectors of original Adidas T-shirts<\/strong>\u00a0and lovers of minimalist, expressive designs that preserve national identity in a modern form.<\/p>","protected":false},"featured_media":109890,"template":"","meta":{"_kad_blocks_custom_css":"","_kad_blocks_head_custom_js":"","_kad_blocks_body_custom_js":"","_kad_blocks_footer_custom_js":"","_kad_post_transparent":"default","_kad_post_title":"","_kad_post_layout":"default","_kad_post_sidebar_id":"","_kad_post_content_style":"default","_kad_post_vertical_padding":"default","_kad_post_feature":"","_kad_post_feature_position":"","_kad_post_header":false,"_kad_post_footer":false,"_kad_post_classname":""},"product_brand":[1283],"product_cat":[15,2017,1489],"product_tag":[],"class_list":{"0":"post-109881","1":"product","2":"type-product","3":"status-publish","4":"has-post-thumbnail","6":"product_brand-adidas","7":"product_cat-bez-kategorii","8":"product_cat-koszulki-mlodziezowe","9":"product_cat-pozostale-reprezentacje-europa","10":"pa_homeawaythird-away","11":"pa_rozmiar-176-cm","13":"first","14":"instock","15":"taxable","16":"shipping-taxable","17":"purchasable","18":"product-type-simple","19":"entry","20":"content-bg","21":"loop-entry"},"taxonomy_info":{"product_brand":[{"value":1283,"label":"Adidas"}],"product_cat":[{"value":15,"label":"Bez kategorii"},{"value":2017,"label":"KOSZULKI M\u0141ODZIE\u017bOWE"},{"value":1489,"label":"Pozosta\u0142e"}],"pa_homeawaythird":[{"value":1598,"label":"Away"}],"pa_rozmiar":[{"value":2020,"label":"176 cm"}]},"featured_image_src_large":["https:\/\/footballthrift.shop\/wp-content\/uploads\/2025\/11\/Photoroom_002_20251119_174238-1024x1024.png",1024,1024,true],"author_info":[],"comment_info":"","_links":{"self":[{"href":"https:\/\/footballthrift.shop\/en\/wp-json\/wp\/v2\/product\/109881","targetHints":{"allow":["GET"]}}],"collection":[{"href":"https:\/\/footballthrift.shop\/en\/wp-json\/wp\/v2\/product"}],"about":[{"href":"https:\/\/footballthrift.shop\/en\/wp-json\/wp\/v2\/types\/product"}],"wp:featuredmedia":[{"embeddable":true,"href":"https:\/\/footballthrift.shop\/en\/wp-json\/wp\/v2\/media\/109890"}],"wp:attachment":[{"href":"https:\/\/footballthrift.shop\/en\/wp-json\/wp\/v2\/media?parent=109881"}],"wp:term":[{"taxonomy":"product_brand","embeddable":true,"href":"https:\/\/footballthrift.shop\/en\/wp-json\/wp\/v2\/product_brand?post=109881"},{"taxonomy":"product_cat","embeddable":true,"href":"https:\/\/footballthrift.shop\/en\/wp-json\/wp\/v2\/product_cat?post=109881"},{"taxonomy":"product_tag","embeddable":true,"href":"https:\/\/footballthrift.shop\/en\/wp-json\/wp\/v2\/product_tag?post=109881"}],"curies":[{"name":"wp","href":"https:\/\/api.w.org\/{rel}","templated":true}]}}