{"id":108473,"date":"2025-10-26T17:54:23","date_gmt":"2025-10-26T16:54:23","guid":{"rendered":"https:\/\/footballthrift.shop\/?post_type=product&#038;p=108473"},"modified":"2026-03-09T11:26:22","modified_gmt":"2026-03-09T10:26:22","slug":"football-jersey-ukraine-2021-24-home-s","status":"publish","type":"product","link":"https:\/\/footballthrift.shop\/en\/koszulka-pilkarska-ukraina-2021-24-home-s\/","title":{"rendered":"Koszulka pi\u0142karska Ukraina 2021\/24 Home [S]"},"content":{"rendered":"<p><strong>Team:<\/strong> Ukraine<\/p>\n<p><strong>Season:<\/strong> 2021\/24 Home<\/p>\n<p><strong>Size: <\/strong>S<\/p>\n<p><strong>Condition:<\/strong> Excellent<\/p>\n<p><strong>Dimensions (underarm width\/length) in cm: <\/strong>49\/68<\/p>","protected":false},"excerpt":{"rendered":"<article class=\"text-token-text-primary w-full focus:outline-none [--shadow-height:45px] has-data-writing-block:pointer-events-none has-data-writing-block:-mt-(--shadow-height) has-data-writing-block:pt-(--shadow-height) [&amp;:has([data-writing-block])&gt;*]:pointer-events-auto [content-visibility:auto] supports-[content-visibility:auto]:[contain-intrinsic-size:auto_100lvh] scroll-mt-[calc(var(--header-height)+min(200px,max(70px,20svh)))]\" dir=\"auto\" tabindex=\"-1\" data-turn-id=\"2c44530b-a4b8-431d-8591-5de8f6dd31c3\" data-testid=\"conversation-turn-34\" data-scroll-anchor=\"true\" data-turn=\"assistant\">\n<div class=\"text-base my-auto mx-auto pb-10 [--thread-content-margin:--spacing(4)] thread-sm:[--thread-content-margin:--spacing(6)] thread-lg:[--thread-content-margin:--spacing(16)] px-(--thread-content-margin)\">\n<div class=\"[--thread-content-max-width:40rem] thread-lg:[--thread-content-max-width:48rem] mx-auto max-w-(--thread-content-max-width) flex-1 group\/turn-messages focus-visible:outline-hidden relative flex w-full min-w-0 flex-col agent-turn\" tabindex=\"-1\">\n<div class=\"flex max-w-full flex-col grow\">\n<div class=\"min-h-8 text-message relative flex w-full flex-col items-end gap-2 text-start break-words whitespace-normal [.text-message+&amp;]:mt-1\" dir=\"auto\" data-message-author-role=\"assistant\" data-message-id=\"94f12357-71e1-48db-a5e8-2407decd783d\" data-message-model-slug=\"gpt-5\">\n<div class=\"flex w-full flex-col gap-1 empty:hidden first:pt-[1px]\">\n<div class=\"markdown prose dark:prose-invert w-full break-words light markdown-new-styling\">\n<p data-start=\"0\" data-end=\"96\"><strong data-start=\"0\" data-end=\"96\">Oryginalna domowa koszulka pi\u0142karska reprezentacji Ukrainy z lat 2021\u20132024 \u2013 produkcji Jomy.\u00a0<\/strong><\/p>\n<p data-start=\"98\" data-end=\"449\">Model w rozmiarze S pochodzi z kolekcji przygotowanej przez <strong data-start=\"158\" data-end=\"166\">Jom\u0119<\/strong> na pierwsz\u0105 po\u0142ow\u0119 dekady 2020 i <strong data-start=\"200\" data-end=\"256\">jest cz\u0119\u015bci\u0105 kompletu domowego reprezentacji Ukrainy<\/strong>, u\u017cywanego m.in. podczas mi\u0119dzynarodowych turniej\u00f3w oraz spotka\u0144 eliminacyjnych. To <strong data-start=\"341\" data-end=\"374\">oryginalna koszulka pi\u0142karska<\/strong>, kt\u00f3ra \u0142\u0105czy klasyczne barwy narodowe z wyra\u017anym symbolicznym przes\u0142aniem.<\/p>\n<p data-start=\"451\" data-end=\"953\">Koszulka utrzymana jest w <strong data-start=\"477\" data-end=\"493\">\u017c\u00f3\u0142tej bazie<\/strong>, charakterystycznej dla reprezentacji Ukrainy. Na froncie znajduje si\u0119 <strong data-start=\"565\" data-end=\"599\">wysublimowany motyw mapy kraju<\/strong>, obejmuj\u0105cy r\u00f3wnie\u017c P\u00f3\u0142wysep Krymski, co stanowi silny akcent to\u017csamo\u015bciowy. Ca\u0142o\u015b\u0107 uzupe\u0142niaj\u0105 <strong data-start=\"696\" data-end=\"745\">niebieskie wyko\u0144czenia ko\u0142nierzyka i r\u0119kawk\u00f3w<\/strong>, nawi\u0105zuj\u0105ce do ukrai\u0144skiej flagi i tworz\u0105ce sp\u00f3jn\u0105 kolorystycznie kompozycj\u0119. Centralnie umieszczono <strong data-start=\"848\" data-end=\"886\">herb federacji pi\u0142karskiej Ukrainy<\/strong>, a po prawej stronie klatki piersiowej znajduje si\u0119 <strong data-start=\"939\" data-end=\"952\">logo Jomy<\/strong>.<\/p>\n<p data-start=\"955\" data-end=\"1092\">Projekt \u0142\u0105czy w sobie nowoczesny styl i narodowe odniesienia, co sprawia, \u017ce wyr\u00f3\u017cnia si\u0119 w\u015br\u00f3d reprezentacyjnych koszulek z tego okresu.<\/p>\n<p data-start=\"1094\" data-end=\"1341\" data-is-last-node=\"\" data-is-only-node=\"\">Ta <strong data-start=\"1097\" data-end=\"1141\">koszulka pi\u0142karska reprezentacji Ukrainy<\/strong> mo\u017ce by\u0107 interesuj\u0105cym wyborem dla kolekcjoner\u00f3w modeli o symbolicznej warto\u015bci, sympatyk\u00f3w reprezentacji oraz os\u00f3b poszukuj\u0105cych klasycznego projektu w narodowych barwach do codziennego u\u017cytkowania.<\/p>\n<\/div>\n<\/div>\n<\/div>\n<\/div>\n<\/div>\n<\/div>\n<\/article>\n","protected":false},"featured_media":108636,"template":"","meta":{"_kad_blocks_custom_css":"","_kad_blocks_head_custom_js":"","_kad_blocks_body_custom_js":"","_kad_blocks_footer_custom_js":"","_kad_post_transparent":"default","_kad_post_title":"","_kad_post_layout":"default","_kad_post_sidebar_id":"","_kad_post_content_style":"default","_kad_post_vertical_padding":"default","_kad_post_feature":"","_kad_post_feature_position":"","_kad_post_header":false,"_kad_post_footer":false,"_kad_post_classname":""},"product_brand":[1304],"product_cat":[15,1489],"product_tag":[],"class_list":{"0":"post-108473","1":"product","2":"type-product","3":"status-publish","4":"has-post-thumbnail","6":"product_brand-joma","7":"product_cat-bez-kategorii","8":"product_cat-pozostale-reprezentacje-europa","9":"pa_homeawaythird-home","10":"pa_rozmiar-s","12":"first","13":"instock","14":"taxable","15":"shipping-taxable","16":"purchasable","17":"product-type-simple","18":"entry","19":"content-bg","20":"loop-entry"},"taxonomy_info":{"product_brand":[{"value":1304,"label":"Joma"}],"product_cat":[{"value":15,"label":"Bez kategorii"},{"value":1489,"label":"Pozosta\u0142e"}],"pa_homeawaythird":[{"value":1597,"label":"Home"}],"pa_rozmiar":[{"value":1815,"label":"S"}]},"featured_image_src_large":["https:\/\/footballthrift.shop\/wp-content\/uploads\/2025\/10\/Photoroom_012_20251024_115734-1024x1024.png",1024,1024,true],"author_info":[],"comment_info":"","_links":{"self":[{"href":"https:\/\/footballthrift.shop\/en\/wp-json\/wp\/v2\/product\/108473","targetHints":{"allow":["GET"]}}],"collection":[{"href":"https:\/\/footballthrift.shop\/en\/wp-json\/wp\/v2\/product"}],"about":[{"href":"https:\/\/footballthrift.shop\/en\/wp-json\/wp\/v2\/types\/product"}],"wp:featuredmedia":[{"embeddable":true,"href":"https:\/\/footballthrift.shop\/en\/wp-json\/wp\/v2\/media\/108636"}],"wp:attachment":[{"href":"https:\/\/footballthrift.shop\/en\/wp-json\/wp\/v2\/media?parent=108473"}],"wp:term":[{"taxonomy":"product_brand","embeddable":true,"href":"https:\/\/footballthrift.shop\/en\/wp-json\/wp\/v2\/product_brand?post=108473"},{"taxonomy":"product_cat","embeddable":true,"href":"https:\/\/footballthrift.shop\/en\/wp-json\/wp\/v2\/product_cat?post=108473"},{"taxonomy":"product_tag","embeddable":true,"href":"https:\/\/footballthrift.shop\/en\/wp-json\/wp\/v2\/product_tag?post=108473"}],"curies":[{"name":"wp","href":"https:\/\/api.w.org\/{rel}","templated":true}]}}