{"id":101253,"date":"2025-08-31T17:32:54","date_gmt":"2025-08-31T15:32:54","guid":{"rendered":"https:\/\/footballthrift.shop\/?post_type=product&#038;p=101253"},"modified":"2026-03-09T11:27:06","modified_gmt":"2026-03-09T10:27:06","slug":"football-shirt-scotland-2022-24-home-164-cm","status":"publish","type":"product","link":"https:\/\/footballthrift.shop\/en\/koszulka-pilkarska-szkocja-2022-24-home-164-cm\/","title":{"rendered":"Koszulka pi\u0142karska Szkocja 2022\/24 Home [164 cm]"},"content":{"rendered":"<p><strong>Team:<\/strong> Scotland<\/p>\n<p><strong>Season:<\/strong> 2022\/24 Home<\/p>\n<p><strong>Size: <\/strong>164 cm<\/p>\n<p><strong>Condition:<\/strong> Excellent<\/p>\n<p><strong>Dimensions (underarm width\/length) in cm: <\/strong>46\/60<\/p>","protected":false},"excerpt":{"rendered":"<p data-start=\"0\" data-end=\"94\"><strong data-start=\"0\" data-end=\"92\">Scotland's original 2022-2024 national football team jersey - manufactured by Adidas.<\/strong><\/p>\n<p data-start=\"96\" data-end=\"590\">This <strong data-start=\"99\" data-end=\"167\">original Scotland national team home jersey from 2022-2024<\/strong>produced by <strong data-start=\"189\" data-end=\"200\">Adidas<\/strong>is a youthful version for growth <strong data-start=\"234\" data-end=\"244\">164 cm<\/strong>. The model is maintained in the classic Scottish staff <strong data-start=\"300\" data-end=\"322\">navy blue<\/strong>which has been enhanced with unique details - <strong data-start=\"369\" data-end=\"421\">purple Adidas stripes on shoulders and sleeves<\/strong> and subtle <strong data-start=\"436\" data-end=\"461\">Scottish check motif<\/strong> on the neck and sleeve ends. These elements give the T-shirt a unique character, combining tradition with contemporary style.<\/p>\n<p data-start=\"592\" data-end=\"954\">On the chest are: <strong data-start=\"616\" data-end=\"636\">Scottish FA crest<\/strong>, logo <strong data-start=\"643\" data-end=\"654\">Adidas<\/strong> and the manufacturer's mark of authenticity, underlining the official nature of the model. The T-shirt is made using <strong data-start=\"774\" data-end=\"794\">Adidas AEROREADY<\/strong>, which guarantees <strong data-start=\"820\" data-end=\"855\">light, airy and comfortable<\/strong>, ideally suited both on the pitch and in everyday use by young fans.<\/p>\n<p data-start=\"956\" data-end=\"1329\">Period <strong data-start=\"962\" data-end=\"975\">2022-2024<\/strong> is when the Scottish national team competed in the <strong data-start=\"1031\" data-end=\"1060\">qualification for Euro 2024<\/strong> and managed to secure promotion to the tournament in Germany. The key figures of the team led by <strong data-start=\"1165\" data-end=\"1185\">Steve Clarke<\/strong> were, among others. <strong data-start=\"1197\" data-end=\"1267\">Andrew Robertson, Scott McTominay, John McGinn and Kieran Tierney<\/strong>who have played a huge part in the success of the national team.<\/p>\n<p data-start=\"1331\" data-end=\"1603\">This T-shirt is an excellent option for <strong data-start=\"1371\" data-end=\"1412\">young supporters of the Scottish national team<\/strong> and <strong data-start=\"1418\" data-end=\"1468\">collectors of original football attire<\/strong>who want to own an authentic model from the historic period in which the team won consecutive championship tournament appearances.<\/p>","protected":false},"featured_media":104753,"template":"","meta":{"_kad_blocks_custom_css":"","_kad_blocks_head_custom_js":"","_kad_blocks_body_custom_js":"","_kad_blocks_footer_custom_js":"","_kad_post_transparent":"default","_kad_post_title":"","_kad_post_layout":"default","_kad_post_sidebar_id":"","_kad_post_content_style":"default","_kad_post_vertical_padding":"default","_kad_post_feature":"","_kad_post_feature_position":"","_kad_post_header":false,"_kad_post_footer":false,"_kad_post_classname":""},"product_brand":[1283],"product_cat":[2017,1489],"product_tag":[],"class_list":{"0":"post-101253","1":"product","2":"type-product","3":"status-publish","4":"has-post-thumbnail","6":"product_brand-adidas","7":"product_cat-koszulki-mlodziezowe","8":"product_cat-pozostale-reprezentacje-europa","9":"pa_homeawaythird-home","10":"pa_rozmiar-164-cm","12":"first","13":"instock","14":"taxable","15":"shipping-taxable","16":"purchasable","17":"product-type-simple","18":"entry","19":"content-bg","20":"loop-entry"},"taxonomy_info":{"product_brand":[{"value":1283,"label":"Adidas"}],"product_cat":[{"value":2017,"label":"KOSZULKI M\u0141ODZIE\u017bOWE"},{"value":1489,"label":"Pozosta\u0142e"}],"pa_homeawaythird":[{"value":1597,"label":"Home"}],"pa_rozmiar":[{"value":2018,"label":"164 cm"}]},"featured_image_src_large":["https:\/\/footballthrift.shop\/wp-content\/uploads\/2025\/08\/Photoroom_018_20250829_122435-1024x1024.jpg",1024,1024,true],"author_info":[],"comment_info":"","_links":{"self":[{"href":"https:\/\/footballthrift.shop\/en\/wp-json\/wp\/v2\/product\/101253","targetHints":{"allow":["GET"]}}],"collection":[{"href":"https:\/\/footballthrift.shop\/en\/wp-json\/wp\/v2\/product"}],"about":[{"href":"https:\/\/footballthrift.shop\/en\/wp-json\/wp\/v2\/types\/product"}],"wp:featuredmedia":[{"embeddable":true,"href":"https:\/\/footballthrift.shop\/en\/wp-json\/wp\/v2\/media\/104753"}],"wp:attachment":[{"href":"https:\/\/footballthrift.shop\/en\/wp-json\/wp\/v2\/media?parent=101253"}],"wp:term":[{"taxonomy":"product_brand","embeddable":true,"href":"https:\/\/footballthrift.shop\/en\/wp-json\/wp\/v2\/product_brand?post=101253"},{"taxonomy":"product_cat","embeddable":true,"href":"https:\/\/footballthrift.shop\/en\/wp-json\/wp\/v2\/product_cat?post=101253"},{"taxonomy":"product_tag","embeddable":true,"href":"https:\/\/footballthrift.shop\/en\/wp-json\/wp\/v2\/product_tag?post=101253"}],"curies":[{"name":"wp","href":"https:\/\/api.w.org\/{rel}","templated":true}]}}