{"id":99227,"date":"2025-08-25T17:56:36","date_gmt":"2025-08-25T15:56:36","guid":{"rendered":"https:\/\/footballthrift.shop\/?post_type=product&#038;p=99227"},"modified":"2026-03-09T11:27:12","modified_gmt":"2026-03-09T10:27:12","slug":"bluza-klubowa-arsenal-fc-2012-13-s","status":"publish","type":"product","link":"https:\/\/footballthrift.shop\/de\/bluza-klubowa-arsenal-fc-2012-13-s\/","title":{"rendered":"Bluza klubowa Arsenal FC 2012\/13 [S]"},"content":{"rendered":"<p><strong>Verein:<\/strong> Arsenal FC<\/p>\n<p><strong>Saison:<\/strong> 2012\/13<\/p>\n<p><strong>Gr\u00f6\u00dfe: <\/strong>S<\/p>\n<p><strong>Zustand:<\/strong> Ausgezeichnet<\/p>\n<p><strong>Ma\u00dfe (Achselbreite\/L\u00e4nge) in cm: <\/strong>53\/68<\/p>","protected":false},"excerpt":{"rendered":"<p data-start=\"0\" data-end=\"76\"><strong data-start=\"0\" data-end=\"74\">Original Arsenal FC Club Sweatshirt aus der Saison 2012\/13 - hergestellt von Nike.<\/strong><\/p>\n<p data-start=\"78\" data-end=\"465\">Diese <strong data-start=\"81\" data-end=\"138\">Arsenal FC's original Club Sweatshirt aus der Saison 2012\/13<\/strong>hergestellt von <strong data-start=\"160\" data-end=\"168\">Nike<\/strong>ist ein stilvolles und funktionelles Modell in <strong data-start=\"204\" data-end=\"223\">schwarz<\/strong>Unverwechselbar <strong data-start=\"261\" data-end=\"315\">lila und roter Streifen entlang des Rei\u00dfverschlusses<\/strong>. Das minimalistische und doch moderne Design f\u00e4ngt den Charakter der Trainingskleidung der \"Gunners\" aus dem fr\u00fchen zweiten Jahrzehnt des 21. Jahrhunderts perfekt ein.<\/p>\n<p data-start=\"467\" data-end=\"827\">Auf der Brust befindet sich ein <strong data-start=\"490\" data-end=\"510\">Wappen des FC Arsenal<\/strong> und Logo <strong data-start=\"521\" data-end=\"529\">Nike<\/strong>und das Ganze ist aus hochwertigem, atmungsaktivem Material gefertigt, das f\u00fcr <strong data-start=\"633\" data-end=\"663\">Komfort, Bequemlichkeit und Langlebigkeit<\/strong> Ob f\u00fcr den Alltag oder das Training. Der Rei\u00dfverschluss erm\u00f6glicht eine bequeme Passform, w\u00e4hrend der schlichte Schnitt dem Sweatshirt einen vielseitigen Charakter verleiht.<\/p>\n<p data-start=\"829\" data-end=\"1226\">Saison <strong data-start=\"835\" data-end=\"846\">2012\/13<\/strong> war eine Zeit, in der Arsenal um einen Platz an der Spitze der Premier League k\u00e4mpfte - die Mannschaft von Ars\u00e8ne Wenger beendete die Saison auf dem <strong data-start=\"964\" data-end=\"978\">4. Platz<\/strong>Die Mannschaft konnte sich die Teilnahme an der Champions League sichern. Zu den Schl\u00fcsselrollen im Team geh\u00f6rten damals. <strong data-start=\"1071\" data-end=\"1134\">Santi Cazorla, Jack Wilshere, Theo Walcott oder Mikel Arteta<\/strong>und die Fans konnten sich am Ende des Spiels \u00fcber die R\u00fcckkehr der Gunners zu ihrer guten Form freuen.<\/p>\n<p data-start=\"1228\" data-end=\"1446\">Dieses Sweatshirt ist eine gute Wahl f\u00fcr <strong data-start=\"1263\" data-end=\"1281\">Arsenal-Fans<\/strong> und <strong data-start=\"1287\" data-end=\"1331\">Sammler von Vereinssportbekleidung<\/strong>die ein authentisches Kleidungsst\u00fcck besitzen m\u00f6chten, das mit der Mannschaft w\u00e4hrend einer der wichtigsten Spielzeiten der \u00c4ra Wenger verbunden ist.<\/p>","protected":false},"featured_media":99383,"template":"","meta":{"_kad_blocks_custom_css":"","_kad_blocks_head_custom_js":"","_kad_blocks_body_custom_js":"","_kad_blocks_footer_custom_js":"","_kad_post_transparent":"default","_kad_post_title":"","_kad_post_layout":"default","_kad_post_sidebar_id":"","_kad_post_content_style":"default","_kad_post_vertical_padding":"default","_kad_post_feature":"","_kad_post_feature_position":"","_kad_post_header":false,"_kad_post_footer":false,"_kad_post_classname":""},"product_brand":[1284],"product_cat":[1435,1423],"product_tag":[],"class_list":{"0":"post-99227","1":"product","2":"type-product","3":"status-publish","4":"has-post-thumbnail","6":"product_brand-nike","7":"product_cat-arsenal","8":"product_cat-kurtkibluzytrening","9":"pa_rozmiar-s","11":"first","12":"instock","13":"taxable","14":"shipping-taxable","15":"purchasable","16":"product-type-simple","17":"entry","18":"content-bg","19":"loop-entry"},"taxonomy_info":{"product_brand":[{"value":1284,"label":"Nike"}],"product_cat":[{"value":1435,"label":"Arsenal FC"},{"value":1423,"label":"Kurtki\/bluzy\/trening"}],"pa_rozmiar":[{"value":1815,"label":"S"}]},"featured_image_src_large":["https:\/\/footballthrift.shop\/wp-content\/uploads\/2025\/08\/Photoroom_040_20250825_124353-1024x1024.png",1024,1024,true],"author_info":[],"comment_info":"","_links":{"self":[{"href":"https:\/\/footballthrift.shop\/de\/wp-json\/wp\/v2\/product\/99227","targetHints":{"allow":["GET"]}}],"collection":[{"href":"https:\/\/footballthrift.shop\/de\/wp-json\/wp\/v2\/product"}],"about":[{"href":"https:\/\/footballthrift.shop\/de\/wp-json\/wp\/v2\/types\/product"}],"wp:featuredmedia":[{"embeddable":true,"href":"https:\/\/footballthrift.shop\/de\/wp-json\/wp\/v2\/media\/99383"}],"wp:attachment":[{"href":"https:\/\/footballthrift.shop\/de\/wp-json\/wp\/v2\/media?parent=99227"}],"wp:term":[{"taxonomy":"product_brand","embeddable":true,"href":"https:\/\/footballthrift.shop\/de\/wp-json\/wp\/v2\/product_brand?post=99227"},{"taxonomy":"product_cat","embeddable":true,"href":"https:\/\/footballthrift.shop\/de\/wp-json\/wp\/v2\/product_cat?post=99227"},{"taxonomy":"product_tag","embeddable":true,"href":"https:\/\/footballthrift.shop\/de\/wp-json\/wp\/v2\/product_tag?post=99227"}],"curies":[{"name":"wp","href":"https:\/\/api.w.org\/{rel}","templated":true}]}}