{"id":99204,"date":"2025-08-25T17:56:30","date_gmt":"2025-08-25T15:56:30","guid":{"rendered":"https:\/\/footballthrift.shop\/?post_type=product&#038;p=99204"},"modified":"2026-05-01T10:21:27","modified_gmt":"2026-05-01T08:21:27","slug":"fusballtrikot-liverpool-fc-2008-10-home-8-gerrard-m","status":"publish","type":"product","link":"https:\/\/footballthrift.shop\/de\/koszulka-pilkarska-liverpool-fc-2008-10-home-8-gerrard-m\/","title":{"rendered":"Koszulka pi\u0142karska Liverpool FC 2008\/10 Home 8 Gerrard [M]"},"content":{"rendered":"<p><strong>Verein:<\/strong> Liverpool FC<\/p>\n<p><strong>Saison:<\/strong> 2008\/10 Heim<\/p>\n<p><strong>Gr\u00f6\u00dfe: <\/strong>M<\/p>\n<p><strong>Zustand:<\/strong> Zufriedenstellend - zerrissener Kragen, ein paar Mikrostiche und eine leicht gerissene Nummer auf der R\u00fcckseite.<\/p>\n<p><strong>Ma\u00dfe (Achselbreite\/L\u00e4nge) in cm: <\/strong>54\/72(vorne), 76(hinten)<\/p>","protected":false},"excerpt":{"rendered":"<p data-start=\"0\" data-end=\"85\"><strong data-start=\"0\" data-end=\"83\">Original Liverpool FC Fu\u00dfballtrikot von 2008-2010 - hergestellt von Adidas.<\/strong><\/p>\n<p data-start=\"87\" data-end=\"480\">Diese <strong data-start=\"90\" data-end=\"149\">Original Liverpool FC Heimtrikot von 2008-2010<\/strong>hergestellt von <strong data-start=\"171\" data-end=\"182\">Adidas<\/strong>ist ein klassisches Modell in der traditionellen <strong data-start=\"218\" data-end=\"251\">in den roten Farben von \"The Reds\"<\/strong>die den Fans als Symbol f\u00fcr eine der aufregendsten Perioden der Vereinsgeschichte in Erinnerung geblieben ist. Das Exemplar tr\u00e4gt den offiziellen Aufdruck <strong data-start=\"400\" data-end=\"420\">Steven Gerrard<\/strong> auf dem R\u00fccken - der Kapit\u00e4n, die Legende und das Herz der Mannschaft von Anfield.<\/p>\n<p data-start=\"482\" data-end=\"960\">Das Hemd zeichnet sich durch seinen eleganten Schnitt mit zarter <strong data-start=\"535\" data-end=\"572\">Kragen mit goldenen Details<\/strong> und charakteristisch <strong data-start=\"598\" data-end=\"625\">wei\u00dfe Adidas-Streifen<\/strong> auf den Schultern. Auf der Vorderseite ist das Logo des Sponsors abgebildet <strong data-start=\"678\" data-end=\"691\">Carlsberg<\/strong>das Wappen von Liverpool und das Zeichen <strong data-start=\"719\" data-end=\"730\">Adidas<\/strong>die eine zeitlose Reihe von Elementen bilden, die mit dem Ende des ersten Jahrzehnts des 21. Jahrhunderts verbunden sind. Dieses Modell wurde hergestellt aus <strong data-start=\"864\" data-end=\"884\">Adidas ClimaCool<\/strong>die Spieler mit <strong data-start=\"910\" data-end=\"945\">leicht, luftig und komfortabel<\/strong> w\u00e4hrend des Spiels.<\/p>\n<p data-start=\"962\" data-end=\"1552\">Jahre <strong data-start=\"967\" data-end=\"980\">2008-2010<\/strong> ist ein Zeitraum, in dem Liverpool unter <strong data-start=\"1020\" data-end=\"1040\">Rafael Ben\u00edtez<\/strong> k\u00e4mpften um die h\u00f6chsten Ziele. W\u00e4hrend der Saison <strong data-start=\"1077\" data-end=\"1088\">2008\/09<\/strong> Team nahm <strong data-start=\"1104\" data-end=\"1135\">Platz 2 in der Premier League<\/strong>Die Mannschaft k\u00e4mpfte fast bis zur Schlussphase mit Manchester United um die Meisterschaft. Eine Schl\u00fcsselrolle spielten dabei die <strong data-start=\"1244\" data-end=\"1262\">Steven Gerrard<\/strong>der zusammen mit Fernando Torres eines der gef\u00e4hrlichsten Offensivduos in Europa bildete. Gerrard, Legende und Kapit\u00e4n der \"Reds\", ist seit Jahren ein Symbol f\u00fcr Kampf, Leidenschaft und Loyalit\u00e4t zum Verein. <strong data-start=\"1478\" data-end=\"1493\">700 Sitzungen<\/strong> und gewinnen <strong data-start=\"1507\" data-end=\"1549\">gro\u00dfe Troph\u00e4en, darunter die Champions League 2005<\/strong>.<\/p>\n<p data-start=\"1554\" data-end=\"1794\">Dieses T-Shirt ist ein einzigartiges Angebot f\u00fcr <strong data-start=\"1594\" data-end=\"1645\">Sammler von Original-Fu\u00dfballtrikots<\/strong> und <strong data-start=\"1651\" data-end=\"1671\">Liverpooler Fans<\/strong>die ein Andenken an die \u00c4ra Gerrard besitzen wollen - eine Ikone, deren Name auf der R\u00fcckseite dieses Modell absolut einzigartig macht.<\/p>","protected":false},"featured_media":99461,"template":"","meta":{"_kad_blocks_custom_css":"","_kad_blocks_head_custom_js":"","_kad_blocks_body_custom_js":"","_kad_blocks_footer_custom_js":"","_kad_post_transparent":"default","_kad_post_title":"","_kad_post_layout":"default","_kad_post_sidebar_id":"","_kad_post_content_style":"default","_kad_post_vertical_padding":"default","_kad_post_feature":"","_kad_post_feature_position":"","_kad_post_header":false,"_kad_post_footer":false,"_kad_post_classname":""},"product_brand":[1283],"product_cat":[1464],"product_tag":[],"class_list":{"0":"post-99204","1":"product","2":"type-product","3":"status-publish","4":"has-post-thumbnail","6":"product_brand-adidas","7":"product_cat-liverpool","8":"pa_homeawaythird-home","9":"pa_rozmiar-m","11":"first","12":"instock","13":"sale","14":"taxable","15":"shipping-taxable","16":"purchasable","17":"product-type-simple","18":"entry","19":"content-bg","20":"loop-entry"},"taxonomy_info":{"product_brand":[{"value":1283,"label":"Adidas"}],"product_cat":[{"value":1464,"label":"Liverpool FC"}],"pa_homeawaythird":[{"value":1597,"label":"Home"}],"pa_rozmiar":[{"value":1816,"label":"M"}]},"featured_image_src_large":["https:\/\/footballthrift.shop\/wp-content\/uploads\/2025\/08\/Photoroom_021_20250825_124353-1024x1024.png",1024,1024,true],"author_info":[],"comment_info":"","_links":{"self":[{"href":"https:\/\/footballthrift.shop\/de\/wp-json\/wp\/v2\/product\/99204","targetHints":{"allow":["GET"]}}],"collection":[{"href":"https:\/\/footballthrift.shop\/de\/wp-json\/wp\/v2\/product"}],"about":[{"href":"https:\/\/footballthrift.shop\/de\/wp-json\/wp\/v2\/types\/product"}],"wp:featuredmedia":[{"embeddable":true,"href":"https:\/\/footballthrift.shop\/de\/wp-json\/wp\/v2\/media\/99461"}],"wp:attachment":[{"href":"https:\/\/footballthrift.shop\/de\/wp-json\/wp\/v2\/media?parent=99204"}],"wp:term":[{"taxonomy":"product_brand","embeddable":true,"href":"https:\/\/footballthrift.shop\/de\/wp-json\/wp\/v2\/product_brand?post=99204"},{"taxonomy":"product_cat","embeddable":true,"href":"https:\/\/footballthrift.shop\/de\/wp-json\/wp\/v2\/product_cat?post=99204"},{"taxonomy":"product_tag","embeddable":true,"href":"https:\/\/footballthrift.shop\/de\/wp-json\/wp\/v2\/product_tag?post=99204"}],"curies":[{"name":"wp","href":"https:\/\/api.w.org\/{rel}","templated":true}]}}