{"id":99202,"date":"2025-08-25T17:56:32","date_gmt":"2025-08-25T15:56:32","guid":{"rendered":"https:\/\/footballthrift.shop\/?post_type=product&#038;p=99202"},"modified":"2026-05-01T10:21:27","modified_gmt":"2026-05-01T08:21:27","slug":"koszulka-pilkarska-liverpool-fc-2006-08-home-19-babel-xl","status":"publish","type":"product","link":"https:\/\/footballthrift.shop\/de\/koszulka-pilkarska-liverpool-fc-2006-08-home-19-babel-xl\/","title":{"rendered":"Koszulka pi\u0142karska Liverpool FC 2006\/08 Home 19 Babel [XL]"},"content":{"rendered":"<p><strong>Verein:<\/strong> Liverpool FC<\/p>\n<p><strong>Saison:<\/strong> 2006\/08 Zuhause<\/p>\n<p><strong>Gr\u00f6\u00dfe: <\/strong>XL<\/p>\n<p><strong>Zustand:<\/strong> Sehr gut - leicht gerissener Sponsoraufdruck auf der Vorderseite und Nummer auf der R\u00fcckseite und Gr\u00f6\u00dfenaufkleber abgerieben.<\/p>\n<p><strong>Ma\u00dfe (Achselbreite\/L\u00e4nge) in cm: <\/strong>59\/77 (vorne), 83 (hinten)<\/p>","protected":false},"excerpt":{"rendered":"<p data-start=\"0\" data-end=\"85\"><strong data-start=\"0\" data-end=\"83\">Original Liverpool FC Fu\u00dfballtrikot von 2006-2008 - hergestellt von Adidas.<\/strong><\/p>\n<p data-start=\"87\" data-end=\"682\">Diese <strong data-start=\"90\" data-end=\"149\">Original Liverpool FC Heimtrikot von 2006-2008<\/strong>hergestellt von <strong data-start=\"171\" data-end=\"182\">Adidas<\/strong>ist ein klassisches Modell in der traditionellen <strong data-start=\"218\" data-end=\"251\">in den roten Farben von \"The Reds\"<\/strong>erg\u00e4nzt durch dezente wei\u00dfe Details. Die Vorderseite zeigt das Logo des Sponsors <strong data-start=\"328\" data-end=\"341\">Carlsberg<\/strong>Der elegante Schnitt mit dem feinen Kragen und den charakteristischen Adidas-Streifen an den Schultern zeichnet das Trikot aus. Das Exemplar ist mit dem offiziellen Ligadruck versehen <strong data-start=\"538\" data-end=\"554\">Ry\u00e1n Babel<\/strong> auf dem R\u00fccken - ein niederl\u00e4ndischer Fl\u00fcgelst\u00fcrmer, der seinerzeit als eines der gr\u00f6\u00dften Talente der jungen Generation galt.<\/p>\n<p data-start=\"684\" data-end=\"944\">Das T-Shirt wird hergestellt aus <strong data-start=\"724\" data-end=\"744\">Adidas ClimaCool<\/strong>die den Spielern garantierte <strong data-start=\"773\" data-end=\"822\">Komfort, Atmungsaktivit\u00e4t und Feuchtigkeitstransport<\/strong> w\u00e4hrend des Spiels. Seine solide Verarbeitung und sein zeitloses Design machen ihn auch heute noch bei Sammlern beliebt.<\/p>\n<p data-start=\"946\" data-end=\"1452\">In Jahren <strong data-start=\"955\" data-end=\"968\">2006-2008<\/strong> Liverpool angef\u00fchrt von <strong data-start=\"996\" data-end=\"1016\">Rafael Ben\u00edtez<\/strong> Er hat an vielen Fronten gek\u00e4mpft - in der Premier League, im FA-Cup und auch in der Champions League, wo er 2007 in Athen bis ins Finale vorstie\u00df. <strong data-start=\"1159\" data-end=\"1173\">Ryan Babel<\/strong>der 2007 von Ajaks Amsterdam zum Verein kam, wurde schnell zu einem wichtigen Bestandteil der Offensivlinie des Teams. In seiner ersten Saison spielte er \u00fcber <strong data-start=\"1323\" data-end=\"1337\">40 Sitzungen<\/strong>Er erzielte sowohl in der Liga als auch im Europapokal wichtige Tore und beeindruckte durch seine Schnelligkeit und seine Dribblings.<\/p>\n<p data-start=\"1454\" data-end=\"1675\">Dieses T-Shirt ist eine gute Wahl f\u00fcr <strong data-start=\"1492\" data-end=\"1543\">Sammler von Original-Fu\u00dfballtrikots<\/strong> und <strong data-start=\"1549\" data-end=\"1569\">Liverpooler Fans<\/strong>die ein authentisches Erinnerungsst\u00fcck an die \u00c4ra Rafael Ben\u00edtez und die Spielzeit von Ryan Babel in Anfield besitzen m\u00f6chten.<\/p>","protected":false},"featured_media":99438,"template":"","meta":{"_kad_blocks_custom_css":"","_kad_blocks_head_custom_js":"","_kad_blocks_body_custom_js":"","_kad_blocks_footer_custom_js":"","_kad_post_transparent":"default","_kad_post_title":"","_kad_post_layout":"default","_kad_post_sidebar_id":"","_kad_post_content_style":"default","_kad_post_vertical_padding":"default","_kad_post_feature":"","_kad_post_feature_position":"","_kad_post_header":false,"_kad_post_footer":false,"_kad_post_classname":""},"product_brand":[1283],"product_cat":[1464],"product_tag":[],"class_list":{"0":"post-99202","1":"product","2":"type-product","3":"status-publish","4":"has-post-thumbnail","6":"product_brand-adidas","7":"product_cat-liverpool","8":"pa_homeawaythird-home","9":"pa_rozmiar-xl","11":"first","12":"instock","13":"sale","14":"taxable","15":"shipping-taxable","16":"purchasable","17":"product-type-simple","18":"entry","19":"content-bg","20":"loop-entry"},"taxonomy_info":{"product_brand":[{"value":1283,"label":"Adidas"}],"product_cat":[{"value":1464,"label":"Liverpool FC"}],"pa_homeawaythird":[{"value":1597,"label":"Home"}],"pa_rozmiar":[{"value":1818,"label":"XL"}]},"featured_image_src_large":["https:\/\/footballthrift.shop\/wp-content\/uploads\/2025\/08\/Photoroom_009_20250825_124353-1024x1024.png",1024,1024,true],"author_info":[],"comment_info":"","_links":{"self":[{"href":"https:\/\/footballthrift.shop\/de\/wp-json\/wp\/v2\/product\/99202","targetHints":{"allow":["GET"]}}],"collection":[{"href":"https:\/\/footballthrift.shop\/de\/wp-json\/wp\/v2\/product"}],"about":[{"href":"https:\/\/footballthrift.shop\/de\/wp-json\/wp\/v2\/types\/product"}],"wp:featuredmedia":[{"embeddable":true,"href":"https:\/\/footballthrift.shop\/de\/wp-json\/wp\/v2\/media\/99438"}],"wp:attachment":[{"href":"https:\/\/footballthrift.shop\/de\/wp-json\/wp\/v2\/media?parent=99202"}],"wp:term":[{"taxonomy":"product_brand","embeddable":true,"href":"https:\/\/footballthrift.shop\/de\/wp-json\/wp\/v2\/product_brand?post=99202"},{"taxonomy":"product_cat","embeddable":true,"href":"https:\/\/footballthrift.shop\/de\/wp-json\/wp\/v2\/product_cat?post=99202"},{"taxonomy":"product_tag","embeddable":true,"href":"https:\/\/footballthrift.shop\/de\/wp-json\/wp\/v2\/product_tag?post=99202"}],"curies":[{"name":"wp","href":"https:\/\/api.w.org\/{rel}","templated":true}]}}