{"id":99199,"date":"2025-08-25T17:56:34","date_gmt":"2025-08-25T15:56:34","guid":{"rendered":"https:\/\/footballthrift.shop\/?post_type=product&#038;p=99199"},"modified":"2026-05-01T10:21:26","modified_gmt":"2026-05-01T08:21:26","slug":"fusballtrikot-liverpool-fc-2002-04-home-3xl","status":"publish","type":"product","link":"https:\/\/footballthrift.shop\/de\/koszulka-pilkarska-liverpool-fc-2002-04-home-3xl\/","title":{"rendered":"Koszulka pi\u0142karska Liverpool FC 2002\/04 Home [3XL]"},"content":{"rendered":"<p><strong>Verein:<\/strong> Liverpool FC<\/p>\n<p><strong>Saison:<\/strong> 2002\/04 Heim<\/p>\n<p><strong>Gr\u00f6\u00dfe: <\/strong>3XL<\/p>\n<p><strong>Zustand:<\/strong> Ausgezeichnet<\/p>\n<p><strong>Ma\u00dfe (Achselbreite\/L\u00e4nge) in cm: <\/strong>68\/80<\/p>","protected":false},"excerpt":{"rendered":"<p data-start=\"0\" data-end=\"89\"><strong data-start=\"0\" data-end=\"87\">Original Liverpool FC Fu\u00dfballtrikot aus den Saisons 2002-2004 - hergestellt von Reebok.<\/strong><\/p>\n<p data-start=\"91\" data-end=\"537\">Diese <strong data-start=\"94\" data-end=\"157\">Original Liverpool FC Heimtrikot aus den Spielzeiten 2002-2004<\/strong>hergestellt von <strong data-start=\"179\" data-end=\"190\">Reebok<\/strong>ist ein klassisches Modell in der traditionellen <strong data-start=\"226\" data-end=\"259\">in den roten Farben von \"The Reds\"<\/strong>. Auf der Vorderseite befindet sich das markante, zentral platzierte Sponsorenlogo <strong data-start=\"341\" data-end=\"354\">Carlsberg<\/strong>das seit Jahren untrennbar mit dem Verein aus Anfield verbunden ist. Das Projekt wird erg\u00e4nzt durch <strong data-start=\"442\" data-end=\"458\">wei\u00dfe Details<\/strong> - Reebok-Logo auf der Vorderseite und das Liverpooler Wappen in der Mitte.<\/p>\n<p data-start=\"539\" data-end=\"736\">Das T-Shirt ist aus hochwertigen Sportmaterialien gefertigt und bietet <strong data-start=\"622\" data-end=\"656\">leicht, luftig und komfortabel<\/strong>und sein Schnitt spiegelt die \u00c4sthetik der Fu\u00dfballkleidung des fr\u00fchen 21. Jahrhunderts wider.<\/p>\n<p data-start=\"738\" data-end=\"1100\">In Jahren <strong data-start=\"747\" data-end=\"760\">2002-2004<\/strong> Liverpool spielte in der Premier League und im Europapokal unter der Leitung von <strong data-start=\"835\" data-end=\"856\">G\u00e9rard Houllier<\/strong>. Die Mannschaft von Anfield gewann damals <strong data-start=\"897\" data-end=\"919\">Ligapokal (2003)<\/strong>In der Mannschaft standen Spieler, die im Verein Geschichte geschrieben haben, darunter. <strong data-start=\"1002\" data-end=\"1097\">Steven Gerrard, Michael Owen, Sami Hyypi\u00e4, Dietmar Hamann, Jamie Carragher oder Emile Heskey<\/strong>.<\/p>\n<p data-start=\"1102\" data-end=\"1326\">Dieses T-Shirt ist eine gute Wahl f\u00fcr <strong data-start=\"1140\" data-end=\"1190\">Sammler von Original-Fu\u00dfballkleidern<\/strong> und <strong data-start=\"1196\" data-end=\"1216\">Liverpooler Fans<\/strong>die ein Andenken an das fr\u00fche 21. Jahrhundert, die Zeit vor den Champions-League-Triumphen von 2005, besitzen m\u00f6chten.<\/p>","protected":false},"featured_media":99411,"template":"","meta":{"_kad_blocks_custom_css":"","_kad_blocks_head_custom_js":"","_kad_blocks_body_custom_js":"","_kad_blocks_footer_custom_js":"","_kad_post_transparent":"default","_kad_post_title":"","_kad_post_layout":"default","_kad_post_sidebar_id":"","_kad_post_content_style":"default","_kad_post_vertical_padding":"default","_kad_post_feature":"","_kad_post_feature_position":"","_kad_post_header":false,"_kad_post_footer":false,"_kad_post_classname":""},"product_brand":[1286],"product_cat":[1464],"product_tag":[],"class_list":{"0":"post-99199","1":"product","2":"type-product","3":"status-publish","4":"has-post-thumbnail","6":"product_brand-reebok","7":"product_cat-liverpool","8":"pa_homeawaythird-home","9":"pa_rozmiar-3xl","11":"first","12":"instock","13":"sale","14":"taxable","15":"shipping-taxable","16":"purchasable","17":"product-type-simple","18":"entry","19":"content-bg","20":"loop-entry"},"taxonomy_info":{"product_brand":[{"value":1286,"label":"Reebok"}],"product_cat":[{"value":1464,"label":"Liverpool FC"}],"pa_homeawaythird":[{"value":1597,"label":"Home"}],"pa_rozmiar":[{"value":1943,"label":"3XL"}]},"featured_image_src_large":["https:\/\/footballthrift.shop\/wp-content\/uploads\/2025\/08\/Photoroom_002_20250825_124353-1024x1024.png",1024,1024,true],"author_info":[],"comment_info":"","_links":{"self":[{"href":"https:\/\/footballthrift.shop\/de\/wp-json\/wp\/v2\/product\/99199","targetHints":{"allow":["GET"]}}],"collection":[{"href":"https:\/\/footballthrift.shop\/de\/wp-json\/wp\/v2\/product"}],"about":[{"href":"https:\/\/footballthrift.shop\/de\/wp-json\/wp\/v2\/types\/product"}],"wp:featuredmedia":[{"embeddable":true,"href":"https:\/\/footballthrift.shop\/de\/wp-json\/wp\/v2\/media\/99411"}],"wp:attachment":[{"href":"https:\/\/footballthrift.shop\/de\/wp-json\/wp\/v2\/media?parent=99199"}],"wp:term":[{"taxonomy":"product_brand","embeddable":true,"href":"https:\/\/footballthrift.shop\/de\/wp-json\/wp\/v2\/product_brand?post=99199"},{"taxonomy":"product_cat","embeddable":true,"href":"https:\/\/footballthrift.shop\/de\/wp-json\/wp\/v2\/product_cat?post=99199"},{"taxonomy":"product_tag","embeddable":true,"href":"https:\/\/footballthrift.shop\/de\/wp-json\/wp\/v2\/product_tag?post=99199"}],"curies":[{"name":"wp","href":"https:\/\/api.w.org\/{rel}","templated":true}]}}