{"id":99196,"date":"2025-08-25T17:56:16","date_gmt":"2025-08-25T15:56:16","guid":{"rendered":"https:\/\/footballthrift.shop\/?post_type=product&#038;p=99196"},"modified":"2026-05-01T10:21:33","modified_gmt":"2026-05-01T08:21:33","slug":"fusball-trikot-liverpool-fc-2013-14-nach-hause-m","status":"publish","type":"product","link":"https:\/\/footballthrift.shop\/de\/koszulka-pilkarska-liverpool-fc-2013-14-home-m\/","title":{"rendered":"Koszulka pi\u0142karska Liverpool FC 2013\/14 Home [M]"},"content":{"rendered":"<p><strong>Verein:<\/strong> Liverpool FC<\/p>\n<p><strong>Saison:<\/strong> 2013\/14 Startseite<\/p>\n<p><strong>Gr\u00f6\u00dfe: <\/strong>M<\/p>\n<p><strong>Zustand:<\/strong> Gut - Leicht rissiger Sponsoraufdruck auf der Vorderseite und ein paar kleine Risse auf der Vorderseite, unten am Shirt.<\/p>\n<p><strong>Ma\u00dfe (Achselbreite\/L\u00e4nge) in cm: <\/strong>51\/73<\/p>","protected":false},"excerpt":{"rendered":"<p data-start=\"0\" data-end=\"86\"><strong data-start=\"0\" data-end=\"84\">Original Liverpool FC Fu\u00dfballtrikot aus der Saison 2013\/14 - hergestellt von Warrior.<\/strong><\/p>\n<p data-start=\"88\" data-end=\"599\">Diese <strong data-start=\"91\" data-end=\"151\">Das Original-Heimtrikot des FC Liverpool aus der Saison 2013\/14<\/strong>hergestellt von <strong data-start=\"173\" data-end=\"190\">die Marke Warrior<\/strong>ist ein klassisches Modell in der traditionellen <strong data-start=\"226\" data-end=\"259\">in den roten Farben von \"The Reds\"<\/strong>der als Symbol f\u00fcr eine der aufregendsten Spielzeiten in der \u00c4ra der Fu\u00dfballweltmeisterschaft in die Erinnerung der Fans eingegangen ist. <strong>Premier League.<\/strong> Das T-Shirt hat einen eleganten Schnitt mit wei\u00dfem Besatz am Kragen und an den Manschetten, w\u00e4hrend es auf der Vorderseite zu sehen ist: <strong data-start=\"497\" data-end=\"536\">Wappen des FC Liverpool in Gold<\/strong>, Logo <strong data-start=\"543\" data-end=\"554\">Warrior<\/strong> und das Zeichen des Sponsors <strong data-start=\"574\" data-end=\"596\">Standard Chartered<\/strong>.<\/p>\n<p data-start=\"601\" data-end=\"798\">Das Modell ist aus leichtem Material gefertigt und <strong data-start=\"658\" data-end=\"670\">War-Tech<\/strong>die Spieler mit <strong data-start=\"697\" data-end=\"746\">Komfort, Atmungsaktivit\u00e4t und Feuchtigkeitstransport<\/strong> sowohl beim intensiven Spiel als auch beim Training.<\/p>\n<p data-start=\"800\" data-end=\"1322\">Saison <strong data-start=\"806\" data-end=\"817\">2013\/14<\/strong> war ein \u00e4u\u00dferst denkw\u00fcrdiges Ereignis f\u00fcr Liverpool - ein Team, das von einem <strong data-start=\"883\" data-end=\"904\">Brendan Rodgers<\/strong> k\u00e4mpfte bis zur letzten Schlange um die englische Meisterschaft und gewann schlie\u00dflich den <strong data-start=\"978\" data-end=\"992\">2. Platz<\/strong> in der Premier League. Die Mannschaft beeindruckte mit ihrer offensiven Spielweise, und ihre gr\u00f6\u00dften Stars waren <strong data-start=\"1086\" data-end=\"1101\">Luis Su\u00e1rez<\/strong>der 31 Tore erzielte und Torsch\u00fctzenk\u00f6nig wurde, und <strong data-start=\"1158\" data-end=\"1212\">Steven Gerrard, Daniel Sturridge und Raheem Sterling<\/strong>. In diesem Trikot erlebte Liverpool die aufregende R\u00fcckkehr in den Titelkampf nach vielen Jahren der Abwesenheit.<\/p>\n<p data-start=\"1324\" data-end=\"1558\">Dieses T-Shirt ist ein einzigartiges Angebot f\u00fcr <strong data-start=\"1364\" data-end=\"1415\">Sammler von Original-Fu\u00dfballtrikots<\/strong> und die Gl\u00e4ubigen <strong data-start=\"1430\" data-end=\"1450\">Liverpooler Fans<\/strong>die ein Andenken an eine der aufregendsten Spielzeiten in der modernen Geschichte des Vereins besitzen m\u00f6chten.<\/p>","protected":false},"featured_media":99655,"template":"","meta":{"_kad_blocks_custom_css":"","_kad_blocks_head_custom_js":"","_kad_blocks_body_custom_js":"","_kad_blocks_footer_custom_js":"","_kad_post_transparent":"default","_kad_post_title":"","_kad_post_layout":"default","_kad_post_sidebar_id":"","_kad_post_content_style":"default","_kad_post_vertical_padding":"default","_kad_post_feature":"","_kad_post_feature_position":"","_kad_post_header":false,"_kad_post_footer":false,"_kad_post_classname":""},"product_brand":[1306],"product_cat":[1464],"product_tag":[],"class_list":{"0":"post-99196","1":"product","2":"type-product","3":"status-publish","4":"has-post-thumbnail","6":"product_brand-warrior","7":"product_cat-liverpool","8":"pa_homeawaythird-home","9":"pa_rozmiar-m","11":"first","12":"instock","13":"sale","14":"taxable","15":"shipping-taxable","16":"purchasable","17":"product-type-simple","18":"entry","19":"content-bg","20":"loop-entry"},"taxonomy_info":{"product_brand":[{"value":1306,"label":"Warrior"}],"product_cat":[{"value":1464,"label":"Liverpool FC"}],"pa_homeawaythird":[{"value":1597,"label":"Home"}],"pa_rozmiar":[{"value":1816,"label":"M"}]},"featured_image_src_large":["https:\/\/footballthrift.shop\/wp-content\/uploads\/2025\/08\/Photoroom_006_20250825_124353-1024x1024.png",1024,1024,true],"author_info":[],"comment_info":"","_links":{"self":[{"href":"https:\/\/footballthrift.shop\/de\/wp-json\/wp\/v2\/product\/99196","targetHints":{"allow":["GET"]}}],"collection":[{"href":"https:\/\/footballthrift.shop\/de\/wp-json\/wp\/v2\/product"}],"about":[{"href":"https:\/\/footballthrift.shop\/de\/wp-json\/wp\/v2\/types\/product"}],"wp:featuredmedia":[{"embeddable":true,"href":"https:\/\/footballthrift.shop\/de\/wp-json\/wp\/v2\/media\/99655"}],"wp:attachment":[{"href":"https:\/\/footballthrift.shop\/de\/wp-json\/wp\/v2\/media?parent=99196"}],"wp:term":[{"taxonomy":"product_brand","embeddable":true,"href":"https:\/\/footballthrift.shop\/de\/wp-json\/wp\/v2\/product_brand?post=99196"},{"taxonomy":"product_cat","embeddable":true,"href":"https:\/\/footballthrift.shop\/de\/wp-json\/wp\/v2\/product_cat?post=99196"},{"taxonomy":"product_tag","embeddable":true,"href":"https:\/\/footballthrift.shop\/de\/wp-json\/wp\/v2\/product_tag?post=99196"}],"curies":[{"name":"wp","href":"https:\/\/api.w.org\/{rel}","templated":true}]}}