{"id":99193,"date":"2025-08-25T17:56:18","date_gmt":"2025-08-25T15:56:18","guid":{"rendered":"https:\/\/footballthrift.shop\/?post_type=product&#038;p=99193"},"modified":"2026-03-09T11:27:16","modified_gmt":"2026-03-09T10:27:16","slug":"koszulka-treningowa-manchester-city-2018-19-s","status":"publish","type":"product","link":"https:\/\/footballthrift.shop\/de\/koszulka-treningowa-manchester-city-2018-19-s\/","title":{"rendered":"Koszulka treningowa Manchester City 2018\/19 [S]"},"content":{"rendered":"<p><strong>Verein:<\/strong> Manchester City<\/p>\n<p><strong>Saison:<\/strong> 2018\/19<\/p>\n<p><strong>Gr\u00f6\u00dfe: <\/strong>S<\/p>\n<p><strong>Zustand:<\/strong> Gut - leicht besch\u00e4digte Naht an der Unterseite.<\/p>\n<p><strong>Ma\u00dfe (Achselbreite\/L\u00e4nge) in cm: <\/strong>44\/70<\/p>","protected":false},"excerpt":{"rendered":"<p data-start=\"0\" data-end=\"87\"><strong data-start=\"0\" data-end=\"85\">Das Original-Trainingsshirt von Manchester City aus der Saison 2018\/19 - hergestellt von Nike.<\/strong><\/p>\n<p data-start=\"89\" data-end=\"513\">Diese <strong data-start=\"92\" data-end=\"159\">Das Original-Trainingstrikot von Manchester City aus der Saison 2018\/19<\/strong>hergestellt von <strong data-start=\"181\" data-end=\"189\">Nike<\/strong>ist ein modernes Modell in der <strong data-start=\"223\" data-end=\"242\">schwarz<\/strong>gebrochen durch Kontrastierung <strong data-start=\"272\" data-end=\"305\">gelbe Eins\u00e4tze an den \u00c4rmeln<\/strong>. Das Projekt wird erg\u00e4nzt durch <strong data-start=\"325\" data-end=\"344\">gelbes Nike-Logo<\/strong> auf Br\u00fcste, die in Kombination mit <strong data-start=\"377\" data-end=\"404\">Das Wappen von Manchester City<\/strong> schafft ein stilvolles und minimalistisches Design, das sich perfekt in die \u00c4sthetik der Trainingskollektion des Vereins einf\u00fcgt.<\/p>\n<p data-start=\"515\" data-end=\"848\">Das T-Shirt wird hergestellt aus <strong data-start=\"555\" data-end=\"571\">Nike Dri-FIT<\/strong>die den Spielern folgende M\u00f6glichkeiten bietet <strong data-start=\"598\" data-end=\"647\">atmungsaktiv, leicht und feuchtigkeitstransportierend<\/strong> w\u00e4hrend der Vorbereitung auf die Spiele. Mit seinem flexiblen und bequemen Material war er sowohl f\u00fcr intensive Trainingseinheiten als auch f\u00fcr den t\u00e4glichen Gebrauch durch die Fans des Vereins perfekt geeignet.<\/p>\n<p data-start=\"850\" data-end=\"1323\">Saison <strong data-start=\"856\" data-end=\"867\">2018\/19<\/strong> ist als einer der besten in der Geschichte von Manchester City in die Geschichte eingegangen. Die Mannschaft <strong data-start=\"952\" data-end=\"971\">Pep Guardiola<\/strong> hat sich f\u00fcr die nationale <strong data-start=\"992\" data-end=\"1011\">dreifacher Triumph<\/strong> - durch Gewinnen <strong data-start=\"1025\" data-end=\"1075\">Premier League, FA Cup und Ligapokal<\/strong>Das war ein beispielloser Erfolg in der Geschichte des englischen Fu\u00dfballs. Zu den Schl\u00fcsselfiguren der Mannschaft geh\u00f6rten damals. <strong data-start=\"1197\" data-end=\"1278\">Sergio Ag\u00fcero, Raheem Sterling, Bernardo Silva, Kevin De Bruyne und David Silva<\/strong>die die Grundlage f\u00fcr die Dominanz von City bildeten.<\/p>\n<p data-start=\"1325\" data-end=\"1573\">Dieses T-Shirt ist eine gute Wahl f\u00fcr <strong data-start=\"1363\" data-end=\"1415\">Sammler von originalen Trainingsshirts<\/strong> und die Gl\u00e4ubigen <strong data-start=\"1430\" data-end=\"1456\">Fans von Manchester City<\/strong>die ein Andenken an die Saison besitzen m\u00f6chten, in der der Verein in die englische Fu\u00dfballgeschichte einging.<\/p>","protected":false},"featured_media":99626,"template":"","meta":{"_kad_blocks_custom_css":"","_kad_blocks_head_custom_js":"","_kad_blocks_body_custom_js":"","_kad_blocks_footer_custom_js":"","_kad_post_transparent":"default","_kad_post_title":"","_kad_post_layout":"default","_kad_post_sidebar_id":"","_kad_post_content_style":"default","_kad_post_vertical_padding":"default","_kad_post_feature":"","_kad_post_feature_position":"","_kad_post_header":false,"_kad_post_footer":false,"_kad_post_classname":""},"product_brand":[1284],"product_cat":[1470,1423],"product_tag":[],"class_list":{"0":"post-99193","1":"product","2":"type-product","3":"status-publish","4":"has-post-thumbnail","6":"product_brand-nike","7":"product_cat-manchester-city","8":"product_cat-kurtkibluzytrening","9":"pa_rozmiar-s","11":"first","12":"instock","13":"taxable","14":"shipping-taxable","15":"purchasable","16":"product-type-simple","17":"entry","18":"content-bg","19":"loop-entry"},"taxonomy_info":{"product_brand":[{"value":1284,"label":"Nike"}],"product_cat":[{"value":1470,"label":"Manchester City"},{"value":1423,"label":"Kurtki\/bluzy\/trening"}],"pa_rozmiar":[{"value":1815,"label":"S"}]},"featured_image_src_large":["https:\/\/footballthrift.shop\/wp-content\/uploads\/2025\/08\/Photoroom_052_20250825_124353-1024x1024.png",1024,1024,true],"author_info":[],"comment_info":"","_links":{"self":[{"href":"https:\/\/footballthrift.shop\/de\/wp-json\/wp\/v2\/product\/99193","targetHints":{"allow":["GET"]}}],"collection":[{"href":"https:\/\/footballthrift.shop\/de\/wp-json\/wp\/v2\/product"}],"about":[{"href":"https:\/\/footballthrift.shop\/de\/wp-json\/wp\/v2\/types\/product"}],"wp:featuredmedia":[{"embeddable":true,"href":"https:\/\/footballthrift.shop\/de\/wp-json\/wp\/v2\/media\/99626"}],"wp:attachment":[{"href":"https:\/\/footballthrift.shop\/de\/wp-json\/wp\/v2\/media?parent=99193"}],"wp:term":[{"taxonomy":"product_brand","embeddable":true,"href":"https:\/\/footballthrift.shop\/de\/wp-json\/wp\/v2\/product_brand?post=99193"},{"taxonomy":"product_cat","embeddable":true,"href":"https:\/\/footballthrift.shop\/de\/wp-json\/wp\/v2\/product_cat?post=99193"},{"taxonomy":"product_tag","embeddable":true,"href":"https:\/\/footballthrift.shop\/de\/wp-json\/wp\/v2\/product_tag?post=99193"}],"curies":[{"name":"wp","href":"https:\/\/api.w.org\/{rel}","templated":true}]}}