{"id":99185,"date":"2025-08-25T17:56:23","date_gmt":"2025-08-25T15:56:23","guid":{"rendered":"https:\/\/footballthrift.shop\/?post_type=product&#038;p=99185"},"modified":"2026-04-21T11:35:42","modified_gmt":"2026-04-21T09:35:42","slug":"koszulka-pilkarska-match-issue-oldham-athletic-afc-1998-00-home-3-holt-xl","status":"publish","type":"product","link":"https:\/\/footballthrift.shop\/de\/koszulka-pilkarska-match-issue-oldham-athletic-afc-1998-00-home-3-holt-xl\/","title":{"rendered":"Koszulka pi\u0142karska MATCH ISSUE Oldham Athletic AFC 1998\/00 Home 3 Holt [XL]"},"content":{"rendered":"<p><strong>Verein:<\/strong> Oldham Athletic AFC<\/p>\n<p><strong>Saison:<\/strong> 1998\/00 Heimat<\/p>\n<p><strong>Gr\u00f6\u00dfe: <\/strong>XL<\/p>\n<p><strong>Zustand:<\/strong> Sehr gut - Mikron\u00e4hte auf der Vorderseite und leicht gerissener Druck auf der R\u00fcckseite.<\/p>\n<p><strong>Ma\u00dfe (Achselbreite\/L\u00e4nge) in cm: <\/strong>62\/74(vorne), 80(hinten)<\/p>","protected":false},"excerpt":{"rendered":"<p><strong>Original Oldham Athletic AFC Heimtrikot von 1998-2000 von Pony mit Andy Holt Aufdruck.\u00a0<\/strong><\/p>\n<p>Heimmodell <strong>Oldham Athletic AFC<\/strong> im Laufe der Jahre <strong>1998-2000<\/strong>hergestellt von <strong>Pony<\/strong> in XL-Gr\u00f6\u00dfe geht auf die Zeit zur\u00fcck, als der Verein in der Division Two spielte und sich nach schwierigen Spielzeiten zu stabilisieren suchte. Es war eine Zeit des Aufbaus einer Mannschaft, die auf der Solidit\u00e4t und dem Engagement basierte, die f\u00fcr die unteren englischen Ligen der sp\u00e4ten 1990er Jahre charakteristisch waren.<\/p>\n<p>Das T-Shirt wurde auf der klassischen blauen Basis hergestellt, einem Markenzeichen der <strong>Oldham Athletic AFC<\/strong>, mit f\u00fcr die Projekte charakteristischen Details <strong>Pony<\/strong> aus dieser Zeit. Auf der Vorderseite befinden sich das Vereinswappen, das Logo des Herstellers und der Aufdruck des Sponsors <strong>Schlummerland<\/strong>, Dadurch entsteht eine koh\u00e4rente und unverwechselbare Komposition. Dieses Modell verf\u00fcgt \u00fcber lange \u00c4rmel und Liga-Aufn\u00e4her auf den \u00c4rmeln, die den Spieltagscharakter unterstreichen.<\/p>\n<p>Auf der R\u00fcckseite befindet sich ein origineller Aufdruck. <strong>Andy Holt<\/strong>, ein solider Verteidiger, der seinerzeit regelm\u00e4\u00dfig die Farben der Nationalmannschaft vertrat. <strong>Oldham Athletic AFC<\/strong>. Er spielte haupts\u00e4chlich auf der linken Seite der Verteidigungslinie und wurde f\u00fcr seine F\u00e4higkeiten, seine Best\u00e4ndigkeit und seine Zuverl\u00e4ssigkeit im Abwehrspiel gesch\u00e4tzt.<\/p>\n<p>Das T-Shirt ist aus leichtem und atmungsaktivem Material gefertigt und der Schnitt in Gr\u00f6\u00dfe XL entspricht den Standards der <strong>Pony<\/strong>, und bietet die klassische Passform, die f\u00fcr die Designs der Marke charakteristisch ist.<\/p>\n<p>F\u00fcr Sammler und Fans, die ein originales Heimtrikot suchen <strong>Oldham Athletic AFC<\/strong> im Laufe der Jahre <strong>1998-2000<\/strong>, Der Bericht gibt einen klaren \u00dcberblick \u00fcber die Zeit des Wiederaufbaus und den Kampf des Vereins in der Division Two.<\/p>","protected":false},"featured_media":99559,"template":"","meta":{"_kad_blocks_custom_css":"","_kad_blocks_head_custom_js":"","_kad_blocks_body_custom_js":"","_kad_blocks_footer_custom_js":"","_kad_post_transparent":"default","_kad_post_title":"","_kad_post_layout":"default","_kad_post_sidebar_id":"","_kad_post_content_style":"default","_kad_post_vertical_padding":"default","_kad_post_feature":"","_kad_post_feature_position":"","_kad_post_header":false,"_kad_post_footer":false,"_kad_post_classname":""},"product_brand":[1320],"product_cat":[1485,1409],"product_tag":[],"class_list":{"0":"post-99185","1":"product","2":"type-product","3":"status-publish","4":"has-post-thumbnail","6":"product_brand-pony","7":"product_cat-pozostale-kluby-angielskie","8":"product_cat-match-worn-issue","9":"pa_homeawaythird-home","10":"pa_rozmiar-xl","12":"first","13":"instock","14":"taxable","15":"shipping-taxable","16":"purchasable","17":"product-type-simple","18":"entry","19":"content-bg","20":"loop-entry"},"taxonomy_info":{"product_brand":[{"value":1320,"label":"Pony"}],"product_cat":[{"value":1485,"label":"Pozosta\u0142e kluby angielskie"},{"value":1409,"label":"MATCH WORN &amp; ISSUE"}],"pa_homeawaythird":[{"value":1597,"label":"Home"}],"pa_rozmiar":[{"value":1818,"label":"XL"}]},"featured_image_src_large":["https:\/\/footballthrift.shop\/wp-content\/uploads\/2025\/08\/Photoroom_075_20250825_124353-1024x1024.png",1024,1024,true],"author_info":[],"comment_info":"","_links":{"self":[{"href":"https:\/\/footballthrift.shop\/de\/wp-json\/wp\/v2\/product\/99185","targetHints":{"allow":["GET"]}}],"collection":[{"href":"https:\/\/footballthrift.shop\/de\/wp-json\/wp\/v2\/product"}],"about":[{"href":"https:\/\/footballthrift.shop\/de\/wp-json\/wp\/v2\/types\/product"}],"wp:featuredmedia":[{"embeddable":true,"href":"https:\/\/footballthrift.shop\/de\/wp-json\/wp\/v2\/media\/99559"}],"wp:attachment":[{"href":"https:\/\/footballthrift.shop\/de\/wp-json\/wp\/v2\/media?parent=99185"}],"wp:term":[{"taxonomy":"product_brand","embeddable":true,"href":"https:\/\/footballthrift.shop\/de\/wp-json\/wp\/v2\/product_brand?post=99185"},{"taxonomy":"product_cat","embeddable":true,"href":"https:\/\/footballthrift.shop\/de\/wp-json\/wp\/v2\/product_cat?post=99185"},{"taxonomy":"product_tag","embeddable":true,"href":"https:\/\/footballthrift.shop\/de\/wp-json\/wp\/v2\/product_tag?post=99185"}],"curies":[{"name":"wp","href":"https:\/\/api.w.org\/{rel}","templated":true}]}}