{"id":99182,"date":"2025-08-25T17:56:26","date_gmt":"2025-08-25T15:56:26","guid":{"rendered":"https:\/\/footballthrift.shop\/?post_type=product&#038;p=99182"},"modified":"2026-03-09T11:27:14","modified_gmt":"2026-03-09T10:27:14","slug":"vor-spiel-trikot-tottenham-hotspur-fc-2017-18-s","status":"publish","type":"product","link":"https:\/\/footballthrift.shop\/de\/koszulka-pre-match-tottenham-hotspur-fc-2017-18-s\/","title":{"rendered":"Koszulka pre-match Tottenham Hotspur FC 2017\/18 [S]"},"content":{"rendered":"<p><strong>Verein:<\/strong> Tottenham Hotspur FC<\/p>\n<p><strong>Saison:<\/strong> 2017\/18<\/p>\n<p><strong>Gr\u00f6\u00dfe: <\/strong>S<\/p>\n<p><strong>Zustand:<\/strong> Sehr gut - die N\u00e4hte sind an zwei Stellen leicht eingerissen.<\/p>\n<p><strong>Ma\u00dfe (Achselbreite\/L\u00e4nge) in cm: <\/strong>46\/69<\/p>","protected":false},"excerpt":{"rendered":"<p data-start=\"0\" data-end=\"91\"><strong data-start=\"0\" data-end=\"89\">Tottenham Hotspur's original Pre-Match Trikot aus der Saison 2017\/18 - hergestellt von Nike.<\/strong><\/p>\n<p data-start=\"93\" data-end=\"557\">Diese <strong data-start=\"96\" data-end=\"168\">Tottenham Hotspurs Original-Trikot vor dem Spiel aus der Saison 2017\/18<\/strong>hergestellt von <strong data-start=\"190\" data-end=\"198\">Nike<\/strong>ist ein auff\u00e4lliges Modell im zeitgen\u00f6ssischen Stil in den Farbt\u00f6nen <strong data-start=\"263\" data-end=\"285\">Graut\u00f6ne und Marineblau<\/strong>. Die gesamte Oberfl\u00e4che des T-Shirts ist dekoriert mit <strong data-start=\"321\" data-end=\"343\">geometrische Muster<\/strong>die ihm einen dynamischen und einzigartigen Charakter verleihen. Er war Teil der offiziellen Trainingskollektion und wurde von den Spielern beim Aufw\u00e4rmen vor Spielen der Premier League und europ\u00e4ischen Wettbewerben verwendet.<\/p>\n<p data-start=\"559\" data-end=\"802\">Auf der Brust befindet sich ein <strong data-start=\"582\" data-end=\"609\">Das Wappen von Tottenham Hotspur<\/strong> und Logo <strong data-start=\"620\" data-end=\"628\">Nike<\/strong>und das Ganze ist aus leichtem Material in Technologie hergestellt <strong data-start=\"683\" data-end=\"699\">Nike Dri-FIT<\/strong>Bereitstellung von <strong data-start=\"715\" data-end=\"770\">Atmungsaktivit\u00e4t, Feuchtigkeitstransport und absoluter Komfort<\/strong> in Vorbereitung auf das Spiel.<\/p>\n<p data-start=\"804\" data-end=\"1189\">Saison <strong data-start=\"810\" data-end=\"821\">2017\/18<\/strong> war eine wichtige Etappe in der Geschichte Tottenhams - die Mannschaft <strong data-start=\"872\" data-end=\"895\">Mauricio Pochettino<\/strong> trugen ihre Heimspiele in Erwartung der Er\u00f6ffnung des neuen Stadions in Wembley aus. Die Spurs beendeten die Spiele im <strong data-start=\"1007\" data-end=\"1038\">Platz 3 in der Premier League<\/strong>Zu den f\u00fchrenden Pers\u00f6nlichkeiten des Teams geh\u00f6rten. <strong data-start=\"1082\" data-end=\"1142\">Harry Kane, Christian Eriksen, Dele Alli und Heung-min Son<\/strong>die die Offensivkraft der Mannschaft sind.<\/p>\n<p data-start=\"1191\" data-end=\"1419\">Dieses T-Shirt ist eine gute Wahl f\u00fcr <strong data-start=\"1224\" data-end=\"1275\">Sammler von Original-Fu\u00dfballtrikots<\/strong> und die Gl\u00e4ubigen <strong data-start=\"1290\" data-end=\"1310\">Tottenham-Fans<\/strong>die ein einzigartiges Kleidungsst\u00fcck aus der ersten Saison der Partnerschaft zwischen dem Verein und Nike besitzen m\u00f6chten.<\/p>","protected":false},"featured_media":99533,"template":"","meta":{"_kad_blocks_custom_css":"","_kad_blocks_head_custom_js":"","_kad_blocks_body_custom_js":"","_kad_blocks_footer_custom_js":"","_kad_post_transparent":"default","_kad_post_title":"","_kad_post_layout":"default","_kad_post_sidebar_id":"","_kad_post_content_style":"default","_kad_post_vertical_padding":"default","_kad_post_feature":"","_kad_post_feature_position":"","_kad_post_header":false,"_kad_post_footer":false,"_kad_post_classname":""},"product_brand":[1284],"product_cat":[1481,1423],"product_tag":[],"class_list":{"0":"post-99182","1":"product","2":"type-product","3":"status-publish","4":"has-post-thumbnail","6":"product_brand-nike","7":"product_cat-tottenham","8":"product_cat-kurtkibluzytrening","9":"pa_rozmiar-s","11":"first","12":"instock","13":"taxable","14":"shipping-taxable","15":"purchasable","16":"product-type-simple","17":"entry","18":"content-bg","19":"loop-entry"},"taxonomy_info":{"product_brand":[{"value":1284,"label":"Nike"}],"product_cat":[{"value":1481,"label":"Tottenham Hotspur FC"},{"value":1423,"label":"Kurtki\/bluzy\/trening"}],"pa_rozmiar":[{"value":1815,"label":"S"}]},"featured_image_src_large":["https:\/\/footballthrift.shop\/wp-content\/uploads\/2025\/08\/Photoroom_066_20250825_124353-1024x1024.png",1024,1024,true],"author_info":[],"comment_info":"","_links":{"self":[{"href":"https:\/\/footballthrift.shop\/de\/wp-json\/wp\/v2\/product\/99182","targetHints":{"allow":["GET"]}}],"collection":[{"href":"https:\/\/footballthrift.shop\/de\/wp-json\/wp\/v2\/product"}],"about":[{"href":"https:\/\/footballthrift.shop\/de\/wp-json\/wp\/v2\/types\/product"}],"wp:featuredmedia":[{"embeddable":true,"href":"https:\/\/footballthrift.shop\/de\/wp-json\/wp\/v2\/media\/99533"}],"wp:attachment":[{"href":"https:\/\/footballthrift.shop\/de\/wp-json\/wp\/v2\/media?parent=99182"}],"wp:term":[{"taxonomy":"product_brand","embeddable":true,"href":"https:\/\/footballthrift.shop\/de\/wp-json\/wp\/v2\/product_brand?post=99182"},{"taxonomy":"product_cat","embeddable":true,"href":"https:\/\/footballthrift.shop\/de\/wp-json\/wp\/v2\/product_cat?post=99182"},{"taxonomy":"product_tag","embeddable":true,"href":"https:\/\/footballthrift.shop\/de\/wp-json\/wp\/v2\/product_tag?post=99182"}],"curies":[{"name":"wp","href":"https:\/\/api.w.org\/{rel}","templated":true}]}}