{"id":99179,"date":"2025-08-25T17:56:28","date_gmt":"2025-08-25T15:56:28","guid":{"rendered":"https:\/\/footballthrift.shop\/?post_type=product&#038;p=99179"},"modified":"2026-03-09T11:27:13","modified_gmt":"2026-03-09T10:27:13","slug":"koszulka-pilkarska-wolverhampton-wanderers-2012-13-away-10-sako-m","status":"publish","type":"product","link":"https:\/\/footballthrift.shop\/de\/koszulka-pilkarska-wolverhampton-wanderers-2012-13-away-10-sako-m\/","title":{"rendered":"Koszulka pi\u0142karska Wolverhampton Wanderers 2012\/13 Away 10 Sako [M]"},"content":{"rendered":"<p><strong>Verein:<\/strong> Wolverhampton Wanderers<\/p>\n<p><strong>Saison:<\/strong> 2012\/13 Ausw\u00e4rts<\/p>\n<p><strong>Gr\u00f6\u00dfe: <\/strong>M<\/p>\n<p><strong>Zustand:<\/strong> Gut - verf\u00e4rbter Stoff am Kragen auf der Vorderseite und gerissene Ziffern auf der R\u00fcckseite.<\/p>\n<p><strong>Ma\u00dfe (Achselbreite\/L\u00e4nge) in cm: <\/strong>51\/71(vorne), 75(hinten)<\/p>","protected":false},"excerpt":{"rendered":"<p data-start=\"0\" data-end=\"96\"><strong data-start=\"0\" data-end=\"94\">Original Wolverhampton Wanderers Fu\u00dfballtrikot aus der Saison 2012\/13 - hergestellt von Burrda.<\/strong><\/p>\n<p data-start=\"98\" data-end=\"547\">Diese <strong data-start=\"101\" data-end=\"175\">Original Wolverhampton Wanderers Ausw\u00e4rtstrikot aus der Saison 2012\/13<\/strong>hergestellt von <strong data-start=\"197\" data-end=\"207\">Burrda<\/strong>ist ein bemerkenswertes Modell in <strong data-start=\"240\" data-end=\"262\">Marineblau<\/strong> mit kontrastierenden <strong data-start=\"279\" data-end=\"307\">orangefarbene Eins\u00e4tze<\/strong>die ihm ein dynamisches und modernes Aussehen verleihen. Das Exemplar hat den offiziellen Aufdruck <strong data-start=\"399\" data-end=\"418\">Bakary Sako<\/strong> auf dem R\u00fccken - ein Fl\u00fcgelspieler, der nach seinem Wechsel ins Molineux schnell zu einem der wichtigsten Spieler der Wolves wurde.<\/p>\n<p data-start=\"549\" data-end=\"879\">Die Vorderseite des T-Shirts zeigt <strong data-start=\"582\" data-end=\"614\">Wappen der Wolverhampton Wanderers<\/strong>, Logo <strong data-start=\"621\" data-end=\"631\">Gratuliere<\/strong> und das Zeichen des Sponsors <strong data-start=\"651\" data-end=\"666\">Sportingbet<\/strong>was seinen authentischen Charakter unterstreicht. Das aus hochwertigem, atmungsaktivem Material gefertigte Trikot bietet den Spielern ein <strong data-start=\"808\" data-end=\"836\">Komfort und Bewegungsfreiheit<\/strong> w\u00e4hrend intensiver Ligaspiele.<\/p>\n<p data-start=\"881\" data-end=\"1362\">Saison <strong data-start=\"887\" data-end=\"898\">2012\/13<\/strong> war ein schwieriges Jahr f\u00fcr die Wolves - nach dem Abstieg aus der Premier League k\u00e4mpfte der Verein in der <strong data-start=\"969\" data-end=\"985\">Meisterschaft<\/strong>aber leider konnte er sich nicht halten und beendete den Wettbewerb mit einem weiteren Abstieg. Nichtsdestotrotz erinnerten sich die Fans damals an die Brillanz des Neuzugangs - der <strong data-start=\"1127\" data-end=\"1146\">Bakary Sako<\/strong>der durch seine Schnelligkeit, seine Dribblings und seine gef\u00e4hrlichen Sch\u00fcsse aus der Mannschaft herausstach. Der Franzose erzielte im Laufe mehrerer Spielzeiten in den Farben der Wolves \u00fcber <strong data-start=\"1295\" data-end=\"1308\">30 Tore<\/strong>und wurde zu einem der Favoriten auf der Trib\u00fcne in Molineux.<\/p>\n<p data-start=\"1364\" data-end=\"1588\">Dieses T-Shirt ist ein einzigartiges Angebot f\u00fcr <strong data-start=\"1404\" data-end=\"1454\">Sammler von Original-Fu\u00dfballkleidern<\/strong> und die Gl\u00e4ubigen <strong data-start=\"1469\" data-end=\"1492\">Wolverhampton-Fans<\/strong>die ein Andenken an Bakary Sakos fr\u00fche Tage im Verein besitzen m\u00f6chten.<\/p>","protected":false},"featured_media":99507,"template":"","meta":{"_kad_blocks_custom_css":"","_kad_blocks_head_custom_js":"","_kad_blocks_body_custom_js":"","_kad_blocks_footer_custom_js":"","_kad_post_transparent":"default","_kad_post_title":"","_kad_post_layout":"default","_kad_post_sidebar_id":"","_kad_post_content_style":"default","_kad_post_vertical_padding":"default","_kad_post_feature":"","_kad_post_feature_position":"","_kad_post_header":false,"_kad_post_footer":false,"_kad_post_classname":""},"product_brand":[1299],"product_cat":[1485],"product_tag":[],"class_list":{"0":"post-99179","1":"product","2":"type-product","3":"status-publish","4":"has-post-thumbnail","6":"product_brand-burrda-sport","7":"product_cat-pozostale-kluby-angielskie","8":"pa_homeawaythird-away","9":"pa_rozmiar-m","11":"first","12":"instock","13":"taxable","14":"shipping-taxable","15":"purchasable","16":"product-type-simple","17":"entry","18":"content-bg","19":"loop-entry"},"taxonomy_info":{"product_brand":[{"value":1299,"label":"Burrda Sport"}],"product_cat":[{"value":1485,"label":"Pozosta\u0142e kluby angielskie"}],"pa_homeawaythird":[{"value":1598,"label":"Away"}],"pa_rozmiar":[{"value":1816,"label":"M"}]},"featured_image_src_large":["https:\/\/footballthrift.shop\/wp-content\/uploads\/2025\/08\/Photoroom_085_20250825_124353-1024x1024.png",1024,1024,true],"author_info":[],"comment_info":"","_links":{"self":[{"href":"https:\/\/footballthrift.shop\/de\/wp-json\/wp\/v2\/product\/99179","targetHints":{"allow":["GET"]}}],"collection":[{"href":"https:\/\/footballthrift.shop\/de\/wp-json\/wp\/v2\/product"}],"about":[{"href":"https:\/\/footballthrift.shop\/de\/wp-json\/wp\/v2\/types\/product"}],"wp:featuredmedia":[{"embeddable":true,"href":"https:\/\/footballthrift.shop\/de\/wp-json\/wp\/v2\/media\/99507"}],"wp:attachment":[{"href":"https:\/\/footballthrift.shop\/de\/wp-json\/wp\/v2\/media?parent=99179"}],"wp:term":[{"taxonomy":"product_brand","embeddable":true,"href":"https:\/\/footballthrift.shop\/de\/wp-json\/wp\/v2\/product_brand?post=99179"},{"taxonomy":"product_cat","embeddable":true,"href":"https:\/\/footballthrift.shop\/de\/wp-json\/wp\/v2\/product_cat?post=99179"},{"taxonomy":"product_tag","embeddable":true,"href":"https:\/\/footballthrift.shop\/de\/wp-json\/wp\/v2\/product_tag?post=99179"}],"curies":[{"name":"wp","href":"https:\/\/api.w.org\/{rel}","templated":true}]}}