{"id":95509,"date":"2025-08-17T17:56:48","date_gmt":"2025-08-17T15:56:48","guid":{"rendered":"https:\/\/footballthrift.shop\/?post_type=product&#038;p=95509"},"modified":"2026-03-09T11:27:17","modified_gmt":"2026-03-09T10:27:17","slug":"torwart-trikot-tottenham-hotspur-fc-2008-09-xxl","status":"publish","type":"product","link":"https:\/\/footballthrift.shop\/de\/koszulka-bramkarska-tottenham-hotspur-fc-2008-09-xxl\/","title":{"rendered":"Koszulka bramkarska Tottenham Hotspur FC 2008\/09 [XXL]"},"content":{"rendered":"<p><strong>Verein:<\/strong> Tottenham Hotspur FC<\/p>\n<p><strong>Saison:<\/strong> 2008\/09<\/p>\n<p><strong>Gr\u00f6\u00dfe: <\/strong>XXL<\/p>\n<p><strong>Zustand:<\/strong> Schlecht - eine betr\u00e4chtliche Anzahl von Stichen, von denen die meisten an den \u00c4rmelenden zu finden sind.<\/p>\n<p><strong>Ma\u00dfe (Achselbreite\/L\u00e4nge) in cm: <\/strong>63\/72<\/p>","protected":false},"excerpt":{"rendered":"<article class=\"text-token-text-primary w-full focus:outline-none scroll-mt-[calc(var(--header-height)+min(200px,max(70px,20svh)))]\" dir=\"auto\" tabindex=\"-1\" data-turn-id=\"request-6889f6f2-4b18-832f-a18d-67852bf3e672-2\" data-testid=\"conversation-turn-190\" data-scroll-anchor=\"true\" data-turn=\"assistant\">\n<div class=\"text-base my-auto mx-auto pb-10 [--thread-content-margin:--spacing(4)] @[37rem]:[--thread-content-margin:--spacing(6)] @[72rem]:[--thread-content-margin:--spacing(16)] px-(--thread-content-margin)\">\n<div class=\"[--thread-content-max-width:32rem] @[34rem]:[--thread-content-max-width:40rem] @[64rem]:[--thread-content-max-width:48rem] mx-auto max-w-(--thread-content-max-width) flex-1 group\/turn-messages focus-visible:outline-hidden relative flex w-full min-w-0 flex-col agent-turn\" tabindex=\"-1\">\n<div class=\"flex max-w-full flex-col grow\">\n<div class=\"min-h-8 text-message relative flex w-full flex-col items-end gap-2 text-start break-words whitespace-normal [.text-message+&amp;]:mt-5\" dir=\"auto\" data-message-author-role=\"assistant\" data-message-id=\"cd79c456-5cfe-44bd-ba19-318993cf0911\" data-message-model-slug=\"gpt-5\">\n<div class=\"flex w-full flex-col gap-1 empty:hidden first:pt-[3px]\">\n<div class=\"markdown prose dark:prose-invert w-full break-words light markdown-new-styling\">\n<p data-start=\"0\" data-end=\"90\"><strong data-start=\"0\" data-end=\"88\">Oryginalna bramkarska koszulka Tottenhamu Hotspur z sezonu 2008\/09 \u2013 produkcji Pumy.<\/strong><\/p>\n<p data-start=\"92\" data-end=\"501\">Ta <strong data-start=\"95\" data-end=\"165\">oryginalna bramkarska koszulka Tottenhamu Hotspur z sezonu 2008\/09<\/strong>, wyprodukowana przez <strong data-start=\"187\" data-end=\"195\">Pum\u0119<\/strong>, to oficjalny model noszony przez golkiper\u00f3w \u201eKogut\u00f3w\u201d w rozgrywkach Premier League oraz pucharach krajowych. Utrzymana w <strong data-start=\"318\" data-end=\"347\">wyrazistym \u017c\u00f3\u0142tym kolorze<\/strong>, koszulka wyr\u00f3\u017cnia si\u0119 nowoczesnym jak na tamte czasy krojem oraz dynamicznymi wstawkami w kontrastowych barwach, kt\u00f3re podkre\u015blaj\u0105 sportowy charakter.<\/p>\n<p data-start=\"503\" data-end=\"838\">Na piersi znajduje si\u0119 <strong data-start=\"526\" data-end=\"563\">herb Tottenhamu Hotspur<\/strong>, logo <strong data-start=\"570\" data-end=\"578\">Pumy<\/strong> oraz \u00f3wczesny sponsor g\u0142\u00f3wny <strong data-start=\"608\" data-end=\"623\">Mansion.com<\/strong>. Wykonana z lekkiego, oddychaj\u0105cego materia\u0142u technicznego, koszulka zapewnia <strong data-start=\"702\" data-end=\"770\">wysoki komfort, swobod\u0119 ruch\u00f3w i skuteczne odprowadzanie wilgoci<\/strong>, co czyni j\u0105 idealn\u0105 zar\u00f3wno do gry, jak i jako element kolekcji.<\/p>\n<p data-start=\"840\" data-end=\"1061\">Sezon 2008\/09 by\u0142 dla Tottenhamu czasem przebudowy \u2013 w bramce wyst\u0119powali m.in. <strong data-start=\"920\" data-end=\"938\">Heurelho Gomes<\/strong> oraz <strong data-start=\"944\" data-end=\"961\">C\u00e9sar S\u00e1nchez<\/strong>, a dru\u017cyna pod wodz\u0105 <strong data-start=\"983\" data-end=\"1006\">Harry\u2019ego Redknappa<\/strong> zako\u0144czy\u0142a rozgrywki w \u015brodku tabeli Premier League.<\/p>\n<p data-start=\"1063\" data-end=\"1242\" data-is-last-node=\"\" data-is-only-node=\"\">To model, kt\u00f3ry \u0142\u0105czy w sobie <strong data-start=\"1093\" data-end=\"1153\">funkcjonalno\u015b\u0107, efektown\u0105 kolorystyk\u0119 i klubow\u0105 histori\u0119<\/strong>. Idealny dla fan\u00f3w \u201eKogut\u00f3w\u201d i kolekcjoner\u00f3w oryginalnych koszulek bramkarskich z epoki.<\/p>\n<\/div>\n<\/div>\n<\/div>\n<\/div>\n<\/div>\n<\/div>\n<\/article>\n","protected":false},"featured_media":95572,"template":"","meta":{"_kad_blocks_custom_css":"","_kad_blocks_head_custom_js":"","_kad_blocks_body_custom_js":"","_kad_blocks_footer_custom_js":"","_kad_post_transparent":"default","_kad_post_title":"","_kad_post_layout":"default","_kad_post_sidebar_id":"","_kad_post_content_style":"default","_kad_post_vertical_padding":"default","_kad_post_feature":"","_kad_post_feature_position":"","_kad_post_header":false,"_kad_post_footer":false,"_kad_post_classname":""},"product_brand":[1287],"product_cat":[1481],"product_tag":[],"class_list":{"0":"post-95509","1":"product","2":"type-product","3":"status-publish","4":"has-post-thumbnail","6":"product_brand-puma","7":"product_cat-tottenham","8":"pa_rozmiar-xxl","10":"first","11":"instock","12":"taxable","13":"shipping-taxable","14":"purchasable","15":"product-type-simple","16":"entry","17":"content-bg","18":"loop-entry"},"taxonomy_info":{"product_brand":[{"value":1287,"label":"Puma"}],"product_cat":[{"value":1481,"label":"Tottenham Hotspur FC"}],"pa_rozmiar":[{"value":1819,"label":"XXL"}]},"featured_image_src_large":["https:\/\/footballthrift.shop\/wp-content\/uploads\/2025\/08\/Photoroom_086_20250815_123937-1024x1024.png",1024,1024,true],"author_info":[],"comment_info":"","_links":{"self":[{"href":"https:\/\/footballthrift.shop\/de\/wp-json\/wp\/v2\/product\/95509","targetHints":{"allow":["GET"]}}],"collection":[{"href":"https:\/\/footballthrift.shop\/de\/wp-json\/wp\/v2\/product"}],"about":[{"href":"https:\/\/footballthrift.shop\/de\/wp-json\/wp\/v2\/types\/product"}],"wp:featuredmedia":[{"embeddable":true,"href":"https:\/\/footballthrift.shop\/de\/wp-json\/wp\/v2\/media\/95572"}],"wp:attachment":[{"href":"https:\/\/footballthrift.shop\/de\/wp-json\/wp\/v2\/media?parent=95509"}],"wp:term":[{"taxonomy":"product_brand","embeddable":true,"href":"https:\/\/footballthrift.shop\/de\/wp-json\/wp\/v2\/product_brand?post=95509"},{"taxonomy":"product_cat","embeddable":true,"href":"https:\/\/footballthrift.shop\/de\/wp-json\/wp\/v2\/product_cat?post=95509"},{"taxonomy":"product_tag","embeddable":true,"href":"https:\/\/footballthrift.shop\/de\/wp-json\/wp\/v2\/product_tag?post=95509"}],"curies":[{"name":"wp","href":"https:\/\/api.w.org\/{rel}","templated":true}]}}