{"id":95496,"date":"2025-08-17T17:56:32","date_gmt":"2025-08-17T15:56:32","guid":{"rendered":"https:\/\/footballthrift.shop\/?post_type=product&#038;p=95496"},"modified":"2026-05-01T10:21:37","modified_gmt":"2026-05-01T08:21:37","slug":"fusballtrikot-liverpool-fc-2012-13-dritte-31-sterling-s","status":"publish","type":"product","link":"https:\/\/footballthrift.shop\/de\/koszulka-pilkarska-liverpool-fc-2012-13-third-31-sterling-s\/","title":{"rendered":"Koszulka pi\u0142karska Liverpool FC 2012\/13 Third 31 Sterling [S]"},"content":{"rendered":"<p><strong>Verein:<\/strong> Liverpool FC<\/p>\n<p><strong>Saison:<\/strong> 2012\/13 Dritter<\/p>\n<p><strong>Gr\u00f6\u00dfe: <\/strong>S<\/p>\n<p><strong>Zustand:<\/strong> Gut - leicht gerissener Sponsoraufdruck auf der Vorderseite und Mikrofleck auf dem \u00c4rmel.<\/p>\n<p><strong>Ma\u00dfe (Achselbreite\/L\u00e4nge) in cm: <\/strong>50\/68<\/p>","protected":false},"excerpt":{"rendered":"<p data-start=\"0\" data-end=\"143\"><strong data-start=\"0\" data-end=\"141\">Das originale dritte Trikot des FC Liverpool aus der Saison 2012\/13 - hergestellt von Warrior, mit langen \u00c4rmeln und einem offiziellen Raheem Sterling-Aufdruck.<\/strong><\/p>\n<p data-start=\"145\" data-end=\"614\">Diese <strong data-start=\"148\" data-end=\"220\">das originale dritte Liverpool FC Fu\u00dfballtrikot aus der Saison 2012\/13<\/strong>hergestellt von der Marke <strong data-start=\"248\" data-end=\"259\">Warrior<\/strong>ist ein einzigartiges Modell mit <strong data-start=\"291\" data-end=\"309\">Langarm<\/strong>das nur selten den Weg in die H\u00e4nde von Sammlern findet. Das T-Shirt ist in einem unverwechselbaren, modernen Design, mit einem <strong data-start=\"425\" data-end=\"461\">schwarzer Sockel und graue Elemente<\/strong> und hervorragend <strong data-start=\"486\" data-end=\"513\">orangefarbene Details<\/strong>Das macht ihn zu einem der ungew\u00f6hnlichsten und gewagtesten Vorschl\u00e4ge in der Geschichte der Liverpooler Kost\u00fcme.<\/p>\n<p data-start=\"616\" data-end=\"962\">Auf der Vorderseite befindet sich <strong data-start=\"640\" data-end=\"654\">Vereinswappen<\/strong>Logo des Herstellers <strong data-start=\"672\" data-end=\"683\">Warrior<\/strong> und Hauptsponsor <strong data-start=\"704\" data-end=\"726\">Standard Chartered<\/strong>und das Ganze wird vervollst\u00e4ndigt durch <strong data-start=\"747\" data-end=\"815\">Offizieller Liga-Aufdruck mit Name und Nummer von Raheem Sterling<\/strong>. In dieser Saison kam der junge Fl\u00fcgelspieler endg\u00fcltig in die erste Mannschaft und wurde zu einem der gr\u00f6\u00dften Talente des englischen Fu\u00dfballs.<\/p>\n<p data-start=\"964\" data-end=\"1223\">Saison <strong>2012\/13<\/strong> war eine \u00dcbergangszeit f\u00fcr Liverpool unter der F\u00fchrung von <strong>Brendan Rodgers<\/strong>, a <strong data-start=\"1049\" data-end=\"1068\">Raheem Sterling<\/strong> seine ersten bedeutenden Auftritte, bei denen er die Geschwindigkeit, die Technik und das Potenzial zeigte, die ihn sp\u00e4ter zu einem der besten Spieler machten <strong>Erste Liga<\/strong>.<\/p>\n<p data-start=\"1225\" data-end=\"1408\" data-is-last-node=\"\" data-is-only-node=\"\">Es ist ein T-Shirt, das Folgendes kombiniert <strong data-start=\"1258\" data-end=\"1317\">Unverwechselbares Design, Authentizit\u00e4t und Fu\u00dfballgeschichte<\/strong>und bietet ein einzigartiges Sammlerst\u00fcck f\u00fcr Liverpool-Fans und Raheem Sterling-Anh\u00e4nger.<\/p>","protected":false},"featured_media":96536,"template":"","meta":{"_kad_blocks_custom_css":"","_kad_blocks_head_custom_js":"","_kad_blocks_body_custom_js":"","_kad_blocks_footer_custom_js":"","_kad_post_transparent":"default","_kad_post_title":"","_kad_post_layout":"default","_kad_post_sidebar_id":"","_kad_post_content_style":"default","_kad_post_vertical_padding":"default","_kad_post_feature":"","_kad_post_feature_position":"","_kad_post_header":false,"_kad_post_footer":false,"_kad_post_classname":""},"product_brand":[1306],"product_cat":[1464],"product_tag":[],"class_list":{"0":"post-95496","1":"product","2":"type-product","3":"status-publish","4":"has-post-thumbnail","6":"product_brand-warrior","7":"product_cat-liverpool","8":"pa_homeawaythird-third","9":"pa_rozmiar-s","11":"first","12":"instock","13":"sale","14":"taxable","15":"shipping-taxable","16":"purchasable","17":"product-type-simple","18":"entry","19":"content-bg","20":"loop-entry"},"taxonomy_info":{"product_brand":[{"value":1306,"label":"Warrior"}],"product_cat":[{"value":1464,"label":"Liverpool FC"}],"pa_homeawaythird":[{"value":1599,"label":"Third"}],"pa_rozmiar":[{"value":1815,"label":"S"}]},"featured_image_src_large":["https:\/\/footballthrift.shop\/wp-content\/uploads\/2025\/08\/Photoroom_015_20250815_123937-1024x1024.png",1024,1024,true],"author_info":[],"comment_info":"","_links":{"self":[{"href":"https:\/\/footballthrift.shop\/de\/wp-json\/wp\/v2\/product\/95496","targetHints":{"allow":["GET"]}}],"collection":[{"href":"https:\/\/footballthrift.shop\/de\/wp-json\/wp\/v2\/product"}],"about":[{"href":"https:\/\/footballthrift.shop\/de\/wp-json\/wp\/v2\/types\/product"}],"wp:featuredmedia":[{"embeddable":true,"href":"https:\/\/footballthrift.shop\/de\/wp-json\/wp\/v2\/media\/96536"}],"wp:attachment":[{"href":"https:\/\/footballthrift.shop\/de\/wp-json\/wp\/v2\/media?parent=95496"}],"wp:term":[{"taxonomy":"product_brand","embeddable":true,"href":"https:\/\/footballthrift.shop\/de\/wp-json\/wp\/v2\/product_brand?post=95496"},{"taxonomy":"product_cat","embeddable":true,"href":"https:\/\/footballthrift.shop\/de\/wp-json\/wp\/v2\/product_cat?post=95496"},{"taxonomy":"product_tag","embeddable":true,"href":"https:\/\/footballthrift.shop\/de\/wp-json\/wp\/v2\/product_tag?post=95496"}],"curies":[{"name":"wp","href":"https:\/\/api.w.org\/{rel}","templated":true}]}}