{"id":95491,"date":"2025-08-17T17:56:37","date_gmt":"2025-08-17T15:56:37","guid":{"rendered":"https:\/\/footballthrift.shop\/?post_type=product&#038;p=95491"},"modified":"2026-05-01T10:21:37","modified_gmt":"2026-05-01T08:21:37","slug":"fusballtrikot-liverpool-fc-2022-23-dritte-l","status":"publish","type":"product","link":"https:\/\/footballthrift.shop\/de\/koszulka-pilkarska-liverpool-fc-2022-23-third-l\/","title":{"rendered":"Koszulka pi\u0142karska Liverpool FC 2022\/23 Third [L]"},"content":{"rendered":"<p><strong>Verein:<\/strong> Liverpool FC<\/p>\n<p><strong>Saison:<\/strong> 2022\/23 Dritter<\/p>\n<p><strong>Gr\u00f6\u00dfe: <\/strong>L<\/p>\n<p><strong>Zustand:<\/strong> Schlecht - komplett besch\u00e4digter Sponsorenaufdruck auf dem \u00c4rmel, Verschmutzung am unteren Rand des Shirts auf der Vorderseite und zwei Mikrostiche auf der R\u00fcckseite.<\/p>\n<p><strong>Ma\u00dfe (Achselbreite\/L\u00e4nge) in cm: <\/strong>56\/73<\/p>","protected":false},"excerpt":{"rendered":"<p data-start=\"83\" data-end=\"505\">Diese <strong data-start=\"86\" data-end=\"155\">Liverpools originales drittes Fu\u00dfballtrikot aus der Saison 2022\/23<\/strong>hergestellt von <strong data-start=\"177\" data-end=\"185\">Nike<\/strong>wurde in einem dunklen <strong data-start=\"231\" data-end=\"251\">gr\u00fcne Farbe<\/strong>erg\u00e4nzt durch <strong data-start=\"266\" data-end=\"290\">orangefarbene Eins\u00e4tze<\/strong> am Kragen und an den Details. Ein k\u00fchner und moderner Vorschlag, der auf den Spielfeldern hervorsticht<strong> Champions League und Premier League<\/strong>und gleichzeitig einen perfekten Bezug zu den alternativen Clubfarben herstellen<strong> \"Die Roten\"<\/strong>.<\/p>\n<p data-start=\"507\" data-end=\"790\">Die Vorderseite zeigt <strong data-start=\"530\" data-end=\"551\">Wappen des FC Liverpool<\/strong>, Logo <strong data-start=\"558\" data-end=\"566\">Nike<\/strong> und Sponsor <strong data-start=\"581\" data-end=\"603\">Standard Chartered<\/strong>und ein Logo auf dem \u00c4rmel <strong data-start=\"636\" data-end=\"647\">Expedia<\/strong>. Das Trikot ist aus leichtem und atmungsaktivem Material gefertigt, das Komfort beim Spiel und im Alltag garantiert.<\/p>\n<p data-start=\"1039\" data-end=\"1190\" data-is-last-node=\"\" data-is-only-node=\"\">Es ist <strong data-start=\"1042\" data-end=\"1074\">stilvolles und funktionelles Modell<\/strong>Es ist eine gute Wahl f\u00fcr Liverpool-Fans und Sammler von Original-Fu\u00dfballtrikots gleicherma\u00dfen.<\/p>","protected":false},"featured_media":96225,"template":"","meta":{"_kad_blocks_custom_css":"","_kad_blocks_head_custom_js":"","_kad_blocks_body_custom_js":"","_kad_blocks_footer_custom_js":"","_kad_post_transparent":"default","_kad_post_title":"","_kad_post_layout":"default","_kad_post_sidebar_id":"","_kad_post_content_style":"default","_kad_post_vertical_padding":"default","_kad_post_feature":"","_kad_post_feature_position":"","_kad_post_header":false,"_kad_post_footer":false,"_kad_post_classname":""},"product_brand":[1284],"product_cat":[1464],"product_tag":[],"class_list":{"0":"post-95491","1":"product","2":"type-product","3":"status-publish","4":"has-post-thumbnail","6":"product_brand-nike","7":"product_cat-liverpool","8":"pa_homeawaythird-third","9":"pa_rozmiar-l","11":"first","12":"instock","13":"sale","14":"taxable","15":"shipping-taxable","16":"purchasable","17":"product-type-simple","18":"entry","19":"content-bg","20":"loop-entry"},"taxonomy_info":{"product_brand":[{"value":1284,"label":"Nike"}],"product_cat":[{"value":1464,"label":"Liverpool FC"}],"pa_homeawaythird":[{"value":1599,"label":"Third"}],"pa_rozmiar":[{"value":1817,"label":"L"}]},"featured_image_src_large":["https:\/\/footballthrift.shop\/wp-content\/uploads\/2025\/08\/Photoroom_042_20250815_123937-1024x1024.png",1024,1024,true],"author_info":[],"comment_info":"","_links":{"self":[{"href":"https:\/\/footballthrift.shop\/de\/wp-json\/wp\/v2\/product\/95491","targetHints":{"allow":["GET"]}}],"collection":[{"href":"https:\/\/footballthrift.shop\/de\/wp-json\/wp\/v2\/product"}],"about":[{"href":"https:\/\/footballthrift.shop\/de\/wp-json\/wp\/v2\/types\/product"}],"wp:featuredmedia":[{"embeddable":true,"href":"https:\/\/footballthrift.shop\/de\/wp-json\/wp\/v2\/media\/96225"}],"wp:attachment":[{"href":"https:\/\/footballthrift.shop\/de\/wp-json\/wp\/v2\/media?parent=95491"}],"wp:term":[{"taxonomy":"product_brand","embeddable":true,"href":"https:\/\/footballthrift.shop\/de\/wp-json\/wp\/v2\/product_brand?post=95491"},{"taxonomy":"product_cat","embeddable":true,"href":"https:\/\/footballthrift.shop\/de\/wp-json\/wp\/v2\/product_cat?post=95491"},{"taxonomy":"product_tag","embeddable":true,"href":"https:\/\/footballthrift.shop\/de\/wp-json\/wp\/v2\/product_tag?post=95491"}],"curies":[{"name":"wp","href":"https:\/\/api.w.org\/{rel}","templated":true}]}}