{"id":89461,"date":"2025-08-03T17:49:21","date_gmt":"2025-08-03T15:49:21","guid":{"rendered":"https:\/\/footballthrift.shop\/?post_type=product&#038;p=89461"},"modified":"2026-04-21T12:33:22","modified_gmt":"2026-04-21T10:33:22","slug":"koszulka-pilkarska-parma-ac-2007-08-away-32-ferronetti-l","status":"publish","type":"product","link":"https:\/\/footballthrift.shop\/de\/koszulka-pilkarska-parma-ac-2007-08-away-32-ferronetti-l\/","title":{"rendered":"Koszulka pi\u0142karska Parma Calcio 2007\/08 Away 32 Ferronetti [L]"},"content":{"rendered":"<p><strong>Verein:<\/strong> Parma Calcio<\/p>\n<p><strong>Saison:<\/strong> 2007\/08 Ausw\u00e4rts<\/p>\n<p><strong>Gr\u00f6\u00dfe: <\/strong>L<\/p>\n<p><strong>Zustand:<\/strong> Sehr gut - leicht besch\u00e4digter Herstelleraufkleber auf der Vorderseite am unteren Rand des Hemdes.<\/p>\n<p><strong>Ma\u00dfe (Achselbreite\/L\u00e4nge) in cm: <\/strong>52\/69<\/p>","protected":false},"excerpt":{"rendered":"<p data-start=\"0\" data-end=\"124\"><strong data-start=\"0\" data-end=\"122\">Oryginalna koszulka pi\u0142karska Parmy Calcio z sezonu 2007\/08 w wersji wyjazdowej produkcji Erre\u00e0.<\/strong><\/p>\n<p data-start=\"126\" data-end=\"558\">Diese <strong data-start=\"129\" data-end=\"178\">Original Parma Ausw\u00e4rts-Fu\u00dfballtrikot<\/strong> aus der Saison <strong data-start=\"188\" data-end=\"199\">2007\/08<\/strong> ist das offizielle Modell, das von der italienischen Marke <strong data-start=\"252\" data-end=\"261\">Erre\u00e0<\/strong>die damals der technische Sponsor des Vereins aus dem Stadio Ennio Tardini war. Das Trikot hat <strong data-start=\"361\" data-end=\"391\">Aufdruck von Ferronettis Namen<\/strong> und die Zahl <strong>32<\/strong> auf dem R\u00fccken, die an die Leistungen erinnern <strong data-start=\"439\" data-end=\"466\">Damiano Ferronetti<\/strong>ist ein talentierter italienischer Verteidiger, der in dieser Saison f\u00fcr Parma in der Serie A spielt.<\/p>\n<p data-start=\"560\" data-end=\"1051\">Das Modell ist in den typischen Farben der Ausw\u00e4rtstrikots von Parma gehalten -. <b>blau<\/b>\u00a0mit dem Merkmal <strong data-start=\"668\" data-end=\"687\">mit einem gelben Kreuz<\/strong> auf der Vorderseite, dem Markenzeichen des Vereins. Die Brust zeigt <strong data-start=\"762\" data-end=\"786\">Gesticktes Wappen von Parma <\/strong>und Logo <strong data-start=\"793\" data-end=\"802\">Errea. <\/strong>Der Schnitt ist tailliert und das technische Material sorgt f\u00fcr einen <strong data-start=\"951\" data-end=\"981\">Komfort und gute Bel\u00fcftung<\/strong>und entsprach damit dem damaligen Standard der Profifu\u00dfballbekleidung.<\/p>\n<p data-start=\"1053\" data-end=\"1441\">Saison <strong data-start=\"1059\" data-end=\"1070\">2007\/08<\/strong> war eine schwierige Zeit f\u00fcr Parma, denn der Verein k\u00e4mpfte um den Verbleib in der <strong data-start=\"1131\" data-end=\"1142\">Serie A<\/strong>und stieg trotz einer ehrgeizigen Einstellung und einer soliden Mannschaft in die Serie B ab. Das Trikot dieser Saison wurde jedoch zu einem Symbol f\u00fcr den Kampf und das Engagement der Spieler und die Loyalit\u00e4t der Fans, die die Mannschaft unabh\u00e4ngig von den Ergebnissen unterst\u00fctzten. Ferronetti, ein junger und k\u00e4mpferischer Verteidiger, spielte eine wichtige Rolle in der Defensive der Mannschaft.<\/p>\n<p data-start=\"1443\" data-end=\"1845\">Ein T-Shirt mit Ferronettis Namen darauf ist heute ein <strong data-start=\"1487\" data-end=\"1533\">seltenes und wertvolles Sammlerst\u00fcck<\/strong>Dieses Trikot ist besonders f\u00fcr Parma-Fans, Anh\u00e4nger des italienischen Fu\u00dfballs und all jene geeignet, die auf der Suche nach Original-Trikots mit historischem Hintergrund sind. Seine <strong data-start=\"1684\" data-end=\"1703\">einzigartiges Design<\/strong>, <strong data-start=\"1705\" data-end=\"1722\">Authentizit\u00e4t<\/strong> und die Verbindung zu einem Spieler und einem bestimmten Moment in der Geschichte des Vereins machen es zu einem einzigartigen St\u00fcck in jeder Fu\u00dfballsammlung.<\/p>\n<p data-start=\"1847\" data-end=\"2098\" data-is-last-node=\"\" data-is-only-node=\"\"><strong data-start=\"1847\" data-end=\"1901\">Stilvoll, klassisch und gef\u00fchlvoll<\/strong> \u2013 ta wyjazdowa koszulka\u00a0<strong>Parmy Calcio<\/strong> z sezonu 2007\/08 z nazwiskiem Ferronettiego to idealna pami\u0105tka dla ka\u017cdego, kto ceni <strong data-start=\"2018\" data-end=\"2034\">italienischer fu\u00dfball<\/strong>, <strong data-start=\"2036\" data-end=\"2056\">T-Shirts mit Seele<\/strong> und authentische St\u00fccke aus der Geschichte der Serie A.<\/p>","protected":false},"featured_media":90420,"template":"","meta":{"_kad_blocks_custom_css":"","_kad_blocks_head_custom_js":"","_kad_blocks_body_custom_js":"","_kad_blocks_footer_custom_js":"","_kad_post_transparent":"default","_kad_post_title":"","_kad_post_layout":"default","_kad_post_sidebar_id":"","_kad_post_content_style":"default","_kad_post_vertical_padding":"default","_kad_post_feature":"","_kad_post_feature_position":"","_kad_post_header":false,"_kad_post_footer":false,"_kad_post_classname":""},"product_brand":[1300],"product_cat":[1480],"product_tag":[],"class_list":{"0":"post-89461","1":"product","2":"type-product","3":"status-publish","4":"has-post-thumbnail","6":"product_brand-errea","7":"product_cat-pozostale-kluby-wloskie","8":"pa_homeawaythird-away","9":"pa_rozmiar-l","11":"first","12":"instock","13":"taxable","14":"shipping-taxable","15":"purchasable","16":"product-type-simple","17":"entry","18":"content-bg","19":"loop-entry"},"taxonomy_info":{"product_brand":[{"value":1300,"label":"Errea"}],"product_cat":[{"value":1480,"label":"Pozosta\u0142e kluby w\u0142oskie"}],"pa_homeawaythird":[{"value":1598,"label":"Away"}],"pa_rozmiar":[{"value":1817,"label":"L"}]},"featured_image_src_large":["https:\/\/footballthrift.shop\/wp-content\/uploads\/2025\/07\/Photoroom_039_20250801_191221-1024x1024.png",1024,1024,true],"author_info":[],"comment_info":"","_links":{"self":[{"href":"https:\/\/footballthrift.shop\/de\/wp-json\/wp\/v2\/product\/89461","targetHints":{"allow":["GET"]}}],"collection":[{"href":"https:\/\/footballthrift.shop\/de\/wp-json\/wp\/v2\/product"}],"about":[{"href":"https:\/\/footballthrift.shop\/de\/wp-json\/wp\/v2\/types\/product"}],"wp:featuredmedia":[{"embeddable":true,"href":"https:\/\/footballthrift.shop\/de\/wp-json\/wp\/v2\/media\/90420"}],"wp:attachment":[{"href":"https:\/\/footballthrift.shop\/de\/wp-json\/wp\/v2\/media?parent=89461"}],"wp:term":[{"taxonomy":"product_brand","embeddable":true,"href":"https:\/\/footballthrift.shop\/de\/wp-json\/wp\/v2\/product_brand?post=89461"},{"taxonomy":"product_cat","embeddable":true,"href":"https:\/\/footballthrift.shop\/de\/wp-json\/wp\/v2\/product_cat?post=89461"},{"taxonomy":"product_tag","embeddable":true,"href":"https:\/\/footballthrift.shop\/de\/wp-json\/wp\/v2\/product_tag?post=89461"}],"curies":[{"name":"wp","href":"https:\/\/api.w.org\/{rel}","templated":true}]}}