{"id":89446,"date":"2025-08-03T17:49:30","date_gmt":"2025-08-03T15:49:30","guid":{"rendered":"https:\/\/footballthrift.shop\/?post_type=product&#038;p=89446"},"modified":"2026-03-09T11:27:23","modified_gmt":"2026-03-09T10:27:23","slug":"fusballtrikot-brondby-wenn-2013-14-auswarts-8-szymanowski-m","status":"publish","type":"product","link":"https:\/\/footballthrift.shop\/de\/koszulka-pilkarska-brondby-if-2013-14-away-8-szymanowski-m\/","title":{"rendered":"Koszulka pi\u0142karska Brondby IF 2013\/14 Away 8 Szymanowski [M]"},"content":{"rendered":"<p><strong>Verein:<\/strong> Brondby IF<\/p>\n<p><strong>Saison:<\/strong> 2013\/14 Ausw\u00e4rts<\/p>\n<p><strong>Gr\u00f6\u00dfe: <\/strong>M<\/p>\n<p><strong>Zustand:<\/strong> Gut - der Druck auf der R\u00fcckseite ist gerissen und der Gr\u00f6\u00dfenaufkleber ist abgerieben.<\/p>\n<p><strong>Ma\u00dfe (Achselbreite\/L\u00e4nge) in cm: <\/strong>52\/67(vorne), 72(hinten)<\/p>","protected":false},"excerpt":{"rendered":"<article class=\"text-token-text-primary w-full focus:outline-none scroll-mt-[calc(var(--header-height)+min(200px,max(70px,20svh)))]\" dir=\"auto\" tabindex=\"-1\" data-testid=\"conversation-turn-22\" data-scroll-anchor=\"true\" data-turn=\"assistant\">\n<div class=\"text-base my-auto mx-auto pb-10 [--thread-content-margin:--spacing(4)] @[37rem]:[--thread-content-margin:--spacing(6)] @[72rem]:[--thread-content-margin:--spacing(16)] px-(--thread-content-margin)\">\n<div class=\"[--thread-content-max-width:32rem] @[34rem]:[--thread-content-max-width:40rem] @[64rem]:[--thread-content-max-width:48rem] mx-auto max-w-(--thread-content-max-width) flex-1 group\/turn-messages focus-visible:outline-hidden relative flex w-full min-w-0 flex-col agent-turn\" tabindex=\"-1\">\n<div class=\"flex max-w-full flex-col grow\">\n<div class=\"min-h-8 text-message relative flex w-full flex-col items-end gap-2 text-start break-words whitespace-normal [.text-message+&amp;]:mt-5\" dir=\"auto\" data-message-author-role=\"assistant\" data-message-id=\"ab0df497-8ee4-4a94-bee2-6ccbc747a3f9\" data-message-model-slug=\"gpt-4o\">\n<div class=\"flex w-full flex-col gap-1 empty:hidden first:pt-[3px]\">\n<div class=\"markdown prose dark:prose-invert w-full break-words light\">\n<p data-start=\"0\" data-end=\"127\"><strong data-start=\"0\" data-end=\"127\">Oryginalna koszulka pi\u0142karska Br\u00f8ndby IF z sezonu 2013\/14 w wersji wyjazdowej z d\u0142ugim r\u0119kawem i nadrukiem Alexandra Szymanowskiego.<\/strong><\/p>\n<article class=\"text-token-text-primary w-full focus:outline-none scroll-mt-[calc(var(--header-height)+min(200px,max(70px,20svh)))]\" dir=\"auto\" tabindex=\"-1\" data-testid=\"conversation-turn-22\" data-scroll-anchor=\"true\" data-turn=\"assistant\">\n<div class=\"text-base my-auto mx-auto pb-10 [--thread-content-margin:--spacing(4)] @[37rem]:[--thread-content-margin:--spacing(6)] @[72rem]:[--thread-content-margin:--spacing(16)] px-(--thread-content-margin)\">\n<div class=\"[--thread-content-max-width:32rem] @[34rem]:[--thread-content-max-width:40rem] @[64rem]:[--thread-content-max-width:48rem] mx-auto max-w-(--thread-content-max-width) flex-1 group\/turn-messages focus-visible:outline-hidden relative flex w-full min-w-0 flex-col agent-turn\" tabindex=\"-1\">\n<div class=\"flex max-w-full flex-col grow\">\n<div class=\"min-h-8 text-message relative flex w-full flex-col items-end gap-2 text-start break-words whitespace-normal [.text-message+&amp;]:mt-5\" dir=\"auto\" data-message-author-role=\"assistant\" data-message-id=\"ab0df497-8ee4-4a94-bee2-6ccbc747a3f9\" data-message-model-slug=\"gpt-4o\">\n<div class=\"flex w-full flex-col gap-1 empty:hidden first:pt-[3px]\">\n<div class=\"markdown prose dark:prose-invert w-full break-words light\">\n<p data-start=\"129\" data-end=\"552\">Ta <strong data-start=\"132\" data-end=\"186\">oryginalna wyjazdowa koszulka pi\u0142karska Br\u00f8ndby IF<\/strong> z sezonu <strong data-start=\"196\" data-end=\"207\">2013\/14<\/strong> to rzadki egzemplarz w wersji z <strong data-start=\"240\" data-end=\"258\">d\u0142ugim r\u0119kawem<\/strong>, wyprodukowany przez du\u0144sk\u0105 firm\u0119 <strong data-start=\"293\" data-end=\"303\">Hummel<\/strong>, kt\u00f3ra od lat wsp\u00f3\u0142tworzy wizerunek jednego z najbardziej utytu\u0142owanych klub\u00f3w w Danii. Model wyr\u00f3\u017cnia si\u0119 <strong data-start=\"411\" data-end=\"459\">oficjalnym nadrukiem<\/strong> argenty\u0144skiego pi\u0142karza polskiego pochodzenia\u00a0<strong>Alexandra<\/strong><strong data-start=\"411\" data-end=\"459\"> Szymanowskiego<\/strong> na plecach, co nadaje mu wyj\u0105tkowego, personalizowanego charakteru i warto\u015b\u0107 kolekcjonersk\u0105.<\/p>\n<p data-start=\"554\" data-end=\"1000\">Koszulka zosta\u0142a zaprojektowana w stylowej, ciemnej kolorystyce z charakterystycznymi <strong data-start=\"640\" data-end=\"660\">\u017c\u00f3\u0142tymi detalami<\/strong> \u2013 zgodnymi z identyfikacj\u0105 wizualn\u0105 Br\u00f8ndby IF. Na piersi znajduje si\u0119 <strong data-start=\"732\" data-end=\"756\">haftowany herb klubu<\/strong>, logo <strong>Hummel<\/strong>, a jest to wersja bez sponsora. D\u0142ugie r\u0119kawy zako\u0144czone s\u0105 \u015bci\u0105gaczami, co zapewnia wygod\u0119 i ochron\u0119 podczas ch\u0142odniejszych warunk\u00f3w.<\/p>\n<p data-start=\"1002\" data-end=\"1407\">Sezon <strong>2013\/14<\/strong> by\u0142 dla<strong> Br\u00f8ndby<\/strong> okresem odbudowy sportowej pozycji w du\u0144skiej Superlidze \u2013 klub zaj\u0105\u0142 czwarte miejsce, a zesp\u00f3\u0142 opiera\u0142 si\u0119 na mieszance m\u0142odych talent\u00f3w i do\u015bwiadczonych zawodnik\u00f3w. Koszulka z nazwiskiem <strong data-start=\"1221\" data-end=\"1239\">Szymanowskiego<\/strong>, argenty\u0144skiego pi\u0142karza, kt\u00f3ry reprezentowa\u0142 Br\u00f8ndby w tym okresie, to unikalna pami\u0105tka dla fan\u00f3w skandynawskiego futbolu.<\/p>\n<p data-start=\"1409\" data-end=\"1752\" data-is-last-node=\"\" data-is-only-node=\"\">To doskona\u0142y wyb\u00f3r dla <strong data-start=\"1432\" data-end=\"1449\">kolekcjoner\u00f3w<\/strong>, <strong data-start=\"1451\" data-end=\"1473\">kibic\u00f3w Br\u00f8ndby IF<\/strong>, a tak\u017ce fan\u00f3w koszulek pi\u0142karskich. <strong data-start=\"1517\" data-end=\"1531\">Oryginalna<\/strong>, <strong data-start=\"1533\" data-end=\"1567\">pe\u0142na autentycznego charakteru<\/strong>, i bardzo rzadko spotykana w wersji z d\u0142ugim r\u0119kawem \u2013 ta koszulka \u015bwietnie sprawdzi si\u0119 jako eksponat kolekcji lub unikatowy element stylizacji dla prawdziwego pasjonata futbolu.<\/p>\n<\/div>\n<\/div>\n<\/div>\n<\/div>\n<\/div>\n<\/div>\n<\/article>\n<\/div>\n<\/div>\n<\/div>\n<\/div>\n<\/div>\n<\/div>\n<\/article>\n","protected":false},"featured_media":90382,"template":"","meta":{"_kad_blocks_custom_css":"","_kad_blocks_head_custom_js":"","_kad_blocks_body_custom_js":"","_kad_blocks_footer_custom_js":"","_kad_post_transparent":"default","_kad_post_title":"","_kad_post_layout":"default","_kad_post_sidebar_id":"","_kad_post_content_style":"default","_kad_post_vertical_padding":"default","_kad_post_feature":"","_kad_post_feature_position":"","_kad_post_header":false,"_kad_post_footer":false,"_kad_post_classname":""},"product_brand":[1288],"product_cat":[1488],"product_tag":[],"class_list":{"0":"post-89446","1":"product","2":"type-product","3":"status-publish","4":"has-post-thumbnail","6":"product_brand-hummel","7":"product_cat-kluby-skandynawskie","8":"pa_homeawaythird-away","9":"pa_rozmiar-m","11":"first","12":"instock","13":"taxable","14":"shipping-taxable","15":"purchasable","16":"product-type-simple","17":"entry","18":"content-bg","19":"loop-entry"},"taxonomy_info":{"product_brand":[{"value":1288,"label":"Hummel"}],"product_cat":[{"value":1488,"label":"Skandynawia"}],"pa_homeawaythird":[{"value":1598,"label":"Away"}],"pa_rozmiar":[{"value":1816,"label":"M"}]},"featured_image_src_large":["https:\/\/footballthrift.shop\/wp-content\/uploads\/2025\/07\/Photoroom_023_20250801_191221-1024x1024.png",1024,1024,true],"author_info":[],"comment_info":"","_links":{"self":[{"href":"https:\/\/footballthrift.shop\/de\/wp-json\/wp\/v2\/product\/89446","targetHints":{"allow":["GET"]}}],"collection":[{"href":"https:\/\/footballthrift.shop\/de\/wp-json\/wp\/v2\/product"}],"about":[{"href":"https:\/\/footballthrift.shop\/de\/wp-json\/wp\/v2\/types\/product"}],"wp:featuredmedia":[{"embeddable":true,"href":"https:\/\/footballthrift.shop\/de\/wp-json\/wp\/v2\/media\/90382"}],"wp:attachment":[{"href":"https:\/\/footballthrift.shop\/de\/wp-json\/wp\/v2\/media?parent=89446"}],"wp:term":[{"taxonomy":"product_brand","embeddable":true,"href":"https:\/\/footballthrift.shop\/de\/wp-json\/wp\/v2\/product_brand?post=89446"},{"taxonomy":"product_cat","embeddable":true,"href":"https:\/\/footballthrift.shop\/de\/wp-json\/wp\/v2\/product_cat?post=89446"},{"taxonomy":"product_tag","embeddable":true,"href":"https:\/\/footballthrift.shop\/de\/wp-json\/wp\/v2\/product_tag?post=89446"}],"curies":[{"name":"wp","href":"https:\/\/api.w.org\/{rel}","templated":true}]}}