{"id":86683,"date":"2025-07-27T17:59:44","date_gmt":"2025-07-27T15:59:44","guid":{"rendered":"https:\/\/footballthrift.shop\/?post_type=product&#038;p=86683"},"modified":"2026-03-09T11:27:26","modified_gmt":"2026-03-09T10:27:26","slug":"koszulka-treningowa-wisla-krakow-2016-17-l","status":"publish","type":"product","link":"https:\/\/footballthrift.shop\/de\/koszulka-treningowa-wisla-krakow-2016-17-l\/","title":{"rendered":"Koszulka treningowa Wis\u0142a Krak\u00f3w 2016\/17 [L]"},"content":{"rendered":"<p><strong>Verein:<\/strong> Wis\u0142a Krak\u00f3w<\/p>\n<p><strong>Saison:<\/strong> 2016\/17<\/p>\n<p><strong>Gr\u00f6\u00dfe: <\/strong>L<\/p>\n<p><strong>Zustand:<\/strong> Zufriedenstellend - ziemlich viele Mikrostriche.<\/p>\n<p><strong>Ma\u00dfe (Achselbreite\/L\u00e4nge) in cm: <\/strong>55\/70<\/p>","protected":false},"excerpt":{"rendered":"<article class=\"text-token-text-primary w-full focus:outline-none [--shadow-height:45px] has-data-writing-block:pointer-events-none has-data-writing-block:-mt-(--shadow-height) has-data-writing-block:pt-(--shadow-height) [&amp;:has([data-writing-block])&gt;*]:pointer-events-auto [content-visibility:auto] supports-[content-visibility:auto]:[contain-intrinsic-size:auto_100lvh] scroll-mt-[calc(var(--header-height)+min(200px,max(70px,20svh)))]\" dir=\"auto\" tabindex=\"-1\" data-turn-id=\"request-68e7ba2f-f020-832b-8c95-839062483b95-8\" data-testid=\"conversation-turn-102\" data-scroll-anchor=\"true\" data-turn=\"assistant\">\n<div class=\"text-base my-auto mx-auto pb-10 [--thread-content-margin:--spacing(4)] thread-sm:[--thread-content-margin:--spacing(6)] thread-lg:[--thread-content-margin:--spacing(16)] px-(--thread-content-margin)\">\n<div class=\"[--thread-content-max-width:40rem] thread-lg:[--thread-content-max-width:48rem] mx-auto max-w-(--thread-content-max-width) flex-1 group\/turn-messages focus-visible:outline-hidden relative flex w-full min-w-0 flex-col agent-turn\" tabindex=\"-1\">\n<div class=\"flex max-w-full flex-col grow\">\n<div class=\"min-h-8 text-message relative flex w-full flex-col items-end gap-2 text-start break-words whitespace-normal [.text-message+&amp;]:mt-1\" dir=\"auto\" data-message-author-role=\"assistant\" data-message-id=\"5f191e81-da91-441f-9c05-b13f0af95e75\" data-message-model-slug=\"gpt-5\">\n<div class=\"flex w-full flex-col gap-1 empty:hidden first:pt-[1px]\">\n<div class=\"markdown prose dark:prose-invert w-full break-words light markdown-new-styling\">\n<p data-start=\"0\" data-end=\"97\"><strong data-start=\"0\" data-end=\"95\">Oryginalna treningowa koszulka pi\u0142karska Wis\u0142y Krak\u00f3w z sezonu 2016\/17 \u2013 produkcji Adidasa.\u00a0<\/strong><\/p>\n<p data-start=\"99\" data-end=\"461\">Model w rozmiarze L pochodzi z kolekcji przygotowanej przez <strong data-start=\"159\" data-end=\"170\">Adidasa<\/strong> dla <strong data-start=\"175\" data-end=\"191\">Wis\u0142y Krak\u00f3w<\/strong> i zosta\u0142 wykonany w zaawansowanej technologii <strong data-start=\"238\" data-end=\"249\">Adizero<\/strong>, stosowanej w meczowych wersjach koszulek pi\u0142karskich. Projekt ten doskonale \u0142\u0105czy funkcjonalno\u015b\u0107 z nowoczesnym, sportowym stylem, charakterystycznym dla klubowej odzie\u017cy treningowej z drugiej po\u0142owy lat 2010.<\/p>\n<p data-start=\"463\" data-end=\"808\">Koszulka utrzymana jest w <strong data-start=\"489\" data-end=\"516\">niebieskiej kolorystyce<\/strong>, prze\u0142amanej <strong data-start=\"530\" data-end=\"558\">czarnymi paskami Adidasa<\/strong> biegn\u0105cymi po bokach. Brak pask\u00f3w na ramionach nadaje jej czystszy, l\u017cejszy wygl\u0105d, podkre\u015blaj\u0105cy minimalistyczny charakter projektu. Na piersi znajduj\u0105 si\u0119 <strong data-start=\"716\" data-end=\"737\">herb Wis\u0142y Krak\u00f3w<\/strong> oraz <strong data-start=\"743\" data-end=\"759\">logo Adidasa<\/strong>, umieszczone w klasyczny, zr\u00f3wnowa\u017cony spos\u00f3b.<\/p>\n<p data-start=\"810\" data-end=\"1019\">Zastosowana technologia <strong data-start=\"834\" data-end=\"845\">Adizero<\/strong> zapewnia <strong data-start=\"855\" data-end=\"913\">maksymaln\u0105 lekko\u015b\u0107, przewiewno\u015b\u0107 i komfort u\u017cytkowania<\/strong>, dzi\u0119ki czemu koszulka idealnie sprawdza si\u0119 zar\u00f3wno podczas trening\u00f3w, jak i w codziennym u\u017cytkowaniu.<\/p>\n<p data-start=\"1021\" data-end=\"1249\" data-is-last-node=\"\" data-is-only-node=\"\">To znakomita propozycja dla <strong data-start=\"1049\" data-end=\"1071\">fan\u00f3w Wis\u0142y Krak\u00f3w<\/strong>, <strong data-start=\"1073\" data-end=\"1132\">kolekcjoner\u00f3w oryginalnych koszulek pi\u0142karskich Adidasa<\/strong> oraz mi\u0142o\u015bnik\u00f3w <strong data-start=\"1149\" data-end=\"1185\">profesjonalnej odzie\u017cy sportowej<\/strong>, \u0142\u0105cz\u0105cej wysok\u0105 funkcjonalno\u015b\u0107 z autentycznym klubowym stylem.<\/p>\n<\/div>\n<\/div>\n<\/div>\n<\/div>\n<\/div>\n<\/div>\n<\/article>\n","protected":false},"featured_media":87289,"template":"","meta":{"_kad_blocks_custom_css":"","_kad_blocks_head_custom_js":"","_kad_blocks_body_custom_js":"","_kad_blocks_footer_custom_js":"","_kad_post_transparent":"default","_kad_post_title":"","_kad_post_layout":"default","_kad_post_sidebar_id":"","_kad_post_content_style":"default","_kad_post_vertical_padding":"default","_kad_post_feature":"","_kad_post_feature_position":"","_kad_post_header":false,"_kad_post_footer":false,"_kad_post_classname":""},"product_brand":[1283],"product_cat":[1459,1423],"product_tag":[],"class_list":{"0":"post-86683","1":"product","2":"type-product","3":"status-publish","4":"has-post-thumbnail","6":"product_brand-adidas","7":"product_cat-wisla-krakow","8":"product_cat-kurtkibluzytrening","9":"pa_rozmiar-l","11":"first","12":"instock","13":"taxable","14":"shipping-taxable","15":"purchasable","16":"product-type-simple","17":"entry","18":"content-bg","19":"loop-entry"},"taxonomy_info":{"product_brand":[{"value":1283,"label":"Adidas"}],"product_cat":[{"value":1459,"label":"Wis\u0142a Krak\u00f3w"},{"value":1423,"label":"Kurtki\/bluzy\/trening"}],"pa_rozmiar":[{"value":1817,"label":"L"}]},"featured_image_src_large":["https:\/\/footballthrift.shop\/wp-content\/uploads\/2025\/07\/Photoroom_022_20250725_110144-1024x1024.png",1024,1024,true],"author_info":[],"comment_info":"","_links":{"self":[{"href":"https:\/\/footballthrift.shop\/de\/wp-json\/wp\/v2\/product\/86683","targetHints":{"allow":["GET"]}}],"collection":[{"href":"https:\/\/footballthrift.shop\/de\/wp-json\/wp\/v2\/product"}],"about":[{"href":"https:\/\/footballthrift.shop\/de\/wp-json\/wp\/v2\/types\/product"}],"wp:featuredmedia":[{"embeddable":true,"href":"https:\/\/footballthrift.shop\/de\/wp-json\/wp\/v2\/media\/87289"}],"wp:attachment":[{"href":"https:\/\/footballthrift.shop\/de\/wp-json\/wp\/v2\/media?parent=86683"}],"wp:term":[{"taxonomy":"product_brand","embeddable":true,"href":"https:\/\/footballthrift.shop\/de\/wp-json\/wp\/v2\/product_brand?post=86683"},{"taxonomy":"product_cat","embeddable":true,"href":"https:\/\/footballthrift.shop\/de\/wp-json\/wp\/v2\/product_cat?post=86683"},{"taxonomy":"product_tag","embeddable":true,"href":"https:\/\/footballthrift.shop\/de\/wp-json\/wp\/v2\/product_tag?post=86683"}],"curies":[{"name":"wp","href":"https:\/\/api.w.org\/{rel}","templated":true}]}}