{"id":86679,"date":"2025-07-27T17:59:40","date_gmt":"2025-07-27T15:59:40","guid":{"rendered":"https:\/\/footballthrift.shop\/?post_type=product&#038;p=86679"},"modified":"2026-03-09T11:27:58","modified_gmt":"2026-03-09T10:27:58","slug":"koszulka-treningowa-fc-barcelona-2011-12-s","status":"publish","type":"product","link":"https:\/\/footballthrift.shop\/de\/koszulka-treningowa-fc-barcelona-2011-12-s\/","title":{"rendered":"Koszulka treningowa FC Barcelona 2011\/12 [S]"},"content":{"rendered":"<p><strong>Verein: <\/strong>FC Barcelona<\/p>\n<p><strong>Saison:<\/strong> 2011\/12<\/p>\n<p><strong>Gr\u00f6\u00dfe: <\/strong>S<\/p>\n<p><strong>Zustand:<\/strong> Gut - ein paar kleine Einrisse, leichte Verschmutzungen auf der Vorderseite und lokal, leicht eingerissene N\u00e4hte.<\/p>\n<p><strong>Ma\u00dfe (Achselbreite\/L\u00e4nge) in cm: <\/strong>48\/73<\/p>","protected":false},"excerpt":{"rendered":"<article class=\"text-token-text-primary w-full focus:outline-none [--shadow-height:45px] has-data-writing-block:pointer-events-none has-data-writing-block:-mt-(--shadow-height) has-data-writing-block:pt-(--shadow-height) [&amp;:has([data-writing-block])&gt;*]:pointer-events-auto [content-visibility:auto] supports-[content-visibility:auto]:[contain-intrinsic-size:auto_100lvh] scroll-mt-[calc(var(--header-height)+min(200px,max(70px,20svh)))]\" dir=\"auto\" tabindex=\"-1\" data-turn-id=\"request-68e7ba2f-f020-832b-8c95-839062483b95-11\" data-testid=\"conversation-turn-108\" data-scroll-anchor=\"true\" data-turn=\"assistant\">\n<div class=\"text-base my-auto mx-auto pb-10 [--thread-content-margin:--spacing(4)] thread-sm:[--thread-content-margin:--spacing(6)] thread-lg:[--thread-content-margin:--spacing(16)] px-(--thread-content-margin)\">\n<div class=\"[--thread-content-max-width:40rem] thread-lg:[--thread-content-max-width:48rem] mx-auto max-w-(--thread-content-max-width) flex-1 group\/turn-messages focus-visible:outline-hidden relative flex w-full min-w-0 flex-col agent-turn\" tabindex=\"-1\">\n<div class=\"flex max-w-full flex-col grow\">\n<div class=\"min-h-8 text-message relative flex w-full flex-col items-end gap-2 text-start break-words whitespace-normal [.text-message+&amp;]:mt-1\" dir=\"auto\" data-message-author-role=\"assistant\" data-message-id=\"a9b5ab20-8390-4b0f-ae44-e5a0540d2b36\" data-message-model-slug=\"gpt-5\">\n<div class=\"flex w-full flex-col gap-1 empty:hidden first:pt-[1px]\">\n<div class=\"markdown prose dark:prose-invert w-full break-words light markdown-new-styling\">\n<p data-start=\"0\" data-end=\"94\"><strong data-start=\"0\" data-end=\"92\">Oryginalna treningowa koszulka pi\u0142karska FC Barcelony z sezonu 2011\/12 \u2013 produkcji Nike.\u00a0<\/strong><\/p>\n<p data-start=\"96\" data-end=\"459\">Model w rozmiarze S pochodzi z czas\u00f3w absolutnej dominacji <strong data-start=\"155\" data-end=\"171\">FC Barcelony<\/strong> pod wodz\u0105 <strong data-start=\"182\" data-end=\"200\">Pepa Guardioli<\/strong>, kiedy katalo\u0144ski klub zachwyca\u0142 \u015bwiat stylem \u201etiki-taka\u201d, a jego stroje tworzy\u0142y niepowtarzaln\u0105 to\u017csamo\u015b\u0107 dru\u017cyny. To w\u0142a\u015bnie w takich koszulkach treningowych przygotowywali si\u0119 do mecz\u00f3w legendarni zawodnicy \u2013 <strong data-start=\"413\" data-end=\"435\">Lionel Messi, Xavi<\/strong> i <strong data-start=\"438\" data-end=\"456\">Andr\u00e9s Iniesta<\/strong>.<\/p>\n<p data-start=\"461\" data-end=\"835\">Koszulka utrzymana jest w <strong data-start=\"487\" data-end=\"513\">turkusowej kolorystyce<\/strong>, uzupe\u0142nionej o <strong data-start=\"530\" data-end=\"558\">\u017c\u00f3\u0142ty, kontrastuj\u0105cy pas<\/strong>, kt\u00f3ry nadaje jej wyrazistego, nowoczesnego charakteru. Na piersi znajduje si\u0119 <strong data-start=\"638\" data-end=\"659\">herb FC Barcelony<\/strong> oraz <strong data-start=\"665\" data-end=\"678\">logo Nike<\/strong>, rozmieszczone w klasyczny, zr\u00f3wnowa\u017cony spos\u00f3b. Ca\u0142o\u015b\u0107 prezentuje si\u0119 dynamicznie i sportowo, idealnie wpisuj\u0105c si\u0119 w charakter dru\u017cyny z tamtego okresu.<\/p>\n<p data-start=\"837\" data-end=\"1037\">Wykonana w technologii <strong data-start=\"860\" data-end=\"871\">Dri-FIT<\/strong>, zapewnia <strong data-start=\"882\" data-end=\"954\">doskona\u0142\u0105 wentylacj\u0119, lekko\u015b\u0107 i komfort podczas aktywno\u015bci fizycznej<\/strong>, co czyni j\u0105 idealnym wyborem zar\u00f3wno na trening, jak i do codziennego noszenia.<\/p>\n<p data-start=\"1039\" data-end=\"1263\" data-is-last-node=\"\" data-is-only-node=\"\">To \u015bwietna propozycja dla <strong data-start=\"1065\" data-end=\"1084\">fan\u00f3w Barcelony<\/strong>, <strong data-start=\"1086\" data-end=\"1142\">kolekcjoner\u00f3w oryginalnych koszulek pi\u0142karskich Nike<\/strong> oraz mi\u0142o\u015bnik\u00f3w <strong data-start=\"1159\" data-end=\"1176\">ery Guardioli<\/strong>, kt\u00f3rzy ceni\u0105 po\u0142\u0105czenie sportowej funkcjonalno\u015bci z wyj\u0105tkowym, klubowym charakterem.<\/p>\n<\/div>\n<\/div>\n<\/div>\n<\/div>\n<\/div>\n<\/div>\n<\/article>\n","protected":false},"featured_media":87279,"template":"","meta":{"_kad_blocks_custom_css":"","_kad_blocks_head_custom_js":"","_kad_blocks_body_custom_js":"","_kad_blocks_footer_custom_js":"","_kad_post_transparent":"default","_kad_post_title":"","_kad_post_layout":"default","_kad_post_sidebar_id":"","_kad_post_content_style":"default","_kad_post_vertical_padding":"default","_kad_post_feature":"","_kad_post_feature_position":"","_kad_post_header":false,"_kad_post_footer":false,"_kad_post_classname":""},"product_brand":[1284],"product_cat":[1448,1423],"product_tag":[],"class_list":{"0":"post-86679","1":"product","2":"type-product","3":"status-publish","4":"has-post-thumbnail","6":"product_brand-nike","7":"product_cat-kluby-hiszpanskie-fcbarcelona","8":"product_cat-kurtkibluzytrening","9":"pa_rozmiar-s","11":"first","12":"instock","13":"taxable","14":"shipping-taxable","15":"purchasable","16":"product-type-simple","17":"entry","18":"content-bg","19":"loop-entry"},"taxonomy_info":{"product_brand":[{"value":1284,"label":"Nike"}],"product_cat":[{"value":1448,"label":"FC Barcelona"},{"value":1423,"label":"Kurtki\/bluzy\/trening"}],"pa_rozmiar":[{"value":1815,"label":"S"}]},"featured_image_src_large":["https:\/\/footballthrift.shop\/wp-content\/uploads\/2025\/07\/Photoroom_006_20250725_110144-1024x1024.png",1024,1024,true],"author_info":[],"comment_info":"","_links":{"self":[{"href":"https:\/\/footballthrift.shop\/de\/wp-json\/wp\/v2\/product\/86679","targetHints":{"allow":["GET"]}}],"collection":[{"href":"https:\/\/footballthrift.shop\/de\/wp-json\/wp\/v2\/product"}],"about":[{"href":"https:\/\/footballthrift.shop\/de\/wp-json\/wp\/v2\/types\/product"}],"wp:featuredmedia":[{"embeddable":true,"href":"https:\/\/footballthrift.shop\/de\/wp-json\/wp\/v2\/media\/87279"}],"wp:attachment":[{"href":"https:\/\/footballthrift.shop\/de\/wp-json\/wp\/v2\/media?parent=86679"}],"wp:term":[{"taxonomy":"product_brand","embeddable":true,"href":"https:\/\/footballthrift.shop\/de\/wp-json\/wp\/v2\/product_brand?post=86679"},{"taxonomy":"product_cat","embeddable":true,"href":"https:\/\/footballthrift.shop\/de\/wp-json\/wp\/v2\/product_cat?post=86679"},{"taxonomy":"product_tag","embeddable":true,"href":"https:\/\/footballthrift.shop\/de\/wp-json\/wp\/v2\/product_tag?post=86679"}],"curies":[{"name":"wp","href":"https:\/\/api.w.org\/{rel}","templated":true}]}}