{"id":86677,"date":"2025-07-27T17:59:41","date_gmt":"2025-07-27T15:59:41","guid":{"rendered":"https:\/\/footballthrift.shop\/?post_type=product&#038;p=86677"},"modified":"2026-03-09T11:27:27","modified_gmt":"2026-03-09T10:27:27","slug":"spieler-ausgabe-fusballtrikot-italien-2007-09-home-4-l","status":"publish","type":"product","link":"https:\/\/footballthrift.shop\/de\/player-issue-koszulka-pilkarska-wlochy-2007-09-home-4-l\/","title":{"rendered":"Koszulka pi\u0142karska PLAYER ISSUE W\u0142ochy 2007\/09 Home 4 [L]"},"content":{"rendered":"<p><strong>Verein:<\/strong> Italien<\/p>\n<p><strong>Saison:<\/strong> 2007\/09 Startseite<\/p>\n<p><strong>Gr\u00f6\u00dfe: <\/strong>L<\/p>\n<p><strong>Zustand:<\/strong> Sehr gut - leicht besch\u00e4digte Abbildung auf der Vorderseite des Schutzumschlags.<\/p>\n<p><strong>Ma\u00dfe (Achselbreite\/L\u00e4nge) in cm: <\/strong>51\/73<\/p>","protected":false},"excerpt":{"rendered":"<p data-start=\"0\" data-end=\"114\"><strong data-start=\"0\" data-end=\"112\">Heimtrikot der italienischen Nationalmannschaft 2007-2009 - lang\u00e4rmelige Spielversion mit der Nummer 4.<\/strong><\/p>\n<p data-start=\"116\" data-end=\"648\">Diese <strong data-start=\"119\" data-end=\"172\">Original Italien Nationalmannschaft Fu\u00dfballtrikot<\/strong> stammt aus einer Serie, die von <strong data-start=\"210\" data-end=\"218\">Puma<\/strong> f\u00fcr 2007-2009, den Zeitraum nach der Fu\u00dfballweltmeisterschaft 2006. Diese <strong data-start=\"297\" data-end=\"330\">Spielversion (Spielerausgabe)<\/strong>Sie wurde f\u00fcr maximalen Komfort und Leichtigkeit entwickelt. Es verwendet einen ultrad\u00fcnnen, dehnbaren Stoff mit hervorragender Atmungsaktivit\u00e4t, und innen ist ein <strong data-start=\"488\" data-end=\"507\">gepresstes Etikett<\/strong>Das Trikot wurde so konzipiert, dass es noch leichter und figurbetonter ist, was f\u00fcr Modelle f\u00fcr Sportler charakteristisch ist.<\/p>\n<p data-start=\"650\" data-end=\"1072\">Klassischer, tiefer Farbton <strong data-start=\"676\" data-end=\"687\">azzurro<\/strong> werden durch goldene Details und subtile Anspielungen auf den Triumph der Squadra Azzurra bei der Fu\u00dfballweltmeisterschaft erg\u00e4nzt. Auf der Brust befindet sich das FIGC-Wappen in einer Meisterschaftsversion mit vier Sternen, die die von Italien gewonnenen Titel symbolisieren, sowie das Puma-Logo. Auf dem R\u00fccken ist das <strong data-start=\"946\" data-end=\"957\">Nummer 4<\/strong> in der damals gebr\u00e4uchlichen Schreibweise, ein <strong data-start=\"1008\" data-end=\"1023\">Langarm<\/strong> verleiht ihm einen eleganten und einzigartigen Charakter.<\/p>\n<p data-start=\"1074\" data-end=\"1518\">In \u00e4hnlichen Trikots haben die italienischen Legenden - <strong data-start=\"1126\" data-end=\"1197\">Fabio Cannavaro, Andrea Pirlo, Gennaro Gattuso oder Daniele De Rossi<\/strong> - Qualifizierungsspiele f\u00fcr die Europameisterschaft 2008 und Freundschaftsspiele zur Vorbereitung auf gro\u00dfe Turniere. Das Modell 2007-2009 kombiniert <strong data-start=\"1349\" data-end=\"1411\">das historische Verm\u00e4chtnis der frisch gebackenen Weltmeister<\/strong> mit moderner Puma-Technologie und ist eine ausgezeichnete Wahl f\u00fcr Sammler und Liebhaber des italienischen Fu\u00dfballs.<\/p>","protected":false},"featured_media":87274,"template":"","meta":{"_kad_blocks_custom_css":"","_kad_blocks_head_custom_js":"","_kad_blocks_body_custom_js":"","_kad_blocks_footer_custom_js":"","_kad_post_transparent":"default","_kad_post_title":"","_kad_post_layout":"default","_kad_post_sidebar_id":"","_kad_post_content_style":"default","_kad_post_vertical_padding":"default","_kad_post_feature":"","_kad_post_feature_position":"","_kad_post_header":false,"_kad_post_footer":false,"_kad_post_classname":""},"product_brand":[1287],"product_cat":[1487],"product_tag":[],"class_list":{"0":"post-86677","1":"product","2":"type-product","3":"status-publish","4":"has-post-thumbnail","6":"product_brand-puma","7":"product_cat-reprezentacja-wloch","8":"pa_homeawaythird-home","9":"pa_rozmiar-l","11":"first","12":"instock","13":"taxable","14":"shipping-taxable","15":"purchasable","16":"product-type-simple","17":"entry","18":"content-bg","19":"loop-entry"},"taxonomy_info":{"product_brand":[{"value":1287,"label":"Puma"}],"product_cat":[{"value":1487,"label":"W\u0142ochy"}],"pa_homeawaythird":[{"value":1597,"label":"Home"}],"pa_rozmiar":[{"value":1817,"label":"L"}]},"featured_image_src_large":["https:\/\/footballthrift.shop\/wp-content\/uploads\/2025\/07\/Photoroom_002_20250725_110144-1024x1024.png",1024,1024,true],"author_info":[],"comment_info":"","_links":{"self":[{"href":"https:\/\/footballthrift.shop\/de\/wp-json\/wp\/v2\/product\/86677","targetHints":{"allow":["GET"]}}],"collection":[{"href":"https:\/\/footballthrift.shop\/de\/wp-json\/wp\/v2\/product"}],"about":[{"href":"https:\/\/footballthrift.shop\/de\/wp-json\/wp\/v2\/types\/product"}],"wp:featuredmedia":[{"embeddable":true,"href":"https:\/\/footballthrift.shop\/de\/wp-json\/wp\/v2\/media\/87274"}],"wp:attachment":[{"href":"https:\/\/footballthrift.shop\/de\/wp-json\/wp\/v2\/media?parent=86677"}],"wp:term":[{"taxonomy":"product_brand","embeddable":true,"href":"https:\/\/footballthrift.shop\/de\/wp-json\/wp\/v2\/product_brand?post=86677"},{"taxonomy":"product_cat","embeddable":true,"href":"https:\/\/footballthrift.shop\/de\/wp-json\/wp\/v2\/product_cat?post=86677"},{"taxonomy":"product_tag","embeddable":true,"href":"https:\/\/footballthrift.shop\/de\/wp-json\/wp\/v2\/product_tag?post=86677"}],"curies":[{"name":"wp","href":"https:\/\/api.w.org\/{rel}","templated":true}]}}