{"id":86674,"date":"2025-07-27T17:59:43","date_gmt":"2025-07-27T15:59:43","guid":{"rendered":"https:\/\/footballthrift.shop\/?post_type=product&#038;p=86674"},"modified":"2026-03-09T11:27:26","modified_gmt":"2026-03-09T10:27:26","slug":"koszulka-pilkarska-turcja-2006-08-away-s","status":"publish","type":"product","link":"https:\/\/footballthrift.shop\/de\/koszulka-pilkarska-turcja-2006-08-away-s\/","title":{"rendered":"Koszulka pi\u0142karska Turcja 2006\/08 Away [S]"},"content":{"rendered":"<p><strong>Verein:<\/strong> T\u00fcrkei<\/p>\n<p><strong>Saison:<\/strong> 2006\/08 Ausw\u00e4rts<\/p>\n<p><strong>Gr\u00f6\u00dfe: <\/strong>S<\/p>\n<p><strong>Zustand:<\/strong> Ausgezeichnet<\/p>\n<p><strong>Ma\u00dfe (Achselbreite\/L\u00e4nge) in cm: <\/strong>52\/65 (vorne), 70 (hinten)<\/p>","protected":false},"excerpt":{"rendered":"<p data-start=\"0\" data-end=\"83\"><strong data-start=\"0\" data-end=\"81\">Original Ausw\u00e4rtstrikot der t\u00fcrkischen Nationalmannschaft 2006-2008.<\/strong><\/p>\n<p data-start=\"85\" data-end=\"524\">Diese <strong data-start=\"88\" data-end=\"117\">Fu\u00dfballtrikot T\u00fcrkei<\/strong> ist das offizielle Ausw\u00e4rtsdress der Nationalmannschaft von 2006-2008, hergestellt von <strong data-start=\"200\" data-end=\"208\">Nike<\/strong>. Das Modell zeichnet sich durch seine komplett wei\u00dfe Farbe aus, die ihm Schlichtheit und Eleganz verleiht und gleichzeitig seinen modernen Charakter unterstreicht. Auf der linken Brust befindet sich das Wappen der t\u00fcrkischen Nationalmannschaft mit dem charakteristischen Halbmond und Stern, w\u00e4hrend auf der rechten Seite ein dezentes Nike-Logo in Rot f\u00fcr einen sportlichen Touch sorgt.<\/p>\n<p data-start=\"526\" data-end=\"919\">Das T-Shirt ist aus einem leichten, atmungsaktiven Material gefertigt <strong data-start=\"588\" data-end=\"604\">Nike Dri-FIT<\/strong>das Feuchtigkeit effektiv ableitet und sowohl w\u00e4hrend des Spiels als auch im Alltag f\u00fcr Tragekomfort sorgt. In diesen wei\u00dfen Trikots spielten die t\u00fcrkischen Spieler bei den Qualifikationsspielen zur Euro 2008, und die Fans konnten die damaligen Stars in Aktion sehen, wie z. B. <strong data-start=\"866\" data-end=\"916\">Nihat Kahveci, Tuncay \u015eanl\u0131 oder Emre Bel\u00f6zo\u011flu<\/strong>.<\/p>\n<p data-start=\"921\" data-end=\"1088\" data-is-last-node=\"\" data-is-only-node=\"\">Eine gute Wahl f\u00fcr Sammler und Fans der Nationalmannschaft - dieses <strong data-start=\"980\" data-end=\"1017\">Nike Ausw\u00e4rts-Fu\u00dfballtrikot<\/strong> ist ein klassischer und zeitloser Teil der t\u00fcrkischen Fu\u00dfballgeschichte.<\/p>","protected":false},"featured_media":87258,"template":"","meta":{"_kad_blocks_custom_css":"","_kad_blocks_head_custom_js":"","_kad_blocks_body_custom_js":"","_kad_blocks_footer_custom_js":"","_kad_post_transparent":"default","_kad_post_title":"","_kad_post_layout":"default","_kad_post_sidebar_id":"","_kad_post_content_style":"default","_kad_post_vertical_padding":"default","_kad_post_feature":"","_kad_post_feature_position":"","_kad_post_header":false,"_kad_post_footer":false,"_kad_post_classname":""},"product_brand":[1284],"product_cat":[1489],"product_tag":[],"class_list":{"0":"post-86674","1":"product","2":"type-product","3":"status-publish","4":"has-post-thumbnail","6":"product_brand-nike","7":"product_cat-pozostale-reprezentacje-europa","8":"pa_homeawaythird-away","9":"pa_rozmiar-s","11":"first","12":"instock","13":"taxable","14":"shipping-taxable","15":"purchasable","16":"product-type-simple","17":"entry","18":"content-bg","19":"loop-entry"},"taxonomy_info":{"product_brand":[{"value":1284,"label":"Nike"}],"product_cat":[{"value":1489,"label":"Pozosta\u0142e"}],"pa_homeawaythird":[{"value":1598,"label":"Away"}],"pa_rozmiar":[{"value":1815,"label":"S"}]},"featured_image_src_large":["https:\/\/footballthrift.shop\/wp-content\/uploads\/2025\/07\/Photoroom_004_20250725_110144-1024x1024.png",1024,1024,true],"author_info":[],"comment_info":"","_links":{"self":[{"href":"https:\/\/footballthrift.shop\/de\/wp-json\/wp\/v2\/product\/86674","targetHints":{"allow":["GET"]}}],"collection":[{"href":"https:\/\/footballthrift.shop\/de\/wp-json\/wp\/v2\/product"}],"about":[{"href":"https:\/\/footballthrift.shop\/de\/wp-json\/wp\/v2\/types\/product"}],"wp:featuredmedia":[{"embeddable":true,"href":"https:\/\/footballthrift.shop\/de\/wp-json\/wp\/v2\/media\/87258"}],"wp:attachment":[{"href":"https:\/\/footballthrift.shop\/de\/wp-json\/wp\/v2\/media?parent=86674"}],"wp:term":[{"taxonomy":"product_brand","embeddable":true,"href":"https:\/\/footballthrift.shop\/de\/wp-json\/wp\/v2\/product_brand?post=86674"},{"taxonomy":"product_cat","embeddable":true,"href":"https:\/\/footballthrift.shop\/de\/wp-json\/wp\/v2\/product_cat?post=86674"},{"taxonomy":"product_tag","embeddable":true,"href":"https:\/\/footballthrift.shop\/de\/wp-json\/wp\/v2\/product_tag?post=86674"}],"curies":[{"name":"wp","href":"https:\/\/api.w.org\/{rel}","templated":true}]}}