{"id":86669,"date":"2025-07-27T17:59:29","date_gmt":"2025-07-27T15:59:29","guid":{"rendered":"https:\/\/footballthrift.shop\/?post_type=product&#038;p=86669"},"modified":"2026-03-09T11:28:00","modified_gmt":"2026-03-09T10:28:00","slug":"koszulka-pilkarska-msv-duisburg-1999-00-home-xxl","status":"publish","type":"product","link":"https:\/\/footballthrift.shop\/de\/koszulka-pilkarska-msv-duisburg-1999-00-home-xxl\/","title":{"rendered":"Koszulka pi\u0142karska MSV Duisburg 1999\/00 Home [XXL]"},"content":{"rendered":"<p><strong>Verein:<\/strong> MSV Duisburg<\/p>\n<p><strong>Saison:<\/strong> 1999\/00 Startseite<\/p>\n<p><strong>Gr\u00f6\u00dfe: <\/strong>XXL<\/p>\n<p><strong>Zustand:<\/strong> Befriedigend - Mikro- und kleine N\u00e4hte auf der Vorderseite, dem R\u00fccken und den \u00c4rmeln vorhanden.<\/p>\n<p><strong>Ma\u00dfe (Achselbreite\/L\u00e4nge) in cm: <\/strong>65\/79<\/p>","protected":false},"excerpt":{"rendered":"<p data-start=\"0\" data-end=\"68\"><strong data-start=\"0\" data-end=\"66\">Original MSV Duisburg 1999\/00 Fu\u00dfballtrikot von Uhlsport.<\/strong><\/p>\n<p data-start=\"70\" data-end=\"519\">Wir stellen vor: <strong data-start=\"84\" data-end=\"147\">Original MSV Duisburg Fu\u00dfballtrikot aus der Saison 1999\/00<\/strong>hergestellt von einem renommierten Unternehmen <strong>Uhlsport<\/strong>. Dieses Modell ist ein echter Klassiker aus den sp\u00e4ten 1990er Jahren und zeichnet sich durch die traditionelle wei\u00df-blaue Farbgebung aus, die f\u00fcr die \"Zebras\" charakteristisch ist - ein Spitzname, der die Mannschaft seit Jahren begleitet. Auf der Vorderseite sind das historische Vereinslogo und die Herstellerkennzeichnung zu sehen, was die Qualit\u00e4t und Authentizit\u00e4t dieses Modells unterstreicht.<\/p>\n<p data-start=\"521\" data-end=\"976\">Das Trikot ist aus einem strapazierf\u00e4higen, aber leichten Material gefertigt, das typisch f\u00fcr die Fu\u00dfballbekleidung dieser Zeit ist. Mit seiner lockeren Passform, dem klassischen Kragen und dem unverwechselbaren Design f\u00e4ngt dieses Modell die Atmosph\u00e4re der Bundesliga um die Jahrhundertwende perfekt ein. <strong data-start=\"767\" data-end=\"813\">Original MSV Duisburg Fu\u00dfballtrikot<\/strong> aus der Saison 1999\/00 erinnert an die Zeit, als der Verein in der h\u00f6chsten deutschen Spielklasse antrat und seinen Platz in der Geschichte des deutschen Fu\u00dfballs einnahm.<\/p>\n<p data-start=\"978\" data-end=\"1139\">Eine ausgezeichnete Wahl f\u00fcr Sammler, Fans des Retro-Stils und alle, die ein einzigartiges St\u00fcck Duisburger \"Zebr\"-Geschichte in ihrer Sammlung haben wollen. In dieser Zeit wurden die Farben der \"Zebras\" u.a. durch das \"Zebra\" repr\u00e4sentiert. <strong data-start=\"961\" data-end=\"977\">Tomasz Hajto<\/strong>einer der besten Verteidiger Polens, der die Fans mit seinem Mut und seinem Engagement beeindruckt hat.<\/p>","protected":false},"featured_media":87444,"template":"","meta":{"_kad_blocks_custom_css":"","_kad_blocks_head_custom_js":"","_kad_blocks_body_custom_js":"","_kad_blocks_footer_custom_js":"","_kad_post_transparent":"default","_kad_post_title":"","_kad_post_layout":"default","_kad_post_sidebar_id":"","_kad_post_content_style":"default","_kad_post_vertical_padding":"default","_kad_post_feature":"","_kad_post_feature_position":"","_kad_post_header":false,"_kad_post_footer":false,"_kad_post_classname":""},"product_brand":[1316],"product_cat":[1490],"product_tag":[],"class_list":{"0":"post-86669","1":"product","2":"type-product","3":"status-publish","4":"has-post-thumbnail","6":"product_brand-uhlsport","7":"product_cat-pozostale-kluby-niemieckie","8":"pa_homeawaythird-home","9":"pa_rozmiar-xxl","11":"first","12":"instock","13":"taxable","14":"shipping-taxable","15":"purchasable","16":"product-type-simple","17":"entry","18":"content-bg","19":"loop-entry"},"taxonomy_info":{"product_brand":[{"value":1316,"label":"Uhlsport"}],"product_cat":[{"value":1490,"label":"Pozosta\u0142e kluby niemieckie"}],"pa_homeawaythird":[{"value":1597,"label":"Home"}],"pa_rozmiar":[{"value":1819,"label":"XXL"}]},"featured_image_src_large":["https:\/\/footballthrift.shop\/wp-content\/uploads\/2025\/07\/Photoroom_012_20250725_110144-1024x1024.png",1024,1024,true],"author_info":[],"comment_info":"","_links":{"self":[{"href":"https:\/\/footballthrift.shop\/de\/wp-json\/wp\/v2\/product\/86669","targetHints":{"allow":["GET"]}}],"collection":[{"href":"https:\/\/footballthrift.shop\/de\/wp-json\/wp\/v2\/product"}],"about":[{"href":"https:\/\/footballthrift.shop\/de\/wp-json\/wp\/v2\/types\/product"}],"wp:featuredmedia":[{"embeddable":true,"href":"https:\/\/footballthrift.shop\/de\/wp-json\/wp\/v2\/media\/87444"}],"wp:attachment":[{"href":"https:\/\/footballthrift.shop\/de\/wp-json\/wp\/v2\/media?parent=86669"}],"wp:term":[{"taxonomy":"product_brand","embeddable":true,"href":"https:\/\/footballthrift.shop\/de\/wp-json\/wp\/v2\/product_brand?post=86669"},{"taxonomy":"product_cat","embeddable":true,"href":"https:\/\/footballthrift.shop\/de\/wp-json\/wp\/v2\/product_cat?post=86669"},{"taxonomy":"product_tag","embeddable":true,"href":"https:\/\/footballthrift.shop\/de\/wp-json\/wp\/v2\/product_tag?post=86669"}],"curies":[{"name":"wp","href":"https:\/\/api.w.org\/{rel}","templated":true}]}}