{"id":86667,"date":"2025-07-27T17:59:31","date_gmt":"2025-07-27T15:59:31","guid":{"rendered":"https:\/\/footballthrift.shop\/?post_type=product&#038;p=86667"},"modified":"2026-03-09T11:28:00","modified_gmt":"2026-03-09T10:28:00","slug":"spiel-ausgabe-fusballtrikot-istanbul-basaksehir-2022-23-dritte-18-nahen-m","status":"publish","type":"product","link":"https:\/\/footballthrift.shop\/de\/match-issue-koszulka-pilkarska-istanbul-basaksehir-2022-23-third-18-szysz-m\/","title":{"rendered":"MATCH ISSUE Koszulka pi\u0142karska Istanbul Basaksehir 2022\/23 Third 18 Szysz [M]"},"content":{"rendered":"<p><strong>Verein:<\/strong> Istanbul Basaksehir<\/p>\n<p><strong>Saison:<\/strong> 2022\/23 Dritter<\/p>\n<p><strong>Gr\u00f6\u00dfe: <\/strong>M<\/p>\n<p><strong>Zustand:<\/strong> Ausgezeichnet<\/p>\n<p><strong>Ma\u00dfe (Achselbreite\/L\u00e4nge) in cm: <\/strong>49\/70<\/p>","protected":false},"excerpt":{"rendered":"<p data-start=\"0\" data-end=\"83\"><strong data-start=\"0\" data-end=\"81\">Drittes original Istanbul Basaksehir 2022\/23 Joma Fu\u00dfballtrikot bedruckt von Patryk Szysz.<\/strong><\/p>\n<p data-start=\"85\" data-end=\"654\">Original <strong data-start=\"96\" data-end=\"163\">Das dritte Trikot von Istanbul Basaksehir f\u00fcr die Saison 2022\/23<\/strong> ist ein einzigartiges Produktionsmodell <strong data-start=\"192\" data-end=\"219\">Spanische Marke Joma<\/strong>speziell entwickelt f\u00fcr Spiele in <strong data-start=\"258\" data-end=\"286\">Europ\u00e4ische Konferenzliga<\/strong>. Es ist <strong data-start=\"296\" data-end=\"314\">passende Version<\/strong>Das Trikot zeichnet sich durch ein leichtes, atmungsaktives Material mit verbesserten technischen Eigenschaften f\u00fcr maximalen Komfort beim Spiel auf h\u00f6chstem Niveau aus. Offizieller Aufdruck auf dem R\u00fccken. <strong data-start=\"525\" data-end=\"543\">Patrick Szysz<\/strong>, ein polnischer St\u00fcrmer, der zu Basaksehir wechselte und dem Team Frische und offensive Qualit\u00e4t verleiht.<\/p>\n<p data-start=\"656\" data-end=\"1099\">Das Trikot ist in den eleganten alternativen Farben gehalten, die f\u00fcr das dritte Trikot charakteristisch sind, mit modernen Details, die das Prestige des t\u00fcrkischen Vereins unterstreichen. Die Brust zeigt <strong data-start=\"855\" data-end=\"883\">Wappen von Istanbul Basaksehir<\/strong>Joma-Logos und europ\u00e4ische Wettbewerbssymbole unterstreichen den Spieltagscharakter. Die taillierte Passform bietet volle Bewegungsfreiheit, w\u00e4hrend die Joma-Technologie den Feuchtigkeitstransport bei intensivem Training f\u00f6rdert.<\/p>\n<p data-start=\"1101\" data-end=\"1409\">Dies ist eine einzigartige <strong data-start=\"1114\" data-end=\"1136\">Fu\u00dfballtrikot<\/strong> f\u00fcr Sammler, Fans der t\u00fcrkischen Mannschaft und Sympathisanten <strong data-start=\"1195\" data-end=\"1213\">Patrick Szysz<\/strong>und eine gro\u00dfartige Erg\u00e4nzung f\u00fcr Ihre Sammlung von Europapokal-Outfits. Ideal f\u00fcr das t\u00e4gliche Tragen und als Erinnerung an eine historische Saison im europ\u00e4ischen Wettbewerb.<\/p>","protected":false},"featured_media":87424,"template":"","meta":{"_kad_blocks_custom_css":"","_kad_blocks_head_custom_js":"","_kad_blocks_body_custom_js":"","_kad_blocks_footer_custom_js":"","_kad_post_transparent":"default","_kad_post_title":"","_kad_post_layout":"default","_kad_post_sidebar_id":"","_kad_post_content_style":"default","_kad_post_vertical_padding":"default","_kad_post_feature":"","_kad_post_feature_position":"","_kad_post_header":false,"_kad_post_footer":false,"_kad_post_classname":""},"product_brand":[1304],"product_cat":[1492,1409,1411],"product_tag":[],"class_list":{"0":"post-86667","1":"product","2":"type-product","3":"status-publish","4":"has-post-thumbnail","6":"product_brand-joma","7":"product_cat-kluby-tureckie","8":"product_cat-match-worn-issue","9":"product_cat-polscy-pilkarze","10":"pa_homeawaythird-third","11":"pa_rozmiar-m","13":"first","14":"instock","15":"taxable","16":"shipping-taxable","17":"purchasable","18":"product-type-simple","19":"entry","20":"content-bg","21":"loop-entry"},"taxonomy_info":{"product_brand":[{"value":1304,"label":"Joma"}],"product_cat":[{"value":1492,"label":"Turcja"},{"value":1409,"label":"MATCH WORN &amp; ISSUE"},{"value":1411,"label":"POLSCY PI\u0141KARZE"}],"pa_homeawaythird":[{"value":1599,"label":"Third"}],"pa_rozmiar":[{"value":1816,"label":"M"}]},"featured_image_src_large":["https:\/\/footballthrift.shop\/wp-content\/uploads\/2025\/07\/Photoroom_029_20250725_110144-1024x1024.png",1024,1024,true],"author_info":[],"comment_info":"","_links":{"self":[{"href":"https:\/\/footballthrift.shop\/de\/wp-json\/wp\/v2\/product\/86667","targetHints":{"allow":["GET"]}}],"collection":[{"href":"https:\/\/footballthrift.shop\/de\/wp-json\/wp\/v2\/product"}],"about":[{"href":"https:\/\/footballthrift.shop\/de\/wp-json\/wp\/v2\/types\/product"}],"wp:featuredmedia":[{"embeddable":true,"href":"https:\/\/footballthrift.shop\/de\/wp-json\/wp\/v2\/media\/87424"}],"wp:attachment":[{"href":"https:\/\/footballthrift.shop\/de\/wp-json\/wp\/v2\/media?parent=86667"}],"wp:term":[{"taxonomy":"product_brand","embeddable":true,"href":"https:\/\/footballthrift.shop\/de\/wp-json\/wp\/v2\/product_brand?post=86667"},{"taxonomy":"product_cat","embeddable":true,"href":"https:\/\/footballthrift.shop\/de\/wp-json\/wp\/v2\/product_cat?post=86667"},{"taxonomy":"product_tag","embeddable":true,"href":"https:\/\/footballthrift.shop\/de\/wp-json\/wp\/v2\/product_tag?post=86667"}],"curies":[{"name":"wp","href":"https:\/\/api.w.org\/{rel}","templated":true}]}}