{"id":86659,"date":"2025-07-27T17:59:35","date_gmt":"2025-07-27T15:59:35","guid":{"rendered":"https:\/\/footballthrift.shop\/?post_type=product&#038;p=86659"},"modified":"2026-03-09T11:27:59","modified_gmt":"2026-03-09T10:27:59","slug":"fusballtrikot-cd-tenerife-2012-13-home-xxl","status":"publish","type":"product","link":"https:\/\/footballthrift.shop\/de\/koszulka-pilkarska-cd-tenerife-2012-13-home-xxl\/","title":{"rendered":"Koszulka pi\u0142karska CD Tenerife 2012\/13 Home [XXL]"},"content":{"rendered":"<p><strong>Verein:<\/strong>\u00a0CD Teneriffa<\/p>\n<p><strong>Saison:<\/strong> 2012\/13 Startseite<\/p>\n<p><strong>Gr\u00f6\u00dfe: <\/strong>XXL<\/p>\n<p><strong>Zustand:<\/strong> Ausgezeichnet<\/p>\n<p><strong>Ma\u00dfe (Achselbreite\/L\u00e4nge) in cm: <\/strong>63\/81<\/p>","protected":false},"excerpt":{"rendered":"<p data-start=\"0\" data-end=\"91\"><strong data-start=\"0\" data-end=\"89\">Original CD Teneriffa Heimtrikot aus der Saison 2012\/13 - hergestellt von Luanvi.\u00a0<\/strong><\/p>\n<p data-start=\"93\" data-end=\"527\">Das Modell in Gr\u00f6\u00dfe XXL stammt aus der Kollektion der spanischen Marke <strong data-start=\"154\" data-end=\"164\">Luanvi<\/strong>das seinerzeit die Vereine der zweiten Liga ausstattete, darunter <strong data-start=\"241\" data-end=\"256\">CD Teneriffa<\/strong> - eine Mannschaft mit einer reichen Geschichte und einer starken regionalen Identit\u00e4t. Das Design ist eine Hommage an die Traditionen des Vereins von den Kanarischen Inseln und verbindet Klassik und Schlichtheit mit einem leichten, sportlichen Stil, der f\u00fcr die spanische Fu\u00dfballbekleidung zu Beginn des zweiten Jahrzehnts des 21.<\/p>\n<p data-start=\"529\" data-end=\"957\">Das T-Shirt wird gepflegt in <strong data-start=\"555\" data-end=\"589\">traditionelle wei\u00dfe F\u00e4rbung<\/strong>erg\u00e4nzt durch <strong data-start=\"606\" data-end=\"637\">dezente blaue Akzente<\/strong> auf dem Kragen und den \u00c4rmeln - die Farben, die seit Jahren das Symbol von CD Tenerife sind. Die Brust zeigt <strong data-start=\"731\" data-end=\"755\">Gesticktes Vereinswappen<\/strong>und daneben <strong data-start=\"770\" data-end=\"785\">Luanvi-Logo<\/strong>was die Authentizit\u00e4t und Solidit\u00e4t des Modells unterstreicht. Vervollst\u00e4ndigt wird das Ganze durch einen klassischen, klaren Schnitt, der den Geist der Bescheidenheit und Eleganz des Canary-Teams perfekt einf\u00e4ngt.<\/p>\n<p data-start=\"959\" data-end=\"1167\">Hergestellt aus <strong data-start=\"970\" data-end=\"1014\">leichtes, luftiges technisches Gewebe<\/strong>bietet das Hemd <strong data-start=\"1034\" data-end=\"1083\">Tragekomfort, gute Bel\u00fcftung und Haltbarkeit<\/strong>Sie eignet sich daher sowohl f\u00fcr die Kollektion als auch f\u00fcr den Alltag.<\/p>\n<p data-start=\"1169\" data-end=\"1459\" data-is-last-node=\"\" data-is-only-node=\"\">Dies ist eine gute Option f\u00fcr <strong data-start=\"1195\" data-end=\"1216\">CD Teneriffa-Fans<\/strong>, <strong data-start=\"1218\" data-end=\"1276\">Sammler von original Luanvi-Fu\u00dfballtrikots<\/strong> und Liebhaber von <strong data-start=\"1293\" data-end=\"1318\">spanischer fu\u00dfball<\/strong>die Wert legen <strong data-start=\"1333\" data-end=\"1396\">authentische, klassische Designs in Blau und Wei\u00df<\/strong>und verweist damit auf die reiche Geschichte des kanarischen Vereins.<\/p>","protected":false},"featured_media":87307,"template":"","meta":{"_kad_blocks_custom_css":"","_kad_blocks_head_custom_js":"","_kad_blocks_body_custom_js":"","_kad_blocks_footer_custom_js":"","_kad_post_transparent":"default","_kad_post_title":"","_kad_post_layout":"default","_kad_post_sidebar_id":"","_kad_post_content_style":"default","_kad_post_vertical_padding":"default","_kad_post_feature":"","_kad_post_feature_position":"","_kad_post_header":false,"_kad_post_footer":false,"_kad_post_classname":""},"product_brand":[2016],"product_cat":[1472],"product_tag":[],"class_list":{"0":"post-86659","1":"product","2":"type-product","3":"status-publish","4":"has-post-thumbnail","6":"product_brand-luanvi","7":"product_cat-pozostale-kluby-hiszpanskie","8":"pa_homeawaythird-home","9":"pa_rozmiar-xxl","11":"first","12":"instock","13":"taxable","14":"shipping-taxable","15":"purchasable","16":"product-type-simple","17":"entry","18":"content-bg","19":"loop-entry"},"taxonomy_info":{"product_brand":[{"value":2016,"label":"Luanvi"}],"product_cat":[{"value":1472,"label":"Pozosta\u0142e kluby hiszpa\u0144skie"}],"pa_homeawaythird":[{"value":1597,"label":"Home"}],"pa_rozmiar":[{"value":1819,"label":"XXL"}]},"featured_image_src_large":["https:\/\/footballthrift.shop\/wp-content\/uploads\/2025\/07\/Photoroom_010_20250725_110144-1024x1024.png",1024,1024,true],"author_info":[],"comment_info":"","_links":{"self":[{"href":"https:\/\/footballthrift.shop\/de\/wp-json\/wp\/v2\/product\/86659","targetHints":{"allow":["GET"]}}],"collection":[{"href":"https:\/\/footballthrift.shop\/de\/wp-json\/wp\/v2\/product"}],"about":[{"href":"https:\/\/footballthrift.shop\/de\/wp-json\/wp\/v2\/types\/product"}],"wp:featuredmedia":[{"embeddable":true,"href":"https:\/\/footballthrift.shop\/de\/wp-json\/wp\/v2\/media\/87307"}],"wp:attachment":[{"href":"https:\/\/footballthrift.shop\/de\/wp-json\/wp\/v2\/media?parent=86659"}],"wp:term":[{"taxonomy":"product_brand","embeddable":true,"href":"https:\/\/footballthrift.shop\/de\/wp-json\/wp\/v2\/product_brand?post=86659"},{"taxonomy":"product_cat","embeddable":true,"href":"https:\/\/footballthrift.shop\/de\/wp-json\/wp\/v2\/product_cat?post=86659"},{"taxonomy":"product_tag","embeddable":true,"href":"https:\/\/footballthrift.shop\/de\/wp-json\/wp\/v2\/product_tag?post=86659"}],"curies":[{"name":"wp","href":"https:\/\/api.w.org\/{rel}","templated":true}]}}