{"id":86657,"date":"2025-07-27T17:59:36","date_gmt":"2025-07-27T15:59:36","guid":{"rendered":"https:\/\/footballthrift.shop\/?post_type=product&#038;p=86657"},"modified":"2026-03-09T11:27:59","modified_gmt":"2026-03-09T10:27:59","slug":"bnwt-koszulka-pilkarska-arka-gdynia-2017-18-home-22-kosut-m","status":"publish","type":"product","link":"https:\/\/footballthrift.shop\/de\/bnwt-koszulka-pilkarska-arka-gdynia-2017-18-home-22-kosut-m\/","title":{"rendered":"BNWT Koszulka pi\u0142karska Arka Gdynia 2017\/18 Home 22 Kosut [M]"},"content":{"rendered":"<p><strong>Verein:<\/strong> Arka Gdynia<\/p>\n<p><strong>Saison:<\/strong> 2017\/18 Startseite<\/p>\n<p><strong>Gr\u00f6\u00dfe: <\/strong>M<\/p>\n<p><strong>Zustand:<\/strong> BNWT - T-shirt neu, mit Etiketten.<\/p>\n<p><strong>Ma\u00dfe (Achselbreite\/L\u00e4nge) in cm: <\/strong>55\/73<\/p>","protected":false},"excerpt":{"rendered":"<p data-start=\"0\" data-end=\"117\"><strong data-start=\"0\" data-end=\"115\">Arka Gdynia 2017\/18 Adidas Heimtrikot - mit Anh\u00e4ngern, Ligaaufn\u00e4hern und einem einzigartigen Tomas Kosut Druck.<\/strong><\/p>\n<p data-start=\"119\" data-end=\"561\">Original <strong data-start=\"130\" data-end=\"188\">Arka Gdynia Heimspieltrikot aus der Saison 2017\/18<\/strong> ist ein einzigartiges Modell, das das moderne Design der Marke <strong data-start=\"253\" data-end=\"263\">Adidas<\/strong> mit Lokalstolz und Vereinsgeschichte. Gepflegt in traditioneller <strong data-start=\"322\" data-end=\"351\">gelb und blau<\/strong>spiegelt perfekt den Charakter und die Identit\u00e4t des Teams vom Meer wider.<\/p>\n<p data-start=\"563\" data-end=\"1053\">Das T-Shirt ist vollst\u00e4ndig <strong data-start=\"585\" data-end=\"628\">Neu, mit Original-Etiketten<\/strong>Das macht sie ideal f\u00fcr Sammler. Die \u00c4rmel verf\u00fcgen \u00fcber <strong data-start=\"701\" data-end=\"739\">offizielle LOTTO Ekstraklasa-Aufn\u00e4her<\/strong>was seine Authentizit\u00e4t und seinen Spielcharakter unterstreicht. Auf der R\u00fcckseite gedruckt <strong data-start=\"820\" data-end=\"837\">Tomas Kosut<\/strong>ein Spieler, der in dieser Saison offiziell bei Arka Gdynia gespielt hat, jedoch <strong data-start=\"917\" data-end=\"956\">noch nie an einem offiziellen Spiel teilgenommen hat<\/strong>. Dieser einzigartige Aufdruck macht das Trikot zu einer echten Kuriosit\u00e4t und einem Schmuckst\u00fcck f\u00fcr Fans der Vereinsgeschichte.<\/p>\n<p data-start=\"1055\" data-end=\"1377\">In der Saison 2017\/18 nahm Arka an der Ekstraklasa und an europ\u00e4ischen Wettbewerben teil, und dieses Trikot trug unter anderem die folgenden Spieler. <strong data-start=\"1169\" data-end=\"1220\">Mateusz Szwoch, Luka Zarandia oder Micha\u0142 Nalepa<\/strong>. Es ist ein Modell, das die Spannung des Fu\u00dfballs mit einer ungew\u00f6hnlichen Geschichte verbindet, die mit einem der ungew\u00f6hnlichsten Transfers in der Geschichte des Vereins zusammenh\u00e4ngt.<\/p>\n<p data-start=\"1379\" data-end=\"1629\">Eine ausgezeichnete Option f\u00fcr Sammler und Fans, die ihre Sammlung erweitern m\u00f6chten <strong data-start=\"1464\" data-end=\"1578\">Original Arka Gdynia 2017\/18 Adidas Heimtrikot mit Aufn\u00e4her, Tags und einem einzigartigen Tomas Kosut Druck<\/strong> - eine echte Rarit\u00e4t f\u00fcr Fans der Gelb-Blauen!<\/p>","protected":false},"featured_media":87262,"template":"","meta":{"_kad_blocks_custom_css":"","_kad_blocks_head_custom_js":"","_kad_blocks_body_custom_js":"","_kad_blocks_footer_custom_js":"","_kad_post_transparent":"default","_kad_post_title":"","_kad_post_layout":"default","_kad_post_sidebar_id":"","_kad_post_content_style":"default","_kad_post_vertical_padding":"default","_kad_post_feature":"","_kad_post_feature_position":"","_kad_post_header":false,"_kad_post_footer":false,"_kad_post_classname":""},"product_brand":[1283],"product_cat":[1468,2033],"product_tag":[],"class_list":{"0":"post-86657","1":"product","2":"type-product","3":"status-publish","4":"has-post-thumbnail","6":"product_brand-adidas","7":"product_cat-pozostale-kluby-polskie","8":"product_cat-bnwt","9":"pa_homeawaythird-home","10":"pa_rozmiar-m","12":"first","13":"instock","14":"taxable","15":"shipping-taxable","16":"purchasable","17":"product-type-simple","18":"entry","19":"content-bg","20":"loop-entry"},"taxonomy_info":{"product_brand":[{"value":1283,"label":"Adidas"}],"product_cat":[{"value":1468,"label":"Pozosta\u0142e kluby polskie"},{"value":2033,"label":"BNWT"}],"pa_homeawaythird":[{"value":1597,"label":"Home"}],"pa_rozmiar":[{"value":1816,"label":"M"}]},"featured_image_src_large":["https:\/\/footballthrift.shop\/wp-content\/uploads\/2025\/07\/Photoroom_015_20250725_110144-1024x1024.png",1024,1024,true],"author_info":[],"comment_info":"","_links":{"self":[{"href":"https:\/\/footballthrift.shop\/de\/wp-json\/wp\/v2\/product\/86657","targetHints":{"allow":["GET"]}}],"collection":[{"href":"https:\/\/footballthrift.shop\/de\/wp-json\/wp\/v2\/product"}],"about":[{"href":"https:\/\/footballthrift.shop\/de\/wp-json\/wp\/v2\/types\/product"}],"wp:featuredmedia":[{"embeddable":true,"href":"https:\/\/footballthrift.shop\/de\/wp-json\/wp\/v2\/media\/87262"}],"wp:attachment":[{"href":"https:\/\/footballthrift.shop\/de\/wp-json\/wp\/v2\/media?parent=86657"}],"wp:term":[{"taxonomy":"product_brand","embeddable":true,"href":"https:\/\/footballthrift.shop\/de\/wp-json\/wp\/v2\/product_brand?post=86657"},{"taxonomy":"product_cat","embeddable":true,"href":"https:\/\/footballthrift.shop\/de\/wp-json\/wp\/v2\/product_cat?post=86657"},{"taxonomy":"product_tag","embeddable":true,"href":"https:\/\/footballthrift.shop\/de\/wp-json\/wp\/v2\/product_tag?post=86657"}],"curies":[{"name":"wp","href":"https:\/\/api.w.org\/{rel}","templated":true}]}}