{"id":86656,"date":"2025-07-27T17:59:37","date_gmt":"2025-07-27T15:59:37","guid":{"rendered":"https:\/\/footballthrift.shop\/?post_type=product&#038;p=86656"},"modified":"2026-03-09T11:27:59","modified_gmt":"2026-03-09T10:27:59","slug":"fusball-trikot-england-2002-04-home-l","status":"publish","type":"product","link":"https:\/\/footballthrift.shop\/de\/koszulka-pilkarska-anglia-2002-04-home-l\/","title":{"rendered":"Koszulka pi\u0142karska Anglia 2002\/04 Home [L]"},"content":{"rendered":"<p><strong>Verein:<\/strong> England<\/p>\n<p><strong>Saison:<\/strong> 2002\/04 Heim<\/p>\n<p><strong>Gr\u00f6\u00dfe: <\/strong>L<\/p>\n<p><strong>Zustand:<\/strong> Sehr gut - ein Mikrofleck auf der Vorderseite.<\/p>\n<p><strong>Ma\u00dfe (Achselbreite\/L\u00e4nge) in cm: <\/strong>58\/74<\/p>","protected":false},"excerpt":{"rendered":"<p data-start=\"0\" data-end=\"99\"><strong data-start=\"0\" data-end=\"97\">England Nationalmannschaft Heimtrikot 2002\/04 Umbro - original, langarm, Fu\u00dfballklassiker<\/strong><\/p>\n<p data-start=\"101\" data-end=\"495\">Original <strong data-start=\"112\" data-end=\"178\">England Fu\u00dfballnationalmannschaft Heimtrikot 2002-2004<\/strong> Version mit <strong data-start=\"190\" data-end=\"208\">Langarm<\/strong> ist ein einzigartiges Modell, das Erinnerungen an die <strong data-start=\"260\" data-end=\"304\">Weltmeisterschaften 2002 in Korea und Japan<\/strong> und die Qualifikationsspiele zur Euro 2004. Produziert von der Marke <strong data-start=\"361\" data-end=\"370\">Umbro<\/strong>verbindet perfekt das klassische, minimalistische Design und den Komfort der fr\u00fchen 2000er Jahre.<\/p>\n<p data-start=\"497\" data-end=\"902\">Das T-Shirt hat <strong data-start=\"509\" data-end=\"531\">rein wei\u00dfe Farbe<\/strong>und einem kontrastierenden vertikalen roten Streifen. Auf der Brust befindet sich ein gesticktes <strong data-start=\"648\" data-end=\"672\">Wappen Die drei L\u00f6wen<\/strong>Das lang\u00e4rmelige Design ist mit einem eleganten Umbro-Logo versehen. Die langen \u00c4rmel bieten zus\u00e4tzlichen Komfort und Schutz an k\u00e4lteren Tagen, so dass dieses Modell nicht nur f\u00fcr Sammler ideal ist, sondern auch f\u00fcr Fans, die die Atmosph\u00e4re dieser \u00c4ra sp\u00fcren wollen.<\/p>\n<p data-start=\"904\" data-end=\"1163\">In diesem Trikot haben so legend\u00e4re Spieler gespielt wie <strong data-start=\"956\" data-end=\"1004\">David Beckham, Michael Owen oder Paul Scholes<\/strong>der England zu denkw\u00fcrdigen Siegen f\u00fchrte. Es ist ein Modell, das von den Fans wegen seiner Schlichtheit, Eleganz und Symbolik gesch\u00e4tzt wird - ein wahres <strong data-start=\"1130\" data-end=\"1160\">eine englische Fu\u00dfball-Ikone<\/strong>.<\/p>\n<p data-start=\"1165\" data-end=\"1359\">Ideal f\u00fcr Sammler und Fu\u00dfballbegeisterte, die auf der Suche nach einem <strong data-start=\"1233\" data-end=\"1309\">das Original 2002\/04 Umbro England Nationalmannschaft Langarmtrikot<\/strong> - Ein Klassiker, der auch heute noch die Fu\u00dfballfans begeistert.<\/p>","protected":false},"featured_media":87297,"template":"","meta":{"_kad_blocks_custom_css":"","_kad_blocks_head_custom_js":"","_kad_blocks_body_custom_js":"","_kad_blocks_footer_custom_js":"","_kad_post_transparent":"default","_kad_post_title":"","_kad_post_layout":"default","_kad_post_sidebar_id":"","_kad_post_content_style":"default","_kad_post_vertical_padding":"default","_kad_post_feature":"","_kad_post_feature_position":"","_kad_post_header":false,"_kad_post_footer":false,"_kad_post_classname":""},"product_brand":[1285],"product_cat":[1447],"product_tag":[],"class_list":{"0":"post-86656","1":"product","2":"type-product","3":"status-publish","4":"has-post-thumbnail","6":"product_brand-umbro","7":"product_cat-reprezentacja-anglia","8":"pa_homeawaythird-home","9":"pa_rozmiar-l","11":"first","12":"instock","13":"taxable","14":"shipping-taxable","15":"purchasable","16":"product-type-simple","17":"entry","18":"content-bg","19":"loop-entry"},"taxonomy_info":{"product_brand":[{"value":1285,"label":"Umbro"}],"product_cat":[{"value":1447,"label":"Anglia"}],"pa_homeawaythird":[{"value":1597,"label":"Home"}],"pa_rozmiar":[{"value":1817,"label":"L"}]},"featured_image_src_large":["https:\/\/footballthrift.shop\/wp-content\/uploads\/2025\/07\/Photoroom_036_20250725_110144-1024x1024.png",1024,1024,true],"author_info":[],"comment_info":"","_links":{"self":[{"href":"https:\/\/footballthrift.shop\/de\/wp-json\/wp\/v2\/product\/86656","targetHints":{"allow":["GET"]}}],"collection":[{"href":"https:\/\/footballthrift.shop\/de\/wp-json\/wp\/v2\/product"}],"about":[{"href":"https:\/\/footballthrift.shop\/de\/wp-json\/wp\/v2\/types\/product"}],"wp:featuredmedia":[{"embeddable":true,"href":"https:\/\/footballthrift.shop\/de\/wp-json\/wp\/v2\/media\/87297"}],"wp:attachment":[{"href":"https:\/\/footballthrift.shop\/de\/wp-json\/wp\/v2\/media?parent=86656"}],"wp:term":[{"taxonomy":"product_brand","embeddable":true,"href":"https:\/\/footballthrift.shop\/de\/wp-json\/wp\/v2\/product_brand?post=86656"},{"taxonomy":"product_cat","embeddable":true,"href":"https:\/\/footballthrift.shop\/de\/wp-json\/wp\/v2\/product_cat?post=86656"},{"taxonomy":"product_tag","embeddable":true,"href":"https:\/\/footballthrift.shop\/de\/wp-json\/wp\/v2\/product_tag?post=86656"}],"curies":[{"name":"wp","href":"https:\/\/api.w.org\/{rel}","templated":true}]}}