{"id":83466,"date":"2025-07-20T17:50:56","date_gmt":"2025-07-20T15:50:56","guid":{"rendered":"https:\/\/footballthrift.shop\/?post_type=product&#038;p=83466"},"modified":"2026-03-09T11:28:03","modified_gmt":"2026-03-09T10:28:03","slug":"palmeiras-fusball-trikot-2010-auswarts-s","status":"publish","type":"product","link":"https:\/\/footballthrift.shop\/de\/koszulka-pilkarska-palmeiras-2010-away-s\/","title":{"rendered":"Koszulka pi\u0142karska Palmeiras 2010 Away [S]"},"content":{"rendered":"<p><strong>Verein:<\/strong> Palmeiras Fu\u00dfballtrikot<\/p>\n<p><strong>Saison:<\/strong> 2010 Ausw\u00e4rts<\/p>\n<p><strong>Gr\u00f6\u00dfe: <\/strong>S<\/p>\n<p><strong>Zustand:<\/strong> Sehr gut - zwei kleine Flecken auf der R\u00fcckseite.<\/p>\n<p><strong>Ma\u00dfe (Achselbreite\/L\u00e4nge) in cm: <\/strong>49\/72<\/p>","protected":false},"excerpt":{"rendered":"<p data-start=\"0\" data-end=\"77\"><strong data-start=\"0\" data-end=\"75\">Original Palmeiras Ausw\u00e4rtstrikot von 2010 - hergestellt von Adidas.<\/strong><\/p>\n<p data-start=\"79\" data-end=\"386\">Diese <strong data-start=\"82\" data-end=\"126\">Das Ausw\u00e4rtstrikot 2010 des brasilianischen Vereins<\/strong> ist eine echte Rarit\u00e4t, die auff\u00e4llt <strong data-start=\"167\" data-end=\"198\">leuchtende Neonfarbe<\/strong>Das neue, auff\u00e4llige Design ist sowohl auf als auch neben der Trib\u00fcne ein Blickfang. Hergestellt von <strong data-start=\"280\" data-end=\"291\">Adidas<\/strong>kombiniert leichtes, atmungsaktives Material mit einem klassischen Schnitt f\u00fcr hohen Tragekomfort.<\/p>\n<p data-start=\"388\" data-end=\"651\">Auf der Vorderseite befindet sich <strong data-start=\"412\" data-end=\"430\">Wappen von Palmeiras<\/strong>, das Adidas-Logo und der Sponsor in einer Kontrastfarbe. Zarte Details in Gr\u00fcnt\u00f6nen verweisen auf die traditionellen Farben des brasilianischen Vereins und verleihen dem Trikot trotz seines k\u00fchnen, modernen Looks Eleganz.<\/p>\n<p data-start=\"653\" data-end=\"886\">Bei diesem Modell hatte Palmeiras im Wettbewerb zu k\u00e4mpfen <strong data-start=\"699\" data-end=\"724\">Campeonato Brasileiro<\/strong>Der brasilianische Fu\u00dfballverein ist die perfekte Wahl f\u00fcr brasilianische Fu\u00dfballfans, die die Qualit\u00e4t des Spiels sch\u00e4tzen. Dies ist eine ausgezeichnete Wahl f\u00fcr brasilianische Fu\u00dfballfans, die Folgendes sch\u00e4tzen <strong data-start=\"838\" data-end=\"883\">ungew\u00f6hnliche Designs und historische Sammlungen<\/strong>.<\/p>","protected":false},"featured_media":83763,"template":"","meta":{"_kad_blocks_custom_css":"","_kad_blocks_head_custom_js":"","_kad_blocks_body_custom_js":"","_kad_blocks_footer_custom_js":"","_kad_post_transparent":"default","_kad_post_title":"","_kad_post_layout":"default","_kad_post_sidebar_id":"","_kad_post_content_style":"default","_kad_post_vertical_padding":"default","_kad_post_feature":"","_kad_post_feature_position":"","_kad_post_header":false,"_kad_post_footer":false,"_kad_post_classname":""},"product_brand":[1283],"product_cat":[1419],"product_tag":[],"class_list":{"0":"post-83466","1":"product","2":"type-product","3":"status-publish","4":"has-post-thumbnail","6":"product_brand-adidas","7":"product_cat-ameryka-poludniowa","8":"pa_homeawaythird-away","9":"pa_rozmiar-s","11":"first","12":"instock","13":"taxable","14":"shipping-taxable","15":"purchasable","16":"product-type-simple","17":"entry","18":"content-bg","19":"loop-entry"},"taxonomy_info":{"product_brand":[{"value":1283,"label":"Adidas"}],"product_cat":[{"value":1419,"label":"Ameryka Po\u0142udniowa"}],"pa_homeawaythird":[{"value":1598,"label":"Away"}],"pa_rozmiar":[{"value":1815,"label":"S"}]},"featured_image_src_large":["https:\/\/footballthrift.shop\/wp-content\/uploads\/2025\/07\/Photoroom_002_20250716_163200-1024x1024.png",1024,1024,true],"author_info":[],"comment_info":"","_links":{"self":[{"href":"https:\/\/footballthrift.shop\/de\/wp-json\/wp\/v2\/product\/83466","targetHints":{"allow":["GET"]}}],"collection":[{"href":"https:\/\/footballthrift.shop\/de\/wp-json\/wp\/v2\/product"}],"about":[{"href":"https:\/\/footballthrift.shop\/de\/wp-json\/wp\/v2\/types\/product"}],"wp:featuredmedia":[{"embeddable":true,"href":"https:\/\/footballthrift.shop\/de\/wp-json\/wp\/v2\/media\/83763"}],"wp:attachment":[{"href":"https:\/\/footballthrift.shop\/de\/wp-json\/wp\/v2\/media?parent=83466"}],"wp:term":[{"taxonomy":"product_brand","embeddable":true,"href":"https:\/\/footballthrift.shop\/de\/wp-json\/wp\/v2\/product_brand?post=83466"},{"taxonomy":"product_cat","embeddable":true,"href":"https:\/\/footballthrift.shop\/de\/wp-json\/wp\/v2\/product_cat?post=83466"},{"taxonomy":"product_tag","embeddable":true,"href":"https:\/\/footballthrift.shop\/de\/wp-json\/wp\/v2\/product_tag?post=83466"}],"curies":[{"name":"wp","href":"https:\/\/api.w.org\/{rel}","templated":true}]}}