{"id":83462,"date":"2025-07-20T17:50:59","date_gmt":"2025-07-20T15:50:59","guid":{"rendered":"https:\/\/footballthrift.shop\/?post_type=product&#038;p=83462"},"modified":"2026-03-09T11:28:02","modified_gmt":"2026-03-09T10:28:02","slug":"bluza-rozpinana-francja-2014-16-m","status":"publish","type":"product","link":"https:\/\/footballthrift.shop\/de\/bluza-rozpinana-francja-2014-16-m\/","title":{"rendered":"Bluza rozpinana Francja 2014\/16 [M]"},"content":{"rendered":"<p><strong>Verein:<\/strong> Frankreich<\/p>\n<p><strong>Saison:<\/strong> 2014\/16<\/p>\n<p><strong>Gr\u00f6\u00dfe: <\/strong>M<\/p>\n<p><strong>Zustand:<\/strong> Ausgezeichnet<\/p>\n<p><strong>Ma\u00dfe (Achselbreite\/L\u00e4nge) in cm: <\/strong>55\/69<\/p>","protected":false},"excerpt":{"rendered":"<p data-start=\"79\" data-end=\"562\"><strong>Original ungekn\u00f6pftes Sweatshirt der franz\u00f6sischen Nationalmannschaft 2014-2016 - Nike.<\/strong><\/p>\n<p data-start=\"79\" data-end=\"562\">Diese <strong data-start=\"82\" data-end=\"148\">Original 2014-16 Frankreich Nationalmannschaft Zip-up Sweatshirt<\/strong> ist die ideale Wahl f\u00fcr Fans der Tri-Farben und Sammler von hochwertiger Sportbekleidung. Hergestellt von <strong data-start=\"263\" data-end=\"271\">Nike<\/strong>der offizielle Ausr\u00fcster der franz\u00f6sischen Mannschaft, wird in einem eleganten <strong data-start=\"354\" data-end=\"379\">rote Farbgebung<\/strong> mit dezenten Akzenten in den franz\u00f6sischen Nationalfarben. Die Truhe zeigt mit Stolz <strong data-start=\"465\" data-end=\"523\">Wappen mit dem charakteristischen Hahn - dem Symbol von Les Bleus<\/strong>und ein gesticktes Nike-Logo daneben.<\/p>\n<p data-start=\"564\" data-end=\"967\">Das Sweatshirt ist vollst\u00e4ndig <strong data-start=\"583\" data-end=\"605\">gezippt<\/strong>die sowohl im Alltag als auch beim Training f\u00fcr Komfort und Funktionalit\u00e4t sorgt. Das weiche, hochwertige Strickmaterial sorgt f\u00fcr ein angenehmes Tragegef\u00fchl, w\u00e4hrend der leicht taillierte Schnitt f\u00fcr einen sportlichen und dennoch stilvollen Look sorgt. Elastische B\u00fcndchen an \u00c4rmeln und Saum sorgen f\u00fcr einen perfekten Sitz, w\u00e4hrend zwei Seitentaschen die M\u00f6glichkeit bieten, kleine Gegenst\u00e4nde zu verstauen oder die H\u00e4nde warm zu halten.<\/p>\n<p data-start=\"969\" data-end=\"1258\">Zwischen 2014 und 2016 war die franz\u00f6sische Nationalmannschaft unter anderem bei Veranstaltungen in dieser Bekleidungslinie zu sehen. <strong data-start=\"1056\" data-end=\"1115\">Europameisterschaft 2016, gespielt auf heimischem Boden<\/strong>wo das Team von Didier Deschamps bis ins Finale vorstie\u00df und mit Stars wie <strong data-start=\"1206\" data-end=\"1255\">Antoine Griezmann, Paul Pogba oder Hugo Lloris<\/strong>.<\/p>\n<p data-start=\"1260\" data-end=\"1502\">Es ist ein gro\u00dfartiges Souvenir aus dieser Zeit, das sich sowohl f\u00fcr den Alltag als auch f\u00fcr die Sammlung eines Fans eignet. <strong data-start=\"1374\" data-end=\"1387\">Les Bleus<\/strong>. Wenn Sie Wert legen auf <strong data-start=\"1408\" data-end=\"1455\">Original Nike-Trikots der franz\u00f6sischen Nationalmannschaft<\/strong>wird dieser Vorschlag ein Erfolg werden.<\/p>","protected":false},"featured_media":83727,"template":"","meta":{"_kad_blocks_custom_css":"","_kad_blocks_head_custom_js":"","_kad_blocks_body_custom_js":"","_kad_blocks_footer_custom_js":"","_kad_post_transparent":"default","_kad_post_title":"","_kad_post_layout":"default","_kad_post_sidebar_id":"","_kad_post_content_style":"default","_kad_post_vertical_padding":"default","_kad_post_feature":"","_kad_post_feature_position":"","_kad_post_header":false,"_kad_post_footer":false,"_kad_post_classname":""},"product_brand":[1284],"product_cat":[1454,1423],"product_tag":[],"class_list":{"0":"post-83462","1":"product","2":"type-product","3":"status-publish","4":"has-post-thumbnail","6":"product_brand-nike","7":"product_cat-reprezentacja-francji","8":"product_cat-kurtkibluzytrening","9":"pa_rozmiar-m","11":"first","12":"instock","13":"taxable","14":"shipping-taxable","15":"purchasable","16":"product-type-simple","17":"entry","18":"content-bg","19":"loop-entry"},"taxonomy_info":{"product_brand":[{"value":1284,"label":"Nike"}],"product_cat":[{"value":1454,"label":"Francja"},{"value":1423,"label":"Kurtki\/bluzy\/trening"}],"pa_rozmiar":[{"value":1816,"label":"M"}]},"featured_image_src_large":["https:\/\/footballthrift.shop\/wp-content\/uploads\/2025\/07\/Photoroom_012_20250716_163200-1024x1024.png",1024,1024,true],"author_info":[],"comment_info":"","_links":{"self":[{"href":"https:\/\/footballthrift.shop\/de\/wp-json\/wp\/v2\/product\/83462","targetHints":{"allow":["GET"]}}],"collection":[{"href":"https:\/\/footballthrift.shop\/de\/wp-json\/wp\/v2\/product"}],"about":[{"href":"https:\/\/footballthrift.shop\/de\/wp-json\/wp\/v2\/types\/product"}],"wp:featuredmedia":[{"embeddable":true,"href":"https:\/\/footballthrift.shop\/de\/wp-json\/wp\/v2\/media\/83727"}],"wp:attachment":[{"href":"https:\/\/footballthrift.shop\/de\/wp-json\/wp\/v2\/media?parent=83462"}],"wp:term":[{"taxonomy":"product_brand","embeddable":true,"href":"https:\/\/footballthrift.shop\/de\/wp-json\/wp\/v2\/product_brand?post=83462"},{"taxonomy":"product_cat","embeddable":true,"href":"https:\/\/footballthrift.shop\/de\/wp-json\/wp\/v2\/product_cat?post=83462"},{"taxonomy":"product_tag","embeddable":true,"href":"https:\/\/footballthrift.shop\/de\/wp-json\/wp\/v2\/product_tag?post=83462"}],"curies":[{"name":"wp","href":"https:\/\/api.w.org\/{rel}","templated":true}]}}