{"id":82376,"date":"2025-07-13T17:47:20","date_gmt":"2025-07-13T15:47:20","guid":{"rendered":"https:\/\/footballthrift.shop\/?post_type=product&#038;p=82376"},"modified":"2026-03-09T11:28:04","modified_gmt":"2026-03-09T10:28:04","slug":"tunezja-2018-19-home-s","status":"publish","type":"product","link":"https:\/\/footballthrift.shop\/de\/tunezja-2018-19-home-s\/","title":{"rendered":"Koszulka pi\u0142karska Tunezja 2018\/19 Home [S]"},"content":{"rendered":"<p><strong>Verein:<\/strong> Tunesien<\/p>\n<p><strong>Saison:<\/strong> 2018\/19 Heim<\/p>\n<p><strong>Gr\u00f6\u00dfe: <\/strong>S<\/p>\n<p><strong>Zustand:<\/strong> Zufriedenstellend - einige kleine Flecken und geringf\u00fcgige Verschmutzungen.<\/p>\n<p><strong>Ma\u00dfe (Achselbreite\/L\u00e4nge) in cm: <\/strong>46\/66<\/p>","protected":false},"excerpt":{"rendered":"<p>Original <strong data-start=\"207\" data-end=\"275\">Heimtrikot der tunesischen Fu\u00dfballnationalmannschaft aus der Saison 2018\/19<\/strong>, Herstellung <strong data-start=\"287\" data-end=\"299\">Uhlsport<\/strong>. Ein wei\u00dfes Modell mit markanten roten Eins\u00e4tzen, die die Nationalfarben der Desert Lions perfekt widerspiegeln. Das schlichte, aber elegante Design lie\u00df das Trikot bei wichtigen Qualifikationsspielen sowohl auf als auch neben dem Spielfeld gut aussehen. Es ist die perfekte Wahl f\u00fcr Fans <strong>Tunesien<\/strong> und<strong> Sammler<\/strong> einzigartige Fu\u00dfball-Outfits.<\/p>","protected":false},"featured_media":82424,"template":"","meta":{"_kad_blocks_custom_css":"","_kad_blocks_head_custom_js":"","_kad_blocks_body_custom_js":"","_kad_blocks_footer_custom_js":"","_kad_post_transparent":"default","_kad_post_title":"","_kad_post_layout":"default","_kad_post_sidebar_id":"","_kad_post_content_style":"default","_kad_post_vertical_padding":"default","_kad_post_feature":"","_kad_post_feature_position":"","_kad_post_header":false,"_kad_post_footer":false,"_kad_post_classname":""},"product_brand":[1316],"product_cat":[1414],"product_tag":[],"class_list":{"0":"post-82376","1":"product","2":"type-product","3":"status-publish","4":"has-post-thumbnail","6":"product_brand-uhlsport","7":"product_cat-reprezentacje-afryka","8":"pa_homeawaythird-home","9":"pa_rozmiar-s","11":"first","12":"instock","13":"taxable","14":"shipping-taxable","15":"purchasable","16":"product-type-simple","17":"entry","18":"content-bg","19":"loop-entry"},"taxonomy_info":{"product_brand":[{"value":1316,"label":"Uhlsport"}],"product_cat":[{"value":1414,"label":"Afryka"}],"pa_homeawaythird":[{"value":1597,"label":"Home"}],"pa_rozmiar":[{"value":1815,"label":"S"}]},"featured_image_src_large":["https:\/\/footballthrift.shop\/wp-content\/uploads\/2025\/07\/Photoroom_072_20250710_202438-1-1024x1024.png",1024,1024,true],"author_info":[],"comment_info":"","_links":{"self":[{"href":"https:\/\/footballthrift.shop\/de\/wp-json\/wp\/v2\/product\/82376","targetHints":{"allow":["GET"]}}],"collection":[{"href":"https:\/\/footballthrift.shop\/de\/wp-json\/wp\/v2\/product"}],"about":[{"href":"https:\/\/footballthrift.shop\/de\/wp-json\/wp\/v2\/types\/product"}],"wp:featuredmedia":[{"embeddable":true,"href":"https:\/\/footballthrift.shop\/de\/wp-json\/wp\/v2\/media\/82424"}],"wp:attachment":[{"href":"https:\/\/footballthrift.shop\/de\/wp-json\/wp\/v2\/media?parent=82376"}],"wp:term":[{"taxonomy":"product_brand","embeddable":true,"href":"https:\/\/footballthrift.shop\/de\/wp-json\/wp\/v2\/product_brand?post=82376"},{"taxonomy":"product_cat","embeddable":true,"href":"https:\/\/footballthrift.shop\/de\/wp-json\/wp\/v2\/product_cat?post=82376"},{"taxonomy":"product_tag","embeddable":true,"href":"https:\/\/footballthrift.shop\/de\/wp-json\/wp\/v2\/product_tag?post=82376"}],"curies":[{"name":"wp","href":"https:\/\/api.w.org\/{rel}","templated":true}]}}