{"id":82366,"date":"2025-07-13T17:47:07","date_gmt":"2025-07-13T15:47:07","guid":{"rendered":"https:\/\/footballthrift.shop\/?post_type=product&#038;p=82366"},"modified":"2026-03-09T11:28:07","modified_gmt":"2026-03-09T10:28:07","slug":"olympique-marsylia-2022-23-home-10-payet-xxl","status":"publish","type":"product","link":"https:\/\/footballthrift.shop\/de\/olympique-marsylia-2022-23-home-10-payet-xxl\/","title":{"rendered":"Koszulka pi\u0142karska Olympique Marsylia 2022\/23 Home 10 Payet [XXL]"},"content":{"rendered":"<p><strong>Verein:<\/strong> Olympique Marseille<\/p>\n<p><strong>Saison:<\/strong> 2022\/23 Heimat<\/p>\n<p><strong>Gr\u00f6\u00dfe: <\/strong>XXL<\/p>\n<p><strong>Zustand:<\/strong> Sehr gut - ein Mikrofleck auf der R\u00fcckseite.<\/p>\n<p><strong>Ma\u00dfe (Achselbreite\/L\u00e4nge) in cm: <\/strong>64\/77<\/p>","protected":false},"excerpt":{"rendered":"<p data-start=\"178\" data-end=\"614\"><strong>Original Heim-Fu\u00dfballtrikot<\/strong> <strong data-start=\"311\" data-end=\"350\">Olympique Marseille ab der Saison 2022\/23<\/strong>, Herstellung<strong> Pumas<\/strong>, gedruckt <strong data-start=\"380\" data-end=\"401\">Dimitri Payet<\/strong> auf der R\u00fcckseite. Dieses Modell ist eine Anspielung auf die Klassiker - reines Wei\u00df, dezente dunkelblaue Details und ein minimalistisches Design, das perfekt zur Identit\u00e4t eines der charismatischsten Clubs der Welt passt. <strong>Frankreich<\/strong>.<\/p>\n<p data-start=\"616\" data-end=\"945\">Saison <strong>2022\/23<\/strong> war Payets letztes vollst\u00e4ndiges Kapitel in den Farben des <strong>OM<\/strong> - ein Spieler, der jahrelang durch seine Technik, seine Spiel\u00fcbersicht und seine unvorhersehbaren Spielz\u00fcge beeindruckte. Heute machen sie solche nicht mehr.<\/p>\n<p data-start=\"947\" data-end=\"1150\">Ein Muss f\u00fcr jeden Fan von <strong data-start=\"987\" data-end=\"1010\">Franz\u00f6sische Ligue 1<\/strong>, Sammler <strong>Original-Fu\u00dfballtrikots<\/strong> und Unterst\u00fctzer <strong>Olympique Marseille<\/strong>die das Andenken an eine der Ikonen des Klubs lebendig halten wollen.<\/p>","protected":false},"featured_media":82602,"template":"","meta":{"_kad_blocks_custom_css":"","_kad_blocks_head_custom_js":"","_kad_blocks_body_custom_js":"","_kad_blocks_footer_custom_js":"","_kad_post_transparent":"default","_kad_post_title":"","_kad_post_layout":"default","_kad_post_sidebar_id":"","_kad_post_content_style":"default","_kad_post_vertical_padding":"default","_kad_post_feature":"","_kad_post_feature_position":"","_kad_post_header":false,"_kad_post_footer":false,"_kad_post_classname":""},"product_brand":[1287],"product_cat":[1452],"product_tag":[],"class_list":{"0":"post-82366","1":"product","2":"type-product","3":"status-publish","4":"has-post-thumbnail","6":"product_brand-puma","7":"product_cat-olympique-marsylia","8":"pa_homeawaythird-home","9":"pa_rozmiar-xxl","11":"first","12":"instock","13":"taxable","14":"shipping-taxable","15":"purchasable","16":"product-type-simple","17":"entry","18":"content-bg","19":"loop-entry"},"taxonomy_info":{"product_brand":[{"value":1287,"label":"Puma"}],"product_cat":[{"value":1452,"label":"Olympique Marsylia"}],"pa_homeawaythird":[{"value":1597,"label":"Home"}],"pa_rozmiar":[{"value":1819,"label":"XXL"}]},"featured_image_src_large":["https:\/\/footballthrift.shop\/wp-content\/uploads\/2025\/07\/Photoroom_093_20250710_202438-1024x1024.png",1024,1024,true],"author_info":[],"comment_info":"","_links":{"self":[{"href":"https:\/\/footballthrift.shop\/de\/wp-json\/wp\/v2\/product\/82366","targetHints":{"allow":["GET"]}}],"collection":[{"href":"https:\/\/footballthrift.shop\/de\/wp-json\/wp\/v2\/product"}],"about":[{"href":"https:\/\/footballthrift.shop\/de\/wp-json\/wp\/v2\/types\/product"}],"wp:featuredmedia":[{"embeddable":true,"href":"https:\/\/footballthrift.shop\/de\/wp-json\/wp\/v2\/media\/82602"}],"wp:attachment":[{"href":"https:\/\/footballthrift.shop\/de\/wp-json\/wp\/v2\/media?parent=82366"}],"wp:term":[{"taxonomy":"product_brand","embeddable":true,"href":"https:\/\/footballthrift.shop\/de\/wp-json\/wp\/v2\/product_brand?post=82366"},{"taxonomy":"product_cat","embeddable":true,"href":"https:\/\/footballthrift.shop\/de\/wp-json\/wp\/v2\/product_cat?post=82366"},{"taxonomy":"product_tag","embeddable":true,"href":"https:\/\/footballthrift.shop\/de\/wp-json\/wp\/v2\/product_tag?post=82366"}],"curies":[{"name":"wp","href":"https:\/\/api.w.org\/{rel}","templated":true}]}}