{"id":82351,"date":"2025-07-13T17:47:17","date_gmt":"2025-07-13T15:47:17","guid":{"rendered":"https:\/\/footballthrift.shop\/?post_type=product&#038;p=82351"},"modified":"2026-03-09T11:28:05","modified_gmt":"2026-03-09T10:28:05","slug":"spiel-ausgabe-dynamo-dresden-2009-10-heim-9-gundersen-xl","status":"publish","type":"product","link":"https:\/\/footballthrift.shop\/de\/match-issue-dynamo-drezno-2009-10-home-9-gundersen-xl\/","title":{"rendered":"Koszulka pi\u0142karska MATCH ISSUE Dynamo Drezno 2009\/10 Home 9 Gundersen [XL]"},"content":{"rendered":"<p><strong>Verein:<\/strong> Dynamo Dresden<\/p>\n<p><strong>Saison:<\/strong> 2009\/10 Startseite<\/p>\n<p><strong>Gr\u00f6\u00dfe: <\/strong>XL<\/p>\n<p><strong>Zustand:<\/strong> Befriedigend - besch\u00e4digte \"As\"-Logos und Liga-Abzeichen.<\/p>\n<p><strong>Ma\u00dfe (Achselbreite\/L\u00e4nge) in cm: <\/strong>57\/79(vorne), 85(hinten)<\/p>","protected":false},"excerpt":{"rendered":"<p>Original Spieltag-Heimtrikot<strong> Dynamo Dresden<\/strong> aus der Saison <strong>2009\/10<\/strong>der vom norwegischen St\u00fcrmer getragen wurde <strong data-start=\"299\" data-end=\"325\">Tore Andreas Gundersen<\/strong>. Der Norweger bestritt 17 Spiele f\u00fcr den ostdeutschen Verein, in denen er nur drei Tore erzielte. Dieses klassische gelb-schwarze Trikot ist ein St\u00fcck deutscher Fu\u00dfballgeschichte. Das Trikot kombiniert ein authentisches Vereinsgef\u00fchl mit solider Verarbeitung durch die Marke <strong>Als<\/strong>. Dieses T-Shirt ist ein Muss f\u00fcr Fans von <strong>Dynamo<\/strong> i <strong>Sammler <\/strong>nicht selbstverst\u00e4ndlich <strong>Spielhemden.<\/strong><\/p>","protected":false},"featured_media":82469,"template":"","meta":{"_kad_blocks_custom_css":"","_kad_blocks_head_custom_js":"","_kad_blocks_body_custom_js":"","_kad_blocks_footer_custom_js":"","_kad_post_transparent":"default","_kad_post_title":"","_kad_post_layout":"default","_kad_post_sidebar_id":"","_kad_post_content_style":"default","_kad_post_vertical_padding":"default","_kad_post_feature":"","_kad_post_feature_position":"","_kad_post_header":false,"_kad_post_footer":false,"_kad_post_classname":""},"product_brand":[1298],"product_cat":[1490,1409],"product_tag":[],"class_list":{"0":"post-82351","1":"product","2":"type-product","3":"status-publish","4":"has-post-thumbnail","6":"product_brand-jako","7":"product_cat-pozostale-kluby-niemieckie","8":"product_cat-match-worn-issue","9":"pa_homeawaythird-home","10":"pa_rozmiar-xl","12":"first","13":"instock","14":"taxable","15":"shipping-taxable","16":"purchasable","17":"product-type-simple","18":"entry","19":"content-bg","20":"loop-entry"},"taxonomy_info":{"product_brand":[{"value":1298,"label":"Jako"}],"product_cat":[{"value":1490,"label":"Pozosta\u0142e kluby niemieckie"},{"value":1409,"label":"MATCH WORN &amp; ISSUE"}],"pa_homeawaythird":[{"value":1597,"label":"Home"}],"pa_rozmiar":[{"value":1818,"label":"XL"}]},"featured_image_src_large":["https:\/\/footballthrift.shop\/wp-content\/uploads\/2025\/07\/Photoroom_055_20250710_202438-1024x1024.png",1024,1024,true],"author_info":[],"comment_info":"","_links":{"self":[{"href":"https:\/\/footballthrift.shop\/de\/wp-json\/wp\/v2\/product\/82351","targetHints":{"allow":["GET"]}}],"collection":[{"href":"https:\/\/footballthrift.shop\/de\/wp-json\/wp\/v2\/product"}],"about":[{"href":"https:\/\/footballthrift.shop\/de\/wp-json\/wp\/v2\/types\/product"}],"wp:featuredmedia":[{"embeddable":true,"href":"https:\/\/footballthrift.shop\/de\/wp-json\/wp\/v2\/media\/82469"}],"wp:attachment":[{"href":"https:\/\/footballthrift.shop\/de\/wp-json\/wp\/v2\/media?parent=82351"}],"wp:term":[{"taxonomy":"product_brand","embeddable":true,"href":"https:\/\/footballthrift.shop\/de\/wp-json\/wp\/v2\/product_brand?post=82351"},{"taxonomy":"product_cat","embeddable":true,"href":"https:\/\/footballthrift.shop\/de\/wp-json\/wp\/v2\/product_cat?post=82351"},{"taxonomy":"product_tag","embeddable":true,"href":"https:\/\/footballthrift.shop\/de\/wp-json\/wp\/v2\/product_tag?post=82351"}],"curies":[{"name":"wp","href":"https:\/\/api.w.org\/{rel}","templated":true}]}}