{"id":82347,"date":"2025-07-13T17:46:53","date_gmt":"2025-07-13T15:46:53","guid":{"rendered":"https:\/\/footballthrift.shop\/?post_type=product&#038;p=82347"},"modified":"2026-03-09T11:28:10","modified_gmt":"2026-03-09T10:28:10","slug":"fc-kopenhagen-2006-07-heim-11-allback-xs","status":"publish","type":"product","link":"https:\/\/footballthrift.shop\/de\/fc-kopenhaga-2006-07-home-11-allback-xs\/","title":{"rendered":"Koszulka pi\u0142karska FC Kopenhaga 2006\/07 Home 11 Allback [XS]"},"content":{"rendered":"<p><strong>Verein:<\/strong> FC Kopenhagen<\/p>\n<p><strong>Saison:<\/strong> 2006\/07 Startseite<\/p>\n<p><strong>Gr\u00f6\u00dfe: <\/strong>XS<\/p>\n<p><strong>Zustand:<\/strong> Ausgezeichnet<\/p>\n<p><strong>Ma\u00dfe (Achselbreite\/L\u00e4nge) in cm: <\/strong>45\/64<\/p>","protected":false},"excerpt":{"rendered":"<p data-start=\"140\" data-end=\"650\"><strong data-start=\"140\" data-end=\"229\">Original FC Kopenhagen Fu\u00dfballtrikot <\/strong>aus der Saison <strong data-start=\"140\" data-end=\"229\">2006\/07 <\/strong>Produktion <strong data-start=\"140\" data-end=\"229\">Kappy<\/strong>gedruckt mit dem schwedischen Athleten<strong data-start=\"140\" data-end=\"229\"> Marcus Allb\u00e4ck.<\/strong> Dies ist ein Klassiker des skandinavischen Fu\u00dfballs. In Wei\u00df mit blauen Details f\u00e4ngt es den Stil und die \u00c4sthetik des d\u00e4nischen Riesen perfekt ein. Auf der R\u00fcckseite steht der Name <strong data-start=\"472\" data-end=\"483\">Allb\u00e4ck<\/strong> - erfahrener schwedischer St\u00fcrmer, der erst in dieser Saison die Farben des FCK vertrat und dabei viele Tore und noch mehr fu\u00dfballerische Sicherheit hinterlie\u00df.<\/p>\n<p data-start=\"652\" data-end=\"951\">Die Saison 2006\/07 war f\u00fcr den FC Kopenhagen \u00e4u\u00dferst erfolgreich - die Mannschaft erreichte die <strong data-start=\"725\" data-end=\"746\">D\u00e4nische Meisterschaft<\/strong>Und Allb\u00e4ck leistete mit seinen Toren einen soliden Beitrag zu diesem Erfolg. F\u00fcr Fans des skandinavischen Fu\u00dfballs und Sammler von originalen Fu\u00dfballtrikots aus dieser Zeit ist dieses Trikot ein Muss.<\/p>","protected":false},"featured_media":82925,"template":"","meta":{"_kad_blocks_custom_css":"","_kad_blocks_head_custom_js":"","_kad_blocks_body_custom_js":"","_kad_blocks_footer_custom_js":"","_kad_post_transparent":"default","_kad_post_title":"","_kad_post_layout":"default","_kad_post_sidebar_id":"","_kad_post_content_style":"default","_kad_post_vertical_padding":"default","_kad_post_feature":"","_kad_post_feature_position":"","_kad_post_header":false,"_kad_post_footer":false,"_kad_post_classname":""},"product_brand":[1290],"product_cat":[1488,2017],"product_tag":[],"class_list":{"0":"post-82347","1":"product","2":"type-product","3":"status-publish","4":"has-post-thumbnail","6":"product_brand-kappa","7":"product_cat-kluby-skandynawskie","8":"product_cat-koszulki-mlodziezowe","9":"pa_homeawaythird-home","10":"pa_rozmiar-xs","12":"first","13":"instock","14":"taxable","15":"shipping-taxable","16":"purchasable","17":"product-type-simple","18":"entry","19":"content-bg","20":"loop-entry"},"taxonomy_info":{"product_brand":[{"value":1290,"label":"Kappa"}],"product_cat":[{"value":1488,"label":"Skandynawia"},{"value":2017,"label":"KOSZULKI M\u0141ODZIE\u017bOWE"}],"pa_homeawaythird":[{"value":1597,"label":"Home"}],"pa_rozmiar":[{"value":1821,"label":"XS"}]},"featured_image_src_large":["https:\/\/footballthrift.shop\/wp-content\/uploads\/2025\/07\/Photoroom_063_20250710_202438-1024x1024.png",1024,1024,true],"author_info":[],"comment_info":"","_links":{"self":[{"href":"https:\/\/footballthrift.shop\/de\/wp-json\/wp\/v2\/product\/82347","targetHints":{"allow":["GET"]}}],"collection":[{"href":"https:\/\/footballthrift.shop\/de\/wp-json\/wp\/v2\/product"}],"about":[{"href":"https:\/\/footballthrift.shop\/de\/wp-json\/wp\/v2\/types\/product"}],"wp:featuredmedia":[{"embeddable":true,"href":"https:\/\/footballthrift.shop\/de\/wp-json\/wp\/v2\/media\/82925"}],"wp:attachment":[{"href":"https:\/\/footballthrift.shop\/de\/wp-json\/wp\/v2\/media?parent=82347"}],"wp:term":[{"taxonomy":"product_brand","embeddable":true,"href":"https:\/\/footballthrift.shop\/de\/wp-json\/wp\/v2\/product_brand?post=82347"},{"taxonomy":"product_cat","embeddable":true,"href":"https:\/\/footballthrift.shop\/de\/wp-json\/wp\/v2\/product_cat?post=82347"},{"taxonomy":"product_tag","embeddable":true,"href":"https:\/\/footballthrift.shop\/de\/wp-json\/wp\/v2\/product_tag?post=82347"}],"curies":[{"name":"wp","href":"https:\/\/api.w.org\/{rel}","templated":true}]}}