{"id":82346,"date":"2025-07-13T17:46:54","date_gmt":"2025-07-13T15:46:54","guid":{"rendered":"https:\/\/footballthrift.shop\/?post_type=product&#038;p=82346"},"modified":"2026-03-09T11:28:10","modified_gmt":"2026-03-09T10:28:10","slug":"celtic-fc-2002-03-away-xl-2","status":"publish","type":"product","link":"https:\/\/footballthrift.shop\/de\/celtic-fc-2002-03-away-xl-2\/","title":{"rendered":"Koszulka pi\u0142karska Celtic FC 2002\/03 Away [XL]"},"content":{"rendered":"<p><strong>Verein:<\/strong> Celtic FC<\/p>\n<p><strong>Saison:<\/strong> 2002\/03 Ausw\u00e4rts<\/p>\n<p><strong>Gr\u00f6\u00dfe: <\/strong>XL<\/p>\n<p><strong>Zustand:<\/strong> Sehr gut - ein paar Mikrostiche.<\/p>\n<p><strong>Ma\u00dfe (Achselbreite\/L\u00e4nge) in cm: <\/strong>60\/77<\/p>","protected":false},"excerpt":{"rendered":"<p><strong>Original Fu\u00dfballtrikot<\/strong> schottisch, mit Sitz in<strong> Glasgow<\/strong>ein legend\u00e4rer Club <strong>Celtic FC<\/strong>. Es handelt sich um eine Reihe von Produktionen <strong>Umbro<\/strong> w\u00e4hrend der Saison verwendet<strong> 2002\/03<\/strong>In der f\u00fcr den Verein typischen gelben Farbe f\u00fcr das Ausw\u00e4rtstrikot. Das von uns angebotene Trikot zeichnet sich zus\u00e4tzlich dadurch aus, dass es lange \u00c4rmel hat, was es definitiv noch einzigartiger macht.<\/p>","protected":false},"featured_media":82809,"template":"","meta":{"_kad_blocks_custom_css":"","_kad_blocks_head_custom_js":"","_kad_blocks_body_custom_js":"","_kad_blocks_footer_custom_js":"","_kad_post_transparent":"default","_kad_post_title":"","_kad_post_layout":"default","_kad_post_sidebar_id":"","_kad_post_content_style":"default","_kad_post_vertical_padding":"default","_kad_post_feature":"","_kad_post_feature_position":"","_kad_post_header":false,"_kad_post_footer":false,"_kad_post_classname":""},"product_brand":[1285],"product_cat":[1491],"product_tag":[],"class_list":{"0":"post-82346","1":"product","2":"type-product","3":"status-publish","4":"has-post-thumbnail","6":"product_brand-umbro","7":"product_cat-kluby-szkockie","8":"pa_homeawaythird-away","9":"pa_rozmiar-xl","11":"first","12":"instock","13":"taxable","14":"shipping-taxable","15":"purchasable","16":"product-type-simple","17":"entry","18":"content-bg","19":"loop-entry"},"taxonomy_info":{"product_brand":[{"value":1285,"label":"Umbro"}],"product_cat":[{"value":1491,"label":"Szkocja"}],"pa_homeawaythird":[{"value":1598,"label":"Away"}],"pa_rozmiar":[{"value":1818,"label":"XL"}]},"featured_image_src_large":["https:\/\/footballthrift.shop\/wp-content\/uploads\/2025\/07\/Photoroom_064_20250710_202438-1024x1024.png",1024,1024,true],"author_info":[],"comment_info":"","_links":{"self":[{"href":"https:\/\/footballthrift.shop\/de\/wp-json\/wp\/v2\/product\/82346","targetHints":{"allow":["GET"]}}],"collection":[{"href":"https:\/\/footballthrift.shop\/de\/wp-json\/wp\/v2\/product"}],"about":[{"href":"https:\/\/footballthrift.shop\/de\/wp-json\/wp\/v2\/types\/product"}],"wp:featuredmedia":[{"embeddable":true,"href":"https:\/\/footballthrift.shop\/de\/wp-json\/wp\/v2\/media\/82809"}],"wp:attachment":[{"href":"https:\/\/footballthrift.shop\/de\/wp-json\/wp\/v2\/media?parent=82346"}],"wp:term":[{"taxonomy":"product_brand","embeddable":true,"href":"https:\/\/footballthrift.shop\/de\/wp-json\/wp\/v2\/product_brand?post=82346"},{"taxonomy":"product_cat","embeddable":true,"href":"https:\/\/footballthrift.shop\/de\/wp-json\/wp\/v2\/product_cat?post=82346"},{"taxonomy":"product_tag","embeddable":true,"href":"https:\/\/footballthrift.shop\/de\/wp-json\/wp\/v2\/product_tag?post=82346"}],"curies":[{"name":"wp","href":"https:\/\/api.w.org\/{rel}","templated":true}]}}