{"id":80220,"date":"2025-06-22T17:49:57","date_gmt":"2025-06-22T15:49:57","guid":{"rendered":"https:\/\/footballthrift.shop\/?post_type=product&#038;p=80220"},"modified":"2026-03-09T11:28:11","modified_gmt":"2026-03-09T10:28:11","slug":"spieler-ausgabe-italien-2000-02-home-5-l","status":"publish","type":"product","link":"https:\/\/footballthrift.shop\/de\/player-issue-wlochy-2000-02-home-5-l\/","title":{"rendered":"Koszulka pi\u0142karska PLAYER ISSUE W\u0142ochy 2000\/02 Home 5 [L]"},"content":{"rendered":"<p><strong>Verein:<\/strong> Italien<\/p>\n<p><strong>Saison:<\/strong> 2000\/02 Heimat<\/p>\n<p><strong>Gr\u00f6\u00dfe: <\/strong>L<\/p>\n<p><strong>Zustand:<\/strong> Befriedigend - sehr stark besch\u00e4digte Zehen, sowohl vorne als auch hinten am Trikot.<\/p>\n<p><strong>Ma\u00dfe (Achselbreite\/L\u00e4nge) in cm: <\/strong>53\/66<\/p>","protected":false},"excerpt":{"rendered":"<p data-start=\"160\" data-end=\"779\">Urspr\u00fcngliche Heimat <strong>Fu\u00dfballtrikot<\/strong> Vertretung <strong data-start=\"306\" data-end=\"331\">Italien 2000-2002<\/strong>in der Version mit <strong data-start=\"344\" data-end=\"362\">Langarm<\/strong>ist ein absoluter Klassiker unter den Fu\u00dfballtrikots. Hergestellt von <strong data-start=\"431\" data-end=\"440\">Kappa<\/strong>Dieses Trikot ging als Durchbruch in die Geschichte ein - es war das erste, das eine Technologie einf\u00fchrte, die auf dem <strong data-start=\"564\" data-end=\"583\">eine Beimischung von Lycra<\/strong>was das Outfit zu einem Maximum an <strong data-start=\"623\" data-end=\"676\">eng anliegend, dehnbar und k\u00f6rpernah<\/strong>. Damals war dies ein revolution\u00e4rer Schritt, der die Standards f\u00fcr das Erscheinungsbild von Fu\u00dfballern auf dem Spielfeld f\u00fcr immer ver\u00e4nderte.<\/p>\n<p data-start=\"781\" data-end=\"1227\">Es steckt in diesen legend\u00e4ren engen Hemden <strong data-start=\"826\" data-end=\"845\">Squadra Azzurra<\/strong> aufgetreten bei <strong data-start=\"859\" data-end=\"872\">Euro 2000<\/strong>Die Mannschaft schaffte es bis ins Finale des Turniers und zeigte dabei gro\u00dfartigen taktischen Fu\u00dfball und eine eiserne Defensiveinheit mit Maldini, Cannavaro und Nesta an der Spitze. Klassisch blau auf der Vorderseite, mit Platz f\u00fcr Nummer und Name auf der R\u00fcckseite, gekr\u00f6nt von einem gestickten Kappa-Logo. Die langen \u00c4rmel verleihen dem Trikot einen Hauch von Old School und machen es zu etwas ganz Besonderem.<\/p>\n<p data-start=\"1229\" data-end=\"1338\">Ideal f\u00fcr Sammler, Fans der italienischen Mannschaft und alle, die ikonische Modelle der Fu\u00dfballgeschichte zu sch\u00e4tzen wissen.<\/p>","protected":false},"featured_media":80378,"template":"","meta":{"_kad_blocks_custom_css":"","_kad_blocks_head_custom_js":"","_kad_blocks_body_custom_js":"","_kad_blocks_footer_custom_js":"","_kad_post_transparent":"default","_kad_post_title":"","_kad_post_layout":"default","_kad_post_sidebar_id":"","_kad_post_content_style":"default","_kad_post_vertical_padding":"default","_kad_post_feature":"","_kad_post_feature_position":"","_kad_post_header":false,"_kad_post_footer":false,"_kad_post_classname":""},"product_brand":[1290],"product_cat":[1487],"product_tag":[],"class_list":{"0":"post-80220","1":"product","2":"type-product","3":"status-publish","4":"has-post-thumbnail","6":"product_brand-kappa","7":"product_cat-reprezentacja-wloch","8":"pa_homeawaythird-home","9":"pa_rozmiar-l","11":"first","12":"instock","13":"taxable","14":"shipping-taxable","15":"purchasable","16":"product-type-simple","17":"entry","18":"content-bg","19":"loop-entry"},"taxonomy_info":{"product_brand":[{"value":1290,"label":"Kappa"}],"product_cat":[{"value":1487,"label":"W\u0142ochy"}],"pa_homeawaythird":[{"value":1597,"label":"Home"}],"pa_rozmiar":[{"value":1817,"label":"L"}]},"featured_image_src_large":["https:\/\/footballthrift.shop\/wp-content\/uploads\/2025\/06\/Photoroom_008_20250622_101324-1024x1024.png",1024,1024,true],"author_info":[],"comment_info":"","_links":{"self":[{"href":"https:\/\/footballthrift.shop\/de\/wp-json\/wp\/v2\/product\/80220","targetHints":{"allow":["GET"]}}],"collection":[{"href":"https:\/\/footballthrift.shop\/de\/wp-json\/wp\/v2\/product"}],"about":[{"href":"https:\/\/footballthrift.shop\/de\/wp-json\/wp\/v2\/types\/product"}],"wp:featuredmedia":[{"embeddable":true,"href":"https:\/\/footballthrift.shop\/de\/wp-json\/wp\/v2\/media\/80378"}],"wp:attachment":[{"href":"https:\/\/footballthrift.shop\/de\/wp-json\/wp\/v2\/media?parent=80220"}],"wp:term":[{"taxonomy":"product_brand","embeddable":true,"href":"https:\/\/footballthrift.shop\/de\/wp-json\/wp\/v2\/product_brand?post=80220"},{"taxonomy":"product_cat","embeddable":true,"href":"https:\/\/footballthrift.shop\/de\/wp-json\/wp\/v2\/product_cat?post=80220"},{"taxonomy":"product_tag","embeddable":true,"href":"https:\/\/footballthrift.shop\/de\/wp-json\/wp\/v2\/product_tag?post=80220"}],"curies":[{"name":"wp","href":"https:\/\/api.w.org\/{rel}","templated":true}]}}