{"id":80219,"date":"2025-06-22T17:49:58","date_gmt":"2025-06-22T15:49:58","guid":{"rendered":"https:\/\/footballthrift.shop\/?post_type=product&#038;p=80219"},"modified":"2026-03-09T11:28:11","modified_gmt":"2026-03-09T10:28:11","slug":"virtus-lanciano-2014-15-away-27-cerri-xl","status":"publish","type":"product","link":"https:\/\/footballthrift.shop\/de\/virtus-lanciano-2014-15-away-27-cerri-xl\/","title":{"rendered":"Koszulka pi\u0142karska Virtus Lanciano 2014\/15 Away 27 Cerri [XL]"},"content":{"rendered":"<p><strong>Verein:<\/strong> Virtus Lanciano<\/p>\n<p><strong>Saison:<\/strong> 2014\/15 Ausw\u00e4rts<\/p>\n<p><strong>Gr\u00f6\u00dfe: <\/strong>XL<\/p>\n<p><strong>Zustand:<\/strong> Ausgezeichnet<\/p>\n<p><strong>Ma\u00dfe (Achselbreite\/L\u00e4nge) in cm: <\/strong>51\/77<\/p>","protected":false},"excerpt":{"rendered":"<p data-start=\"152\" data-end=\"624\"><strong>Original Fu\u00dfballtrikot<\/strong> Italienischer Club <strong data-start=\"287\" data-end=\"306\">Virtus Lanciano<\/strong> aus der Saison <strong data-start=\"316\" data-end=\"327\">2014\/15<\/strong> ist eine gro\u00dfartige Erinnerung an die Zeiten, als dieses untersch\u00e4tzte Team in der Lage war, das Blut vieler Rivalen in der <strong>Serie B, <\/strong>obwohl sie im Finale nur den 14. Platz belegten, was ihnen den Klassenerhalt bescherte. Der Name auf der R\u00fcckseite lautet <strong data-start=\"461\" data-end=\"478\">Alberto Cerri<\/strong> - starker italienischer St\u00fcrmer, der gerade auf Leihbasis Erfahrungen sammelte und zeigte, dass er das Potenzial hat, in den h\u00f6heren Ligen zu spielen.<\/p>\n<p data-start=\"626\" data-end=\"946\">Es ist nicht nur ein Genuss f\u00fcr Fans von <strong>des italienischen Fu\u00dfballs<\/strong>aber auch eine Rarit\u00e4t f\u00fcr Sammler, die Trikots von weniger bekannten Vereinen und von Spielern sch\u00e4tzen, die sp\u00e4ter eine gr\u00f6\u00dfere Karriere gemacht haben.<\/p>","protected":false},"featured_media":80376,"template":"","meta":{"_kad_blocks_custom_css":"","_kad_blocks_head_custom_js":"","_kad_blocks_body_custom_js":"","_kad_blocks_footer_custom_js":"","_kad_post_transparent":"default","_kad_post_title":"","_kad_post_layout":"default","_kad_post_sidebar_id":"","_kad_post_content_style":"default","_kad_post_vertical_padding":"default","_kad_post_feature":"","_kad_post_feature_position":"","_kad_post_header":false,"_kad_post_footer":false,"_kad_post_classname":""},"product_brand":[1308],"product_cat":[1480],"product_tag":[],"class_list":{"0":"post-80219","1":"product","2":"type-product","3":"status-publish","4":"has-post-thumbnail","6":"product_brand-legea","7":"product_cat-pozostale-kluby-wloskie","8":"pa_homeawaythird-away","9":"pa_rozmiar-xl","11":"first","12":"instock","13":"taxable","14":"shipping-taxable","15":"purchasable","16":"product-type-simple","17":"entry","18":"content-bg","19":"loop-entry"},"taxonomy_info":{"product_brand":[{"value":1308,"label":"Legea"}],"product_cat":[{"value":1480,"label":"Pozosta\u0142e kluby w\u0142oskie"}],"pa_homeawaythird":[{"value":1598,"label":"Away"}],"pa_rozmiar":[{"value":1818,"label":"XL"}]},"featured_image_src_large":["https:\/\/footballthrift.shop\/wp-content\/uploads\/2025\/06\/Photoroom_017_20250622_101324-1024x1024.png",1024,1024,true],"author_info":[],"comment_info":"","_links":{"self":[{"href":"https:\/\/footballthrift.shop\/de\/wp-json\/wp\/v2\/product\/80219","targetHints":{"allow":["GET"]}}],"collection":[{"href":"https:\/\/footballthrift.shop\/de\/wp-json\/wp\/v2\/product"}],"about":[{"href":"https:\/\/footballthrift.shop\/de\/wp-json\/wp\/v2\/types\/product"}],"wp:featuredmedia":[{"embeddable":true,"href":"https:\/\/footballthrift.shop\/de\/wp-json\/wp\/v2\/media\/80376"}],"wp:attachment":[{"href":"https:\/\/footballthrift.shop\/de\/wp-json\/wp\/v2\/media?parent=80219"}],"wp:term":[{"taxonomy":"product_brand","embeddable":true,"href":"https:\/\/footballthrift.shop\/de\/wp-json\/wp\/v2\/product_brand?post=80219"},{"taxonomy":"product_cat","embeddable":true,"href":"https:\/\/footballthrift.shop\/de\/wp-json\/wp\/v2\/product_cat?post=80219"},{"taxonomy":"product_tag","embeddable":true,"href":"https:\/\/footballthrift.shop\/de\/wp-json\/wp\/v2\/product_tag?post=80219"}],"curies":[{"name":"wp","href":"https:\/\/api.w.org\/{rel}","templated":true}]}}