{"id":80215,"date":"2025-06-22T17:49:47","date_gmt":"2025-06-22T15:49:47","guid":{"rendered":"https:\/\/footballthrift.shop\/?post_type=product&#038;p=80215"},"modified":"2026-03-09T11:28:14","modified_gmt":"2026-03-09T10:28:14","slug":"player-issue-rosenborg-bk-2017-home-26-jevtovic-s","status":"publish","type":"product","link":"https:\/\/footballthrift.shop\/de\/player-issue-rosenborg-bk-2017-home-26-jevtovic-s\/","title":{"rendered":"Koszulka pi\u0142karska AUTHENTIC Rosenborg BK 2017 Home 26 Jevtovic [S]"},"content":{"rendered":"<p><strong>Verein:<\/strong> Rosenborg BK<\/p>\n<p><strong>Saison:<\/strong> 2017 Zuhause<\/p>\n<p><strong>Gr\u00f6\u00dfe: <\/strong>S<\/p>\n<p><strong>Zustand:<\/strong> Befriedigend - ein paar Mikroflecken auf der Vorderseite und ein besch\u00e4digter Sponsorenaufdruck auf der R\u00fcckseite.<\/p>\n<p><strong>Ma\u00dfe (Achselbreite\/L\u00e4nge) in cm: <\/strong>44\/69<\/p>","protected":false},"excerpt":{"rendered":"<p data-start=\"173\" data-end=\"623\"><strong>Original 2017 Rosenborg BK Heimtrikot von Adidas in der Adizero Match Version.<\/strong><\/p>\n<p data-start=\"173\" data-end=\"623\">Dieses T-Shirt ist ein schwarz-wei\u00dfer Klassiker mit einem nordischen Touch, der mit dem Logo der <strong data-start=\"410\" data-end=\"421\">Adidas<\/strong> und in der Adizero-Version, die f\u00fcr Sportler entwickelt wurde. Auf der R\u00fcckseite steht der Name <strong data-start=\"502\" data-end=\"520\">Milan Jevtovi\u0107<\/strong> - Serbischer Fl\u00fcgelspieler, der in dieser Saison die Farben des norwegischen Spitzenvereins Trondheim vertrat.<\/p>\n<p data-start=\"625\" data-end=\"922\">Das T-Shirt wurde hergestellt in <strong data-start=\"660\" data-end=\"676\">Adizero<\/strong>Der Schuh ist identisch mit dem, den die Spieler auf dem Spielfeld tragen - mit leichtem, technischem Material und spezifischen Details f\u00fcr die Spielversionen, wie d\u00fcnnere N\u00e4hte, ein spezielles Bel\u00fcftungsnetz oder hitze\u00fcbertragene Adidas-Logos und das Vereinswappen.<\/p>\n<p data-start=\"924\" data-end=\"1208\">Die Saison 2017 war sehr erfolgreich f\u00fcr Rosenborg - der Verein gewann die <strong data-start=\"981\" data-end=\"1019\">Norwegische Meisterschaft (Eliteserien)<\/strong>und Jevtovi\u0107 trug seinen Teil zur Offensivst\u00e4rke der Mannschaft bei. Dies ist ein Trikot aus der Zeit, als RBK die heimische Hintermannschaft dominierte und Norwegen erfolgreich in Europapokalen vertrat.<\/p>\n<p data-start=\"1210\" data-end=\"1420\">Die wei\u00dfe Farbgebung, die klassischen schwarzen Details und die solide Verarbeitungsqualit\u00e4t machen dieses Trikot zu einem echten Schmuckst\u00fcck f\u00fcr Fans des skandinavischen Fu\u00dfballs und f\u00fcr Sammler, die nach weniger auff\u00e4lligen, aber einzigartigen Trikots suchen.<\/p>","protected":false},"featured_media":80432,"template":"","meta":{"_kad_blocks_custom_css":"","_kad_blocks_head_custom_js":"","_kad_blocks_body_custom_js":"","_kad_blocks_footer_custom_js":"","_kad_post_transparent":"default","_kad_post_title":"","_kad_post_layout":"default","_kad_post_sidebar_id":"","_kad_post_content_style":"default","_kad_post_vertical_padding":"default","_kad_post_feature":"","_kad_post_feature_position":"","_kad_post_header":false,"_kad_post_footer":false,"_kad_post_classname":""},"product_brand":[1283],"product_cat":[1488],"product_tag":[],"class_list":{"0":"post-80215","1":"product","2":"type-product","3":"status-publish","4":"has-post-thumbnail","6":"product_brand-adidas","7":"product_cat-kluby-skandynawskie","8":"pa_homeawaythird-home","9":"pa_rozmiar-s","11":"first","12":"instock","13":"taxable","14":"shipping-taxable","15":"purchasable","16":"product-type-simple","17":"entry","18":"content-bg","19":"loop-entry"},"taxonomy_info":{"product_brand":[{"value":1283,"label":"Adidas"}],"product_cat":[{"value":1488,"label":"Skandynawia"}],"pa_homeawaythird":[{"value":1597,"label":"Home"}],"pa_rozmiar":[{"value":1815,"label":"S"}]},"featured_image_src_large":["https:\/\/footballthrift.shop\/wp-content\/uploads\/2025\/06\/Photoroom_033_20250622_101324-1024x1024.png",1024,1024,true],"author_info":[],"comment_info":"","_links":{"self":[{"href":"https:\/\/footballthrift.shop\/de\/wp-json\/wp\/v2\/product\/80215","targetHints":{"allow":["GET"]}}],"collection":[{"href":"https:\/\/footballthrift.shop\/de\/wp-json\/wp\/v2\/product"}],"about":[{"href":"https:\/\/footballthrift.shop\/de\/wp-json\/wp\/v2\/types\/product"}],"wp:featuredmedia":[{"embeddable":true,"href":"https:\/\/footballthrift.shop\/de\/wp-json\/wp\/v2\/media\/80432"}],"wp:attachment":[{"href":"https:\/\/footballthrift.shop\/de\/wp-json\/wp\/v2\/media?parent=80215"}],"wp:term":[{"taxonomy":"product_brand","embeddable":true,"href":"https:\/\/footballthrift.shop\/de\/wp-json\/wp\/v2\/product_brand?post=80215"},{"taxonomy":"product_cat","embeddable":true,"href":"https:\/\/footballthrift.shop\/de\/wp-json\/wp\/v2\/product_cat?post=80215"},{"taxonomy":"product_tag","embeddable":true,"href":"https:\/\/footballthrift.shop\/de\/wp-json\/wp\/v2\/product_tag?post=80215"}],"curies":[{"name":"wp","href":"https:\/\/api.w.org\/{rel}","templated":true}]}}