{"id":80211,"date":"2025-06-22T17:49:49","date_gmt":"2025-06-22T15:49:49","guid":{"rendered":"https:\/\/footballthrift.shop\/?post_type=product&#038;p=80211"},"modified":"2026-03-09T11:28:14","modified_gmt":"2026-03-09T10:28:14","slug":"psg-trainingshemd-2008-09-xl","status":"publish","type":"product","link":"https:\/\/footballthrift.shop\/de\/koszulka-treningowa-psg-2008-09-xl\/","title":{"rendered":"Koszulka treningowa PSG 2008\/09 [XL]"},"content":{"rendered":"<p><strong>Verein:<\/strong> PSG<\/p>\n<p><strong>Saison:<\/strong> 2008\/09<\/p>\n<p><strong>Gr\u00f6\u00dfe: <\/strong>XL<\/p>\n<p><strong>Zustand:<\/strong> Gut - ein paar Mikrostiche und ein kleiner Fleck auf der Vorderseite.<\/p>\n<p><strong>Ma\u00dfe (Achselbreite\/L\u00e4nge) in cm: <\/strong>57\/72<\/p>","protected":false},"excerpt":{"rendered":"<p><strong>Original Trainings-Fu\u00dfballtrikot<\/strong> Franz\u00f6sischer Club <strong>Paris Saint Germain.<\/strong> Die braune Farbe, charakteristisch f\u00fcr den damaligen Verein, kombiniert mit den wei\u00dfen Querstreifen ergibt eine sehr interessante Komposition, die eine ideale Alternative zum Ausw\u00e4rtstrikot darstellt.<\/p>","protected":false},"featured_media":80412,"template":"","meta":{"_kad_blocks_custom_css":"","_kad_blocks_head_custom_js":"","_kad_blocks_body_custom_js":"","_kad_blocks_footer_custom_js":"","_kad_post_transparent":"default","_kad_post_title":"","_kad_post_layout":"default","_kad_post_sidebar_id":"","_kad_post_content_style":"default","_kad_post_vertical_padding":"default","_kad_post_feature":"","_kad_post_feature_position":"","_kad_post_header":false,"_kad_post_footer":false,"_kad_post_classname":""},"product_brand":[1284],"product_cat":[1467,1423],"product_tag":[],"class_list":{"0":"post-80211","1":"product","2":"type-product","3":"status-publish","4":"has-post-thumbnail","6":"product_brand-nike","7":"product_cat-kluby-francuskie-parissaintgermain","8":"product_cat-kurtkibluzytrening","9":"pa_rozmiar-xl","11":"first","12":"instock","13":"taxable","14":"shipping-taxable","15":"purchasable","16":"product-type-simple","17":"entry","18":"content-bg","19":"loop-entry"},"taxonomy_info":{"product_brand":[{"value":1284,"label":"Nike"}],"product_cat":[{"value":1467,"label":"Paris Saint Germain"},{"value":1423,"label":"Kurtki\/bluzy\/trening"}],"pa_rozmiar":[{"value":1818,"label":"XL"}]},"featured_image_src_large":["https:\/\/footballthrift.shop\/wp-content\/uploads\/2025\/06\/Photoroom_024_20250622_101324-1024x1024.png",1024,1024,true],"author_info":[],"comment_info":"","_links":{"self":[{"href":"https:\/\/footballthrift.shop\/de\/wp-json\/wp\/v2\/product\/80211","targetHints":{"allow":["GET"]}}],"collection":[{"href":"https:\/\/footballthrift.shop\/de\/wp-json\/wp\/v2\/product"}],"about":[{"href":"https:\/\/footballthrift.shop\/de\/wp-json\/wp\/v2\/types\/product"}],"wp:featuredmedia":[{"embeddable":true,"href":"https:\/\/footballthrift.shop\/de\/wp-json\/wp\/v2\/media\/80412"}],"wp:attachment":[{"href":"https:\/\/footballthrift.shop\/de\/wp-json\/wp\/v2\/media?parent=80211"}],"wp:term":[{"taxonomy":"product_brand","embeddable":true,"href":"https:\/\/footballthrift.shop\/de\/wp-json\/wp\/v2\/product_brand?post=80211"},{"taxonomy":"product_cat","embeddable":true,"href":"https:\/\/footballthrift.shop\/de\/wp-json\/wp\/v2\/product_cat?post=80211"},{"taxonomy":"product_tag","embeddable":true,"href":"https:\/\/footballthrift.shop\/de\/wp-json\/wp\/v2\/product_tag?post=80211"}],"curies":[{"name":"wp","href":"https:\/\/api.w.org\/{rel}","templated":true}]}}