{"id":80202,"date":"2025-06-22T17:49:55","date_gmt":"2025-06-22T15:49:55","guid":{"rendered":"https:\/\/footballthrift.shop\/?post_type=product&#038;p=80202"},"modified":"2026-03-09T11:28:12","modified_gmt":"2026-03-09T10:28:12","slug":"spiel-ausgabe-estland-2021-24-auswarts-14-vassiljev-m-autogramm","status":"publish","type":"product","link":"https:\/\/footballthrift.shop\/de\/match-issue-estonia-2021-24-away-14-vassiljev-m-autograf\/","title":{"rendered":"Koszulka pi\u0142karska MATCH ISSUE Estonia 2021\/24 Away 14 Vassiljev [M] + AUTOGRAF"},"content":{"rendered":"<p><strong>Verein:<\/strong> Estland<\/p>\n<p><strong>Saison:<\/strong> 2021\/24 Ausw\u00e4rts<\/p>\n<p><strong>Gr\u00f6\u00dfe: <\/strong>M<\/p>\n<p><strong>Zustand:<\/strong> Befriedigend - Verschmutzung auf der Vorderseite und ausgefranstes Material an der Seite des Hemdes.<\/p>\n<p><strong>Ma\u00dfe (Achselbreite\/L\u00e4nge) in cm: <\/strong>51\/69<\/p>","protected":false},"excerpt":{"rendered":"<p data-start=\"185\" data-end=\"718\"><strong>Original Ausw\u00e4rtstrikot<\/strong> Vertretung <strong data-start=\"328\" data-end=\"339\">Estland<\/strong> im Laufe der Jahre <strong data-start=\"346\" data-end=\"359\">2021-2024<\/strong> ist ein einzigartiges St\u00fcck f\u00fcr Fu\u00dfballfans aus dem Baltikum. Die R\u00fcckseite tr\u00e4gt den Namen <strong data-start=\"454\" data-end=\"480\">Konstantin Vassiljev<\/strong> - eine absolute Legende des estnischen Fu\u00dfballs, langj\u00e4hriger Kapit\u00e4n der Nationalmannschaft, ein Spielmacher mit unglaublicher Vision und Erfahrung. Dar\u00fcber hinaus wurde das Trikot <strong data-start=\"631\" data-end=\"667\">vom Athleten selbst unterschrieben<\/strong>Das macht sie zu einer echten Sammlerrarit\u00e4t.<\/p>\n<p data-start=\"720\" data-end=\"1073\">Dieses besondere Modell wurde unter anderem in Sitzungen innerhalb der Kommission verwendet. <strong data-start=\"783\" data-end=\"802\">Baltic Cup 2021<\/strong>als Estland gegen Litauen und andere regionale Rivalen antrat. Das in modernem Design gehaltene Trikot in schlichtem Wei\u00df mit dezenten Details verbindet minimalistisches Design mit hochwertiger Verarbeitung - genau wie es sich f\u00fcr eine moderne Spieltagsausr\u00fcstung geh\u00f6rt.<\/p>\n<p data-start=\"1075\" data-end=\"1335\">Es ist ideal f\u00fcr Sammler, Fans von repr\u00e4sentativen Trikots und alle, die weniger offensichtliche Fu\u00dfballrichtungen zu sch\u00e4tzen wissen. Und mit <strong data-start=\"1224\" data-end=\"1266\">Vassiljevs Druck und sein Autogramm<\/strong>erh\u00e4lt dieses St\u00fcck einen einzigartigen Charakter und sentimentalen Wert.<\/p>","protected":false},"featured_media":80389,"template":"","meta":{"_kad_blocks_custom_css":"","_kad_blocks_head_custom_js":"","_kad_blocks_body_custom_js":"","_kad_blocks_footer_custom_js":"","_kad_post_transparent":"default","_kad_post_title":"","_kad_post_layout":"default","_kad_post_sidebar_id":"","_kad_post_content_style":"default","_kad_post_vertical_padding":"default","_kad_post_feature":"","_kad_post_feature_position":"","_kad_post_header":false,"_kad_post_footer":false,"_kad_post_classname":""},"product_brand":[1284],"product_cat":[1489,1409],"product_tag":[],"class_list":{"0":"post-80202","1":"product","2":"type-product","3":"status-publish","4":"has-post-thumbnail","6":"product_brand-nike","7":"product_cat-pozostale-reprezentacje-europa","8":"product_cat-match-worn-issue","9":"pa_homeawaythird-away","10":"pa_rozmiar-m","12":"first","13":"instock","14":"taxable","15":"shipping-taxable","16":"purchasable","17":"product-type-simple","18":"entry","19":"content-bg","20":"loop-entry"},"taxonomy_info":{"product_brand":[{"value":1284,"label":"Nike"}],"product_cat":[{"value":1489,"label":"Pozosta\u0142e"},{"value":1409,"label":"MATCH WORN &amp; ISSUE"}],"pa_homeawaythird":[{"value":1598,"label":"Away"}],"pa_rozmiar":[{"value":1816,"label":"M"}]},"featured_image_src_large":["https:\/\/footballthrift.shop\/wp-content\/uploads\/2025\/06\/Photoroom_003_20250622_101324-1024x1024.png",1024,1024,true],"author_info":[],"comment_info":"","_links":{"self":[{"href":"https:\/\/footballthrift.shop\/de\/wp-json\/wp\/v2\/product\/80202","targetHints":{"allow":["GET"]}}],"collection":[{"href":"https:\/\/footballthrift.shop\/de\/wp-json\/wp\/v2\/product"}],"about":[{"href":"https:\/\/footballthrift.shop\/de\/wp-json\/wp\/v2\/types\/product"}],"wp:featuredmedia":[{"embeddable":true,"href":"https:\/\/footballthrift.shop\/de\/wp-json\/wp\/v2\/media\/80389"}],"wp:attachment":[{"href":"https:\/\/footballthrift.shop\/de\/wp-json\/wp\/v2\/media?parent=80202"}],"wp:term":[{"taxonomy":"product_brand","embeddable":true,"href":"https:\/\/footballthrift.shop\/de\/wp-json\/wp\/v2\/product_brand?post=80202"},{"taxonomy":"product_cat","embeddable":true,"href":"https:\/\/footballthrift.shop\/de\/wp-json\/wp\/v2\/product_cat?post=80202"},{"taxonomy":"product_tag","embeddable":true,"href":"https:\/\/footballthrift.shop\/de\/wp-json\/wp\/v2\/product_tag?post=80202"}],"curies":[{"name":"wp","href":"https:\/\/api.w.org\/{rel}","templated":true}]}}