{"id":80199,"date":"2025-06-22T17:49:56","date_gmt":"2025-06-22T15:49:56","guid":{"rendered":"https:\/\/footballthrift.shop\/?post_type=product&#038;p=80199"},"modified":"2026-03-09T11:28:12","modified_gmt":"2026-03-09T10:28:12","slug":"england-1998-00-heim-9-shearer-l","status":"publish","type":"product","link":"https:\/\/footballthrift.shop\/de\/anglia-1998-00-home-9-shearer-l\/","title":{"rendered":"Koszulka pi\u0142karska Anglia 1998\/00 Home 9 Shearer [L]"},"content":{"rendered":"<p><strong>Verein:<\/strong> England<\/p>\n<p><strong>Saison:<\/strong> 1998\/00 Heimat<\/p>\n<p><strong>Gr\u00f6\u00dfe: <\/strong>L<\/p>\n<p><strong>Zustand:<\/strong> Befriedigend - Mikron\u00e4hte auf der Vorderseite, einige kleine Flecken und besch\u00e4digter Druck auf der R\u00fcckseite.<\/p>\n<p><strong>Ma\u00dfe (Achselbreite\/L\u00e4nge) in cm: <\/strong>56\/73<\/p>","protected":false},"excerpt":{"rendered":"<p><strong>Original Fu\u00dfballtrikot<\/strong> Vertretung <strong>England<\/strong> 1998\/00 Produktion <strong>Umbro<\/strong>.<\/p>\n<p><strong>Fu\u00dfballtrikot<\/strong> von der Zeit an, als <strong>Alan Shearer<\/strong> Er schoss kaltbl\u00fctig Tore, und jedes seiner Tore endete mit einem ikonischen Heben der Hand. 1997 - der klassische Shearer auf seinem H\u00f6hepunkt, Anf\u00fchrer der <strong>Englische Nationalmannschaft<\/strong> und die lebende Definition des \"englischen St\u00fcrmers der 90er Jahre\". Dieses wei\u00dfe Trikot mit der legend\u00e4ren Nummer 9 ist ein St\u00fcck Fu\u00dfballgeschichte - f\u00fcr Fans von <strong>Erste Liga<\/strong>, Nostalgie und schiere Feuerkraft im Strafraum.<br data-start=\"632\" data-end=\"635\" \/>Sie m\u00fcssen nicht aus 30 Metern Entfernung schie\u00dfen, um sie zu tragen - Sie m\u00fcssen nur einen guten Geschmack haben.<\/p>","protected":false},"featured_media":80383,"template":"","meta":{"_kad_blocks_custom_css":"","_kad_blocks_head_custom_js":"","_kad_blocks_body_custom_js":"","_kad_blocks_footer_custom_js":"","_kad_post_transparent":"default","_kad_post_title":"","_kad_post_layout":"default","_kad_post_sidebar_id":"","_kad_post_content_style":"default","_kad_post_vertical_padding":"default","_kad_post_feature":"","_kad_post_feature_position":"","_kad_post_header":false,"_kad_post_footer":false,"_kad_post_classname":""},"product_brand":[1285],"product_cat":[1447],"product_tag":[],"class_list":{"0":"post-80199","1":"product","2":"type-product","3":"status-publish","4":"has-post-thumbnail","6":"product_brand-umbro","7":"product_cat-reprezentacja-anglia","8":"pa_homeawaythird-home","9":"pa_rozmiar-l","11":"first","12":"instock","13":"taxable","14":"shipping-taxable","15":"purchasable","16":"product-type-simple","17":"entry","18":"content-bg","19":"loop-entry"},"taxonomy_info":{"product_brand":[{"value":1285,"label":"Umbro"}],"product_cat":[{"value":1447,"label":"Anglia"}],"pa_homeawaythird":[{"value":1597,"label":"Home"}],"pa_rozmiar":[{"value":1817,"label":"L"}]},"featured_image_src_large":["https:\/\/footballthrift.shop\/wp-content\/uploads\/2025\/06\/Photoroom_007_20250622_101324-1024x1024.png",1024,1024,true],"author_info":[],"comment_info":"","_links":{"self":[{"href":"https:\/\/footballthrift.shop\/de\/wp-json\/wp\/v2\/product\/80199","targetHints":{"allow":["GET"]}}],"collection":[{"href":"https:\/\/footballthrift.shop\/de\/wp-json\/wp\/v2\/product"}],"about":[{"href":"https:\/\/footballthrift.shop\/de\/wp-json\/wp\/v2\/types\/product"}],"wp:featuredmedia":[{"embeddable":true,"href":"https:\/\/footballthrift.shop\/de\/wp-json\/wp\/v2\/media\/80383"}],"wp:attachment":[{"href":"https:\/\/footballthrift.shop\/de\/wp-json\/wp\/v2\/media?parent=80199"}],"wp:term":[{"taxonomy":"product_brand","embeddable":true,"href":"https:\/\/footballthrift.shop\/de\/wp-json\/wp\/v2\/product_brand?post=80199"},{"taxonomy":"product_cat","embeddable":true,"href":"https:\/\/footballthrift.shop\/de\/wp-json\/wp\/v2\/product_cat?post=80199"},{"taxonomy":"product_tag","embeddable":true,"href":"https:\/\/footballthrift.shop\/de\/wp-json\/wp\/v2\/product_tag?post=80199"}],"curies":[{"name":"wp","href":"https:\/\/api.w.org\/{rel}","templated":true}]}}