{"id":79345,"date":"2025-06-15T17:44:21","date_gmt":"2025-06-15T15:44:21","guid":{"rendered":"https:\/\/footballthrift.shop\/?post_type=product&#038;p=79345"},"modified":"2026-03-09T11:28:16","modified_gmt":"2026-03-09T10:28:16","slug":"sc-bastia-2012-13-home-l","status":"publish","type":"product","link":"https:\/\/footballthrift.shop\/de\/sc-bastia-2012-13-home-l\/","title":{"rendered":"Koszulka pi\u0142karska SC Bastia 2012\/13 Home [L]"},"content":{"rendered":"<p><strong>Verein:<\/strong> SC Bastia<\/p>\n<p><strong>Saison:<\/strong> 2012\/13 Startseite<\/p>\n<p><strong>Gr\u00f6\u00dfe: <\/strong>L<\/p>\n<p><strong>Zustand:<\/strong> Ausgezeichnet<\/p>\n<p><strong>Ma\u00dfe (Achselbreite\/L\u00e4nge) in cm: <\/strong>54\/70<\/p>","protected":false},"excerpt":{"rendered":"<p data-start=\"133\" data-end=\"489\">Korsikas kultige Atmosph\u00e4re in einem Fu\u00dfballtrikot - hier ist ein <strong data-start=\"266\" data-end=\"323\">Original SC Bastia Heimtrikot aus der Saison 2012\/13<\/strong>hergestellt von der italienischen Marke <strong data-start=\"358\" data-end=\"367\">Kappa<\/strong>. Dies ist ein klassisches Modell in der unverwechselbaren blauen Farbe, mit wei\u00dfen Details und dem Vereinswappen mit dem stolzen Mohren auf der Brust.<\/p>\n<p data-start=\"491\" data-end=\"816\">Saison<strong> 2012\/13<\/strong> war au\u00dfergew\u00f6hnlich - Bastia, frisch aufgestiegen in die <strong>Liga 1<\/strong>Kappa kehrte auf die h\u00f6chste Ebene des franz\u00f6sischen Fu\u00dfballs zur\u00fcck und versuchte, sich wieder in der Elite zu etablieren. Damals konnte die Mannschaft auf die Unterst\u00fctzung eines leidenschaftlichen korsischen Publikums z\u00e4hlen, und die stilvollen Outfits von Kappa unterstrichen perfekt das Temperament und die Identit\u00e4t des Vereins.<\/p>\n<p data-start=\"818\" data-end=\"1105\">Dies ist eine ausgezeichnete Wahl f\u00fcr Fans von <strong>Franz\u00f6sischer Ball<\/strong>Sammler und diejenigen, die weniger offensichtliche Fu\u00dfballrichtungen sch\u00e4tzen.<\/p>","protected":false},"featured_media":79769,"template":"","meta":{"_kad_blocks_custom_css":"","_kad_blocks_head_custom_js":"","_kad_blocks_body_custom_js":"","_kad_blocks_footer_custom_js":"","_kad_post_transparent":"default","_kad_post_title":"","_kad_post_layout":"default","_kad_post_sidebar_id":"","_kad_post_content_style":"default","_kad_post_vertical_padding":"default","_kad_post_feature":"","_kad_post_feature_position":"","_kad_post_header":false,"_kad_post_footer":false,"_kad_post_classname":""},"product_brand":[1290],"product_cat":[1475],"product_tag":[],"class_list":{"0":"post-79345","1":"product","2":"type-product","3":"status-publish","4":"has-post-thumbnail","6":"product_brand-kappa","7":"product_cat-pozostale-kluby-francuskie","8":"pa_homeawaythird-home","9":"pa_rozmiar-l","11":"first","12":"instock","13":"taxable","14":"shipping-taxable","15":"purchasable","16":"product-type-simple","17":"entry","18":"content-bg","19":"loop-entry"},"taxonomy_info":{"product_brand":[{"value":1290,"label":"Kappa"}],"product_cat":[{"value":1475,"label":"Pozosta\u0142e kluby francuskie"}],"pa_homeawaythird":[{"value":1597,"label":"Home"}],"pa_rozmiar":[{"value":1817,"label":"L"}]},"featured_image_src_large":["https:\/\/footballthrift.shop\/wp-content\/uploads\/2025\/06\/Photoroom_018_20250614_140801-1024x1024.png",1024,1024,true],"author_info":[],"comment_info":"","_links":{"self":[{"href":"https:\/\/footballthrift.shop\/de\/wp-json\/wp\/v2\/product\/79345","targetHints":{"allow":["GET"]}}],"collection":[{"href":"https:\/\/footballthrift.shop\/de\/wp-json\/wp\/v2\/product"}],"about":[{"href":"https:\/\/footballthrift.shop\/de\/wp-json\/wp\/v2\/types\/product"}],"wp:featuredmedia":[{"embeddable":true,"href":"https:\/\/footballthrift.shop\/de\/wp-json\/wp\/v2\/media\/79769"}],"wp:attachment":[{"href":"https:\/\/footballthrift.shop\/de\/wp-json\/wp\/v2\/media?parent=79345"}],"wp:term":[{"taxonomy":"product_brand","embeddable":true,"href":"https:\/\/footballthrift.shop\/de\/wp-json\/wp\/v2\/product_brand?post=79345"},{"taxonomy":"product_cat","embeddable":true,"href":"https:\/\/footballthrift.shop\/de\/wp-json\/wp\/v2\/product_cat?post=79345"},{"taxonomy":"product_tag","embeddable":true,"href":"https:\/\/footballthrift.shop\/de\/wp-json\/wp\/v2\/product_tag?post=79345"}],"curies":[{"name":"wp","href":"https:\/\/api.w.org\/{rel}","templated":true}]}}