{"id":79341,"date":"2025-06-15T17:44:24","date_gmt":"2025-06-15T15:44:24","guid":{"rendered":"https:\/\/footballthrift.shop\/?post_type=product&#038;p=79341"},"modified":"2026-03-09T11:28:15","modified_gmt":"2026-03-09T10:28:15","slug":"rakow-czestochowa-2022-23-home-2-petrasek-l","status":"publish","type":"product","link":"https:\/\/footballthrift.shop\/de\/rakow-czestochowa-2022-23-home-2-petrasek-l\/","title":{"rendered":"Koszulka pi\u0142karska Rak\u00f3w Cz\u0119stochowa 2022\/23 Home 2 Petrasek [L]"},"content":{"rendered":"<p><strong>Verein:<\/strong> Rak\u00f3w Cz\u0119stochowa<\/p>\n<p><strong>Saison:<\/strong> 2022\/23 Heimat<\/p>\n<p><strong>Gr\u00f6\u00dfe: <\/strong>L<\/p>\n<p><strong>Zustand:<\/strong> Ausgezeichnet<\/p>\n<p><strong>Ma\u00dfe (Achselbreite\/L\u00e4nge) in cm: <\/strong>53\/72<\/p>","protected":false},"excerpt":{"rendered":"<p data-start=\"158\" data-end=\"639\">Original <strong data-start=\"273\" data-end=\"338\">Rakov Cz\u0119stochowa Heimtrikot aus der Saison 2022\/23<\/strong> ist ein einzigartiges Souvenir von <strong data-start=\"363\" data-end=\"387\">historische Saison<\/strong>in dem der Klub nach <strong data-start=\"414\" data-end=\"456\">erste polnische Meisterschaft \u00fcberhaupt<\/strong>. In den unverwechselbaren Farben Rot und Blau gehalten, mit einem dynamischen Design und modernem Schnitt, spiegelt das Trikot den offensiven, ehrgeizigen Spielstil der Mannschaft von unter Jasna Gora wider.<\/p>\n<p data-start=\"641\" data-end=\"1002\">Der Name auf der R\u00fcckseite lautet <strong data-start=\"670\" data-end=\"689\">Tomas Petrasek<\/strong>Rakovs charismatischer Kapit\u00e4n und Verteidigungspfeiler. Der tschechische Stopper, der sich mit dem Verein von der ersten Liga bis zum Ekstraklasa-Podium hochgearbeitet hat, hat in der Saison <strong>2022\/23<\/strong> war erneut eines der wichtigsten Glieder der Mannschaft <strong>Mark Papszun<\/strong> - nicht nur effektiv in der Annahme, sondern auch gef\u00e4hrlich vor dem gegnerischen Tor bei bestimmten Spielz\u00fcgen.<\/p>\n<p data-start=\"1273\" data-end=\"1535\">F\u00fcr Unterst\u00fctzer <strong>Rakowa<\/strong> ist nicht nur ein Trikot - es ist ein Symbol des Sieges, der Loyalit\u00e4t und eines nach Jahren harter Arbeit erf\u00fcllten Fu\u00dfballtraums. Und f\u00fcr Fu\u00dfballfans - ein einzigartiges Trikot aus der Zeit, als Rak\u00f3w nicht nur mit dem Spiel begeisterte, sondern auch eine neue Geschichte schrieb<strong> Ekstraklasa<\/strong>.<\/p>","protected":false},"featured_media":79759,"template":"","meta":{"_kad_blocks_custom_css":"","_kad_blocks_head_custom_js":"","_kad_blocks_body_custom_js":"","_kad_blocks_footer_custom_js":"","_kad_post_transparent":"default","_kad_post_title":"","_kad_post_layout":"default","_kad_post_sidebar_id":"","_kad_post_content_style":"default","_kad_post_vertical_padding":"default","_kad_post_feature":"","_kad_post_feature_position":"","_kad_post_header":false,"_kad_post_footer":false,"_kad_post_classname":""},"product_brand":[2013],"product_cat":[1468],"product_tag":[],"class_list":{"0":"post-79341","1":"product","2":"type-product","3":"status-publish","4":"has-post-thumbnail","6":"product_brand-4f","7":"product_cat-pozostale-kluby-polskie","8":"pa_homeawaythird-home","9":"pa_rozmiar-l","11":"first","12":"instock","13":"taxable","14":"shipping-taxable","15":"purchasable","16":"product-type-simple","17":"entry","18":"content-bg","19":"loop-entry"},"taxonomy_info":{"product_brand":[{"value":2013,"label":"4F"}],"product_cat":[{"value":1468,"label":"Pozosta\u0142e kluby polskie"}],"pa_homeawaythird":[{"value":1597,"label":"Home"}],"pa_rozmiar":[{"value":1817,"label":"L"}]},"featured_image_src_large":["https:\/\/footballthrift.shop\/wp-content\/uploads\/2025\/06\/Photoroom_066_20250614_140801-1024x1024.png",1024,1024,true],"author_info":[],"comment_info":"","_links":{"self":[{"href":"https:\/\/footballthrift.shop\/de\/wp-json\/wp\/v2\/product\/79341","targetHints":{"allow":["GET"]}}],"collection":[{"href":"https:\/\/footballthrift.shop\/de\/wp-json\/wp\/v2\/product"}],"about":[{"href":"https:\/\/footballthrift.shop\/de\/wp-json\/wp\/v2\/types\/product"}],"wp:featuredmedia":[{"embeddable":true,"href":"https:\/\/footballthrift.shop\/de\/wp-json\/wp\/v2\/media\/79759"}],"wp:attachment":[{"href":"https:\/\/footballthrift.shop\/de\/wp-json\/wp\/v2\/media?parent=79341"}],"wp:term":[{"taxonomy":"product_brand","embeddable":true,"href":"https:\/\/footballthrift.shop\/de\/wp-json\/wp\/v2\/product_brand?post=79341"},{"taxonomy":"product_cat","embeddable":true,"href":"https:\/\/footballthrift.shop\/de\/wp-json\/wp\/v2\/product_cat?post=79341"},{"taxonomy":"product_tag","embeddable":true,"href":"https:\/\/footballthrift.shop\/de\/wp-json\/wp\/v2\/product_tag?post=79341"}],"curies":[{"name":"wp","href":"https:\/\/api.w.org\/{rel}","templated":true}]}}