{"id":79335,"date":"2025-06-15T17:44:05","date_gmt":"2025-06-15T15:44:05","guid":{"rendered":"https:\/\/footballthrift.shop\/?post_type=product&#038;p=79335"},"modified":"2026-03-09T11:28:20","modified_gmt":"2026-03-09T10:28:20","slug":"newcastle-united-fc-2022-23-fourth-l","status":"publish","type":"product","link":"https:\/\/footballthrift.shop\/de\/newcastle-united-fc-2022-23-fourth-l\/","title":{"rendered":"Koszulka pi\u0142karska Newcastle United FC 2022\/23 Fourth [L]"},"content":{"rendered":"<p><strong>Verein:<\/strong> Newcastle United FC<\/p>\n<p><strong>Saison:<\/strong> 2022\/23 Vierte<\/p>\n<p><strong>Gr\u00f6\u00dfe: <\/strong>L<\/p>\n<p><strong>Zustand:<\/strong> Zufriedenstellend - ein paar Mikroflecken auf der Vorderseite und dem \u00c4rmel und ein kleiner Riss auf dem R\u00fccken.<\/p>\n<p><strong>Ma\u00dfe (Achselbreite\/L\u00e4nge) in cm: <\/strong>56\/75<\/p>","protected":false},"excerpt":{"rendered":"<p data-start=\"0\" data-end=\"69\"><strong data-start=\"0\" data-end=\"67\">Das originale vierte Trikot von Newcastle United 2022\/23.<\/strong><\/p>\n<p data-start=\"71\" data-end=\"549\">Wir pr\u00e4sentieren eine einzigartige <strong data-start=\"95\" data-end=\"159\">Das vierte Trikot von Newcastle United f\u00fcr die Saison 2022\/23<\/strong>hergestellt von der Marke <strong data-start=\"187\" data-end=\"198\">Castore<\/strong>. Dieses seltene und \u00e4u\u00dferst beeindruckende Modell zeichnet sich durch seine <strong data-start=\"252\" data-end=\"287\">marineblaues Farbschema<\/strong> und ein einzigartiger Druck mit der Darstellung <strong data-start=\"331\" data-end=\"370\">die Stadtsilhouette von Newcastle upon Tyne<\/strong> - mit markanten Br\u00fccken und historischen Geb\u00e4uden, die der Stolz der \u00f6rtlichen Gemeinde sind. Mit diesem Projekt soll die Verbundenheit des Vereins mit seiner Stadt und seinen Fans betont werden.<\/p>\n<p data-start=\"551\" data-end=\"967\">Das T-Shirt ist aus hochwertigem, leichtem und atmungsaktivem Material gefertigt und sorgt f\u00fcr Komfort im Alltag und bei sportlichen Aktivit\u00e4ten. Die Brust bietet <strong data-start=\"730\" data-end=\"765\">Gesticktes Wappen von Newcastle United<\/strong>Das Castore-Logo und der Sponsorenaufdruck aus der Saison 2022\/23 best\u00e4tigen die Authentizit\u00e4t. Subtile Details und ein schlanker Schnitt sorgen f\u00fcr einen modernen Touch.<\/p>\n<p data-start=\"969\" data-end=\"1334\">Die Saison 2022\/23 war f\u00fcr <strong data-start=\"991\" data-end=\"1011\">Newcastle United<\/strong> ein Wendepunkt - die von Eddie Howe gef\u00fchrte Mannschaft kehrte an die Spitze der Premier League zur\u00fcck und beeindruckte mit ihrer defensiven Solidit\u00e4t und ihrem spektakul\u00e4ren Spiel. Auf dem einzigartigen Trikot war unter anderem Folgendes zu sehen. <strong data-start=\"1206\" data-end=\"1271\">Bruno Guimar\u00e3es, Kieran Trippier, Joelinton oder Callum Wilson<\/strong>die die Magpies in die europ\u00e4ischen Pokalwettbewerbe gef\u00fchrt haben.<\/p>\n<p data-start=\"1336\" data-end=\"1592\">Diese <strong data-start=\"1339\" data-end=\"1397\">Original Newcastle United 2022\/23 Fu\u00dfballtrikot<\/strong> mit einer Grafik, die die Skyline der Stadt darstellt, ist ein echter Leckerbissen f\u00fcr Sammler und Fans des Vereins. Sie verbindet perfekt modernes Design, lokale Symbolik und einen besonderen Moment in der Geschichte der \"Magpies\".<\/p>","protected":false},"featured_media":79819,"template":"","meta":{"_kad_blocks_custom_css":"","_kad_blocks_head_custom_js":"","_kad_blocks_body_custom_js":"","_kad_blocks_footer_custom_js":"","_kad_post_transparent":"default","_kad_post_title":"","_kad_post_layout":"default","_kad_post_sidebar_id":"","_kad_post_content_style":"default","_kad_post_vertical_padding":"default","_kad_post_feature":"","_kad_post_feature_position":"","_kad_post_header":false,"_kad_post_footer":false,"_kad_post_classname":""},"product_brand":[1384],"product_cat":[15,2031,1485],"product_tag":[],"class_list":{"0":"post-79335","1":"product","2":"type-product","3":"status-publish","4":"has-post-thumbnail","6":"product_brand-castore","7":"product_cat-bez-kategorii","8":"product_cat-newcastle-united-fc","9":"product_cat-pozostale-kluby-angielskie","10":"pa_homeawaythird-fourth","11":"pa_rozmiar-l","13":"first","14":"instock","15":"taxable","16":"shipping-taxable","17":"purchasable","18":"product-type-simple","19":"entry","20":"content-bg","21":"loop-entry"},"taxonomy_info":{"product_brand":[{"value":1384,"label":"Castore"}],"product_cat":[{"value":15,"label":"Bez kategorii"},{"value":2031,"label":"Newcastle United FC"},{"value":1485,"label":"Pozosta\u0142e kluby angielskie"}],"pa_homeawaythird":[{"value":1964,"label":"Fourth"}],"pa_rozmiar":[{"value":1817,"label":"L"}]},"featured_image_src_large":["https:\/\/footballthrift.shop\/wp-content\/uploads\/2025\/06\/Photoroom_020_20250614_140801-1024x1024.png",1024,1024,true],"author_info":[],"comment_info":"","_links":{"self":[{"href":"https:\/\/footballthrift.shop\/de\/wp-json\/wp\/v2\/product\/79335","targetHints":{"allow":["GET"]}}],"collection":[{"href":"https:\/\/footballthrift.shop\/de\/wp-json\/wp\/v2\/product"}],"about":[{"href":"https:\/\/footballthrift.shop\/de\/wp-json\/wp\/v2\/types\/product"}],"wp:featuredmedia":[{"embeddable":true,"href":"https:\/\/footballthrift.shop\/de\/wp-json\/wp\/v2\/media\/79819"}],"wp:attachment":[{"href":"https:\/\/footballthrift.shop\/de\/wp-json\/wp\/v2\/media?parent=79335"}],"wp:term":[{"taxonomy":"product_brand","embeddable":true,"href":"https:\/\/footballthrift.shop\/de\/wp-json\/wp\/v2\/product_brand?post=79335"},{"taxonomy":"product_cat","embeddable":true,"href":"https:\/\/footballthrift.shop\/de\/wp-json\/wp\/v2\/product_cat?post=79335"},{"taxonomy":"product_tag","embeddable":true,"href":"https:\/\/footballthrift.shop\/de\/wp-json\/wp\/v2\/product_tag?post=79335"}],"curies":[{"name":"wp","href":"https:\/\/api.w.org\/{rel}","templated":true}]}}