{"id":79319,"date":"2025-06-15T17:43:49","date_gmt":"2025-06-15T15:43:49","guid":{"rendered":"https:\/\/footballthrift.shop\/?post_type=product&#038;p=79319"},"modified":"2026-03-09T11:28:23","modified_gmt":"2026-03-09T10:28:23","slug":"fc-kopenhaga-2016-17-third-l","status":"publish","type":"product","link":"https:\/\/footballthrift.shop\/de\/fc-kopenhaga-2016-17-third-l\/","title":{"rendered":"Koszulka pi\u0142karska FC Kopenhaga 2016\/17 Third [L]"},"content":{"rendered":"<p><strong>Verein:<\/strong> FC Kopenhagen<\/p>\n<p><strong>Saison:<\/strong> 2016\/17 Dritter<\/p>\n<p><strong>Gr\u00f6\u00dfe: <\/strong>L<\/p>\n<p><strong>Zustand:<\/strong> Ausgezeichnet<\/p>\n<p><strong>Ma\u00dfe (Achselbreite\/L\u00e4nge) in cm: <\/strong>53\/75<\/p>","protected":false},"excerpt":{"rendered":"<p data-start=\"0\" data-end=\"74\"><strong data-start=\"0\" data-end=\"72\">Das original FC Kopenhagen dritte Fu\u00dfballtrikot - Adidas 2016\/17.<\/strong><\/p>\n<p data-start=\"76\" data-end=\"531\">Entdecken Sie das einzigartige Modell, das <strong data-start=\"111\" data-end=\"183\">Das originale dritte Fu\u00dfballtrikot des FC Kopenhagen aus der Saison 2016\/17<\/strong>hergestellt von einem renommierten Unternehmen <strong data-start=\"222\" data-end=\"232\">Adidas<\/strong>. Diese seltene Option in einer eleganten <strong data-start=\"278\" data-end=\"299\">rot gef\u00e4rbt<\/strong> bietet eine Alternative zu den traditionellen blau-wei\u00dfen Vereinsfarben. Es wurde f\u00fcr Ausw\u00e4rtsspiele und Europapokalauftritte entworfen, bei denen der FC Kopenhagen gegen die Topteams des Kontinents antrat.<\/p>\n<p data-start=\"533\" data-end=\"1015\">Das T-Shirt wird mit moderner Technologie hergestellt <strong data-start=\"582\" data-end=\"595\">Climacool<\/strong>die f\u00fcr eine hervorragende Bel\u00fcftung und einen hohen Tragekomfort sorgt - sowohl auf dem Spielfeld als auch im Alltag. Auf der Brust prangt stolz das Wappen <strong data-start=\"728\" data-end=\"744\">FC K\u00f8benhavn<\/strong> mit einem markanten L\u00f6wen, daneben ein dezentes Logo <strong data-start=\"811\" data-end=\"822\">Adidas<\/strong>die das minimalistische und doch dynamische Design erg\u00e4nzen. Subtile Details, wie die kontrastierenden wei\u00dfen \u00c4rmelabschl\u00fcsse, tragen zu seinem einzigartigen Charakter bei.<\/p>\n<p data-start=\"1017\" data-end=\"1445\">Saison <strong>2016\/17<\/strong> war erfolgreich f\u00fcr den Verein - <strong>FC Kopenhagen<\/strong> gewann die d\u00e4nische Meisterschaft und erreichte die K.o.-Runde der Europa League. Dieses Trikot ist ein Andenken an eine der besten Zeiten in der Geschichte der Mannschaft. <strong data-start=\"1219\" data-end=\"1252\">Original Fu\u00dfballtrikot<\/strong> aus dieser Saison ist eine ausgezeichnete Wahl f\u00fcr Sammler, Fans des skandinavischen Fu\u00dfballs und Anh\u00e4nger des Vereins aus der d\u00e4nischen Hauptstadt, die ein einzigartiges St\u00fcck Vereinsgeschichte in ihrer Sammlung haben m\u00f6chten.<\/p>","protected":false},"featured_media":79905,"template":"","meta":{"_kad_blocks_custom_css":"","_kad_blocks_head_custom_js":"","_kad_blocks_body_custom_js":"","_kad_blocks_footer_custom_js":"","_kad_post_transparent":"default","_kad_post_title":"","_kad_post_layout":"default","_kad_post_sidebar_id":"","_kad_post_content_style":"default","_kad_post_vertical_padding":"default","_kad_post_feature":"","_kad_post_feature_position":"","_kad_post_header":false,"_kad_post_footer":false,"_kad_post_classname":""},"product_brand":[1283],"product_cat":[1488],"product_tag":[],"class_list":{"0":"post-79319","1":"product","2":"type-product","3":"status-publish","4":"has-post-thumbnail","6":"product_brand-adidas","7":"product_cat-kluby-skandynawskie","8":"pa_homeawaythird-third","9":"pa_rozmiar-l","11":"first","12":"instock","13":"taxable","14":"shipping-taxable","15":"purchasable","16":"product-type-simple","17":"entry","18":"content-bg","19":"loop-entry"},"taxonomy_info":{"product_brand":[{"value":1283,"label":"Adidas"}],"product_cat":[{"value":1488,"label":"Skandynawia"}],"pa_homeawaythird":[{"value":1599,"label":"Third"}],"pa_rozmiar":[{"value":1817,"label":"L"}]},"featured_image_src_large":["https:\/\/footballthrift.shop\/wp-content\/uploads\/2025\/06\/Photoroom_004_20250614_140801-1024x1024.png",1024,1024,true],"author_info":[],"comment_info":"","_links":{"self":[{"href":"https:\/\/footballthrift.shop\/de\/wp-json\/wp\/v2\/product\/79319","targetHints":{"allow":["GET"]}}],"collection":[{"href":"https:\/\/footballthrift.shop\/de\/wp-json\/wp\/v2\/product"}],"about":[{"href":"https:\/\/footballthrift.shop\/de\/wp-json\/wp\/v2\/types\/product"}],"wp:featuredmedia":[{"embeddable":true,"href":"https:\/\/footballthrift.shop\/de\/wp-json\/wp\/v2\/media\/79905"}],"wp:attachment":[{"href":"https:\/\/footballthrift.shop\/de\/wp-json\/wp\/v2\/media?parent=79319"}],"wp:term":[{"taxonomy":"product_brand","embeddable":true,"href":"https:\/\/footballthrift.shop\/de\/wp-json\/wp\/v2\/product_brand?post=79319"},{"taxonomy":"product_cat","embeddable":true,"href":"https:\/\/footballthrift.shop\/de\/wp-json\/wp\/v2\/product_cat?post=79319"},{"taxonomy":"product_tag","embeddable":true,"href":"https:\/\/footballthrift.shop\/de\/wp-json\/wp\/v2\/product_tag?post=79319"}],"curies":[{"name":"wp","href":"https:\/\/api.w.org\/{rel}","templated":true}]}}