{"id":79317,"date":"2025-06-15T17:43:51","date_gmt":"2025-06-15T15:43:51","guid":{"rendered":"https:\/\/footballthrift.shop\/?post_type=product&#038;p=79317"},"modified":"2026-03-09T11:28:22","modified_gmt":"2026-03-09T10:28:22","slug":"fc-bayern-monachium-1995-97-auswarts-18-klinsmann-xl","status":"publish","type":"product","link":"https:\/\/footballthrift.shop\/de\/fc-bayern-monachium-1995-97-away-18-klinsmann-xl\/","title":{"rendered":"Koszulka pi\u0142karska FC Bayern Monachium 1996\/98 Away 18 Klinsmann [XL]"},"content":{"rendered":"<p><strong>Verein:<\/strong> FC Bayern M\u00fcnchen<\/p>\n<p><strong>Saison:<\/strong> 1996\/98 Ausw\u00e4rts<\/p>\n<p><strong>Gr\u00f6\u00dfe: <\/strong>XL<\/p>\n<p><strong>Zustand:<\/strong> Sehr gut - vernachl\u00e4ssigbare Menge an Mikron\u00e4hten.<\/p>\n<p><strong>Ma\u00dfe (Achselbreite\/L\u00e4nge) in cm: <\/strong>62\/76<\/p>","protected":false},"excerpt":{"rendered":"<p data-start=\"0\" data-end=\"112\"><strong data-start=\"0\" data-end=\"110\">Original Bayern M\u00fcnchen Ausw\u00e4rtstrikot \u2013 Adidas 1996\/98,  mit Aufdruck von J\u00fcrgen Klinsmann.\u00a0<\/strong><\/p>\n<p data-start=\"114\" data-end=\"657\">Wir stellen vor: <strong data-start=\"128\" data-end=\"203\">Original-Ausw\u00e4rtstrikot des FC Bayern M\u00fcnchen aus den Jahren 1996\u201398<\/strong>hergestellt von Adidas, mit dem legend\u00e4ren Aufdruck <em data-start=\"257\" data-end=\"271\">Klinsmann 18<\/em>. Dieses klassische Modell ist eine echte Rarit\u00e4t f\u00fcr Retro-Fans. Es zeichnet sich durch seine einzigartige wei\u00dfe Farbe mit einem vertikalen blauen und roten Streifen aus, der die Tradition und das Prestige des bayerischen Riesen unterstreicht. Das unverwechselbare Logo <strong data-start=\"484\" data-end=\"492\">Opel<\/strong> auf der Vorderseite f\u00e4ngt die Atmosph\u00e4re des 90er-Jahre-Fu\u00dfballs perfekt ein, w\u00e4hrend das gro\u00dfe gestickte Adidas-Logo und das Vereinswappen auf der linken Seite dem Trikot eine einzigartige Note verleihen.<\/p>\n<p data-start=\"659\" data-end=\"1101\">In dieser Zeit <strong data-start=\"673\" data-end=\"693\">J\u00fcrgen Klinsmann<\/strong>Der Weltklassest\u00fcrmer und Weltmeister von 1990 begeisterte die Fans mit seiner Effektivit\u00e4t. Bei den Bayern erzielte er sowohl in der Bundesliga als auch in den europ\u00e4ischen Wettbewerben wichtige Tore und verhalf der Mannschaft zum Gewinn des <strong>UEFA-Pokal<\/strong> im Jahr 1996 und k\u00e4mpfte um die besten Tore in der deutschen Liga. Das Trikot weckt perfekt die Erinnerungen an diese Zeiten, als Klinsmann eine der S\u00e4ulen der Offensive war.<\/p>\n<p data-start=\"1103\" data-end=\"1541\" data-is-last-node=\"\" data-is-only-node=\"\">Das Modell ist aus einem robusten, leicht gl\u00e4nzenden, dicken Stoff gefertigt, der f\u00fcr die Designs von Adidas aus der Mitte der 90er Jahre charakteristisch ist, mit einem klassischen Kragen und den ikonischen drei Streifen an den \u00c4rmeln. Dieses <strong data-start=\"1295\" data-end=\"1346\">Original Bayern M\u00fcnchen Fu\u00dfballtrikot<\/strong>die Geschichte und au\u00dfergew\u00f6hnliches Design vereint - ein Muss f\u00fcr jeden Sammler und Retro-Fu\u00dfballfan, insbesondere f\u00fcr diejenigen, die Klinsmanns Beitrag zu den Erfolgen der Bayern sch\u00e4tzen.<\/p>","protected":false},"featured_media":79901,"template":"","meta":{"_kad_blocks_custom_css":"","_kad_blocks_head_custom_js":"","_kad_blocks_body_custom_js":"","_kad_blocks_footer_custom_js":"","_kad_post_transparent":"default","_kad_post_title":"","_kad_post_layout":"default","_kad_post_sidebar_id":"","_kad_post_content_style":"default","_kad_post_vertical_padding":"default","_kad_post_feature":"","_kad_post_feature_position":"","_kad_post_header":false,"_kad_post_footer":false,"_kad_post_classname":""},"product_brand":[1283],"product_cat":[1455],"product_tag":[],"class_list":{"0":"post-79317","1":"product","2":"type-product","3":"status-publish","4":"has-post-thumbnail","6":"product_brand-adidas","7":"product_cat-kluby-niemieckie-fcbayernmonachium","8":"pa_homeawaythird-away","9":"pa_rozmiar-xl","11":"first","12":"instock","13":"taxable","14":"shipping-taxable","15":"purchasable","16":"product-type-simple","17":"entry","18":"content-bg","19":"loop-entry"},"taxonomy_info":{"product_brand":[{"value":1283,"label":"Adidas"}],"product_cat":[{"value":1455,"label":"FC Bayern Monachium"}],"pa_homeawaythird":[{"value":1598,"label":"Away"}],"pa_rozmiar":[{"value":1818,"label":"XL"}]},"featured_image_src_large":["https:\/\/footballthrift.shop\/wp-content\/uploads\/2025\/06\/Photoroom_086_20250614_140801-1024x1024.png",1024,1024,true],"author_info":[],"comment_info":"","_links":{"self":[{"href":"https:\/\/footballthrift.shop\/de\/wp-json\/wp\/v2\/product\/79317","targetHints":{"allow":["GET"]}}],"collection":[{"href":"https:\/\/footballthrift.shop\/de\/wp-json\/wp\/v2\/product"}],"about":[{"href":"https:\/\/footballthrift.shop\/de\/wp-json\/wp\/v2\/types\/product"}],"wp:featuredmedia":[{"embeddable":true,"href":"https:\/\/footballthrift.shop\/de\/wp-json\/wp\/v2\/media\/79901"}],"wp:attachment":[{"href":"https:\/\/footballthrift.shop\/de\/wp-json\/wp\/v2\/media?parent=79317"}],"wp:term":[{"taxonomy":"product_brand","embeddable":true,"href":"https:\/\/footballthrift.shop\/de\/wp-json\/wp\/v2\/product_brand?post=79317"},{"taxonomy":"product_cat","embeddable":true,"href":"https:\/\/footballthrift.shop\/de\/wp-json\/wp\/v2\/product_cat?post=79317"},{"taxonomy":"product_tag","embeddable":true,"href":"https:\/\/footballthrift.shop\/de\/wp-json\/wp\/v2\/product_tag?post=79317"}],"curies":[{"name":"wp","href":"https:\/\/api.w.org\/{rel}","templated":true}]}}