{"id":79316,"date":"2025-06-15T17:43:51","date_gmt":"2025-06-15T15:43:51","guid":{"rendered":"https:\/\/footballthrift.shop\/?post_type=product&#038;p=79316"},"modified":"2026-03-09T11:28:22","modified_gmt":"2026-03-09T10:28:22","slug":"fc-bayern-monachium-2015-16-auswarts-25-muller-l","status":"publish","type":"product","link":"https:\/\/footballthrift.shop\/de\/fc-bayern-monachium-2015-16-away-25-muller-l\/","title":{"rendered":"Koszulka pi\u0142karska FC Bayern Monachium 2015\/16 Away 25 Muller [L]"},"content":{"rendered":"<p><strong>Verein:<\/strong> FC Bayern M\u00fcnchen<\/p>\n<p><strong>Saison:<\/strong> 2015\/16 Ausw\u00e4rts<\/p>\n<p><strong>Gr\u00f6\u00dfe: <\/strong>L<\/p>\n<p><strong>Zustand:<\/strong> Gut - leichte Verschmutzungen und ein Mikroriss auf der Nummerierung auf der R\u00fcckseite.<\/p>\n<p><strong>Ma\u00dfe (Achselbreite\/L\u00e4nge) in cm: <\/strong>55\/75<\/p>","protected":false},"excerpt":{"rendered":"<p data-start=\"0\" data-end=\"109\"><strong data-start=\"0\" data-end=\"107\">Original Bayern M\u00fcnchen Ausw\u00e4rtstrikot - Adidas 2015\/16 mit Thomas M\u00fcller bedruckt.<\/strong><\/p>\n<p data-start=\"111\" data-end=\"767\">Wir stellen vor: <strong data-start=\"125\" data-end=\"203\">Bayern M\u00fcnchens originales Ausw\u00e4rtstrikot aus der Saison 2015\/16<\/strong>hergestellt von <strong>Adidas<\/strong>mit einem offiziellen Druck eines der gr\u00f6\u00dften Symbole des bayerischen Vereins - der <strong data-start=\"307\" data-end=\"326\">Thomas M\u00fcller<\/strong>. Dieses Modell hat einen eleganten wei\u00dfen Grundton mit markanten grauen Eins\u00e4tzen auf der Brust und den klassischen drei Streifen in Rot auf den Schultern. Dezente kastanienbraune Akzente an den Manschetten verleihen dem Trikot Prestige und spielen auf die traditionellen Farben des FC Bayern an. Auf der Vorderseite sind das Vereinswappen und das Logo des Sponsors T-Mobile aufgestickt, w\u00e4hrend die R\u00fcckseite mit dem offiziellen Aufdruck der <em data-start=\"711\" data-end=\"722\">M\u00fcller 25<\/em>in der Original-Schriftart des Clubs erstellt.<\/p>\n<p data-start=\"769\" data-end=\"1139\">Die Saison 2015\/16 war ein weiterer Kraftakt f\u00fcr die Bayern unter Pep Guardiola: Die Mannschaft gewann die deutsche Meisterschaft und triumphierte auch im deutschen Pokal. <strong data-start=\"925\" data-end=\"942\">Thomas M\u00fcller<\/strong> Danach spielte er eine der besten Saisons seiner Karriere, in der er eine beeindruckende Anzahl von Toren und Vorlagen in der Bundesliga und der Champions League erzielte und seine Vielseitigkeit und seinen einzigartigen Spielstil unter Beweis stellte.<\/p>\n<p data-start=\"1141\" data-end=\"1548\" data-is-last-node=\"\" data-is-only-node=\"\">Das T-Shirt wird hergestellt aus <em data-start=\"1181\" data-end=\"1192\">Climacool<\/em>die eine hervorragende Atmungsaktivit\u00e4t und einen hohen Tragekomfort garantiert. Diese <strong data-start=\"1257\" data-end=\"1308\">Original Bayern M\u00fcnchen Fu\u00dfballtrikot<\/strong>ist ideal f\u00fcr jeden Sammler und Fan, der ein Modell aus der \u00c4ra Guardiola und den besten Jahren von Thomas M\u00fcller in seiner Sammlung haben m\u00f6chte. Ideal zum Ausstellen, zum t\u00e4glichen Tragen oder als einzigartiges Souvenir an die dominante \u00c4ra der Bayern.<\/p>","protected":false},"featured_media":79899,"template":"","meta":{"_kad_blocks_custom_css":"","_kad_blocks_head_custom_js":"","_kad_blocks_body_custom_js":"","_kad_blocks_footer_custom_js":"","_kad_post_transparent":"default","_kad_post_title":"","_kad_post_layout":"default","_kad_post_sidebar_id":"","_kad_post_content_style":"default","_kad_post_vertical_padding":"default","_kad_post_feature":"","_kad_post_feature_position":"","_kad_post_header":false,"_kad_post_footer":false,"_kad_post_classname":""},"product_brand":[1283],"product_cat":[1455],"product_tag":[],"class_list":{"0":"post-79316","1":"product","2":"type-product","3":"status-publish","4":"has-post-thumbnail","6":"product_brand-adidas","7":"product_cat-kluby-niemieckie-fcbayernmonachium","8":"pa_homeawaythird-away","9":"pa_rozmiar-l","11":"first","12":"instock","13":"taxable","14":"shipping-taxable","15":"purchasable","16":"product-type-simple","17":"entry","18":"content-bg","19":"loop-entry"},"taxonomy_info":{"product_brand":[{"value":1283,"label":"Adidas"}],"product_cat":[{"value":1455,"label":"FC Bayern Monachium"}],"pa_homeawaythird":[{"value":1598,"label":"Away"}],"pa_rozmiar":[{"value":1817,"label":"L"}]},"featured_image_src_large":["https:\/\/footballthrift.shop\/wp-content\/uploads\/2025\/06\/Photoroom_106_20250614_140801-1024x1024.png",1024,1024,true],"author_info":[],"comment_info":"","_links":{"self":[{"href":"https:\/\/footballthrift.shop\/de\/wp-json\/wp\/v2\/product\/79316","targetHints":{"allow":["GET"]}}],"collection":[{"href":"https:\/\/footballthrift.shop\/de\/wp-json\/wp\/v2\/product"}],"about":[{"href":"https:\/\/footballthrift.shop\/de\/wp-json\/wp\/v2\/types\/product"}],"wp:featuredmedia":[{"embeddable":true,"href":"https:\/\/footballthrift.shop\/de\/wp-json\/wp\/v2\/media\/79899"}],"wp:attachment":[{"href":"https:\/\/footballthrift.shop\/de\/wp-json\/wp\/v2\/media?parent=79316"}],"wp:term":[{"taxonomy":"product_brand","embeddable":true,"href":"https:\/\/footballthrift.shop\/de\/wp-json\/wp\/v2\/product_brand?post=79316"},{"taxonomy":"product_cat","embeddable":true,"href":"https:\/\/footballthrift.shop\/de\/wp-json\/wp\/v2\/product_cat?post=79316"},{"taxonomy":"product_tag","embeddable":true,"href":"https:\/\/footballthrift.shop\/de\/wp-json\/wp\/v2\/product_tag?post=79316"}],"curies":[{"name":"wp","href":"https:\/\/api.w.org\/{rel}","templated":true}]}}