{"id":79307,"date":"2025-06-15T17:43:57","date_gmt":"2025-06-15T15:43:57","guid":{"rendered":"https:\/\/footballthrift.shop\/?post_type=product&#038;p=79307"},"modified":"2026-03-09T11:28:21","modified_gmt":"2026-03-09T10:28:21","slug":"borussia-dortmund-2011-12-heim-44-perisic-xxl","status":"publish","type":"product","link":"https:\/\/footballthrift.shop\/de\/borussia-dortmund-2011-12-home-44-perisic-xxl\/","title":{"rendered":"Koszulka pi\u0142karska Borussia Dortmund 2011\/12 Home 44 Perisic [XXL]"},"content":{"rendered":"<p><strong>Verein:<\/strong> Borussia Dortmund<\/p>\n<p><strong>Saison:<\/strong> 2011\/12 Startseite<\/p>\n<p><strong>Gr\u00f6\u00dfe: <\/strong>XXL<\/p>\n<p><strong>Zustand:<\/strong> Schlecht - kleines Loch und ein paar Flecken auf der Vorderseite und deutlich rissiger Druck auf der R\u00fcckseite.<\/p>\n<p><strong>Ma\u00dfe (Achselbreite\/L\u00e4nge) in cm: <\/strong>59\/77<\/p>","protected":false},"excerpt":{"rendered":"<p data-start=\"0\" data-end=\"97\"><strong data-start=\"0\" data-end=\"95\">Original Borussia Dortmund 2011\/12 Heimtrikot bedruckt von Ivan Perisic.<\/strong><\/p>\n<p data-start=\"99\" data-end=\"594\">Wir stellen vor: <strong data-start=\"113\" data-end=\"177\">Borussia Dortmund Heimtrikot aus der Saison 2011\/12<\/strong>in einer f\u00fcr europ\u00e4ische Tassen konzipierten Version. Dieses einzigartige Modell wurde von der italienischen Marke <strong>Kappa.<\/strong>\u00a0zeichnet sich durch seine klassische <strong>BVB<\/strong> ein gelb-schwarzes Design, das den Stolz und die Tradition des Vereins aus dem Signal Iduna Park symbolisiert. Das Trikot bietet <strong data-start=\"430\" data-end=\"467\">Ivan Perisic-Aufdruck auf der R\u00fcckseite<\/strong>und auf einem der \u00c4rmel ist die offizielle <strong data-start=\"511\" data-end=\"537\">Champions-League-Emblem<\/strong>was seinen einzigartigen internationalen Charakter unterstreicht.<\/p>\n<p data-start=\"596\" data-end=\"976\">Saison <strong>2011\/12<\/strong> war f\u00fcr<strong> Borussia Dortmund<\/strong> \u00e4u\u00dferst erfolgreich - das Team unter der Leitung von <strong data-start=\"678\" data-end=\"696\">J\u00fcrgen Klopp<\/strong> erreichte die deutsche Meisterschaft und traf im europ\u00e4ischen Wettbewerb auf die besten Mannschaften des Alten Kontinents. Ivan Perisi\u0107, der vor dieser Saison zum Team stie\u00df, brachte zus\u00e4tzliche Qualit\u00e4t in die Mannschaft und erzielte mehrere wichtige Tore, mit denen er den Fans seinen Stempel aufdr\u00fcckte.<\/p>\n<p data-start=\"978\" data-end=\"1317\">Das Trikot ist aus hochwertigem, leichtem und atmungsaktivem Material gefertigt und bietet sowohl im Spiel als auch im Alltag einen hohen Tragekomfort. <strong data-start=\"1132\" data-end=\"1161\">Dynamischer, sportlicher Schnitt<\/strong> Es passt sich der Silhouette perfekt an und die Details - Borussia Dortmund Wappen, Kappa Logo und dezente Kontrasteins\u00e4tze - sorgen f\u00fcr einen einzigartigen Touch.<\/p>\n<p data-start=\"1319\" data-end=\"1639\">F\u00fcr jeden BVB-Fan und -Sammler ist das <strong data-start=\"1358\" data-end=\"1402\">Trikot mit hohem Erinnerungswert<\/strong>und verbindet Erinnerungen an die Erfolge dieser Saison, die Europapokale und die Leistungen von Spielern wie <strong data-start=\"1506\" data-end=\"1548\">Lewandowski, G\u00f6tze, Kagawa oder Perisi\u0107<\/strong>. Ideal f\u00fcr Liebhaber der Vereinsgeschichte und des Spitzenfu\u00dfballs.<\/p>","protected":false},"featured_media":79852,"template":"","meta":{"_kad_blocks_custom_css":"","_kad_blocks_head_custom_js":"","_kad_blocks_body_custom_js":"","_kad_blocks_footer_custom_js":"","_kad_post_transparent":"default","_kad_post_title":"","_kad_post_layout":"default","_kad_post_sidebar_id":"","_kad_post_content_style":"default","_kad_post_vertical_padding":"default","_kad_post_feature":"","_kad_post_feature_position":"","_kad_post_header":false,"_kad_post_footer":false,"_kad_post_classname":""},"product_brand":[1290],"product_cat":[1438],"product_tag":[],"class_list":{"0":"post-79307","1":"product","2":"type-product","3":"status-publish","4":"has-post-thumbnail","6":"product_brand-kappa","7":"product_cat-kluby-niemieckie-borussiadortmund","8":"pa_homeawaythird-home","9":"pa_rozmiar-xxl","11":"first","12":"instock","13":"taxable","14":"shipping-taxable","15":"purchasable","16":"product-type-simple","17":"entry","18":"content-bg","19":"loop-entry"},"taxonomy_info":{"product_brand":[{"value":1290,"label":"Kappa"}],"product_cat":[{"value":1438,"label":"Borussia Dortmund"}],"pa_homeawaythird":[{"value":1597,"label":"Home"}],"pa_rozmiar":[{"value":1819,"label":"XXL"}]},"featured_image_src_large":["https:\/\/footballthrift.shop\/wp-content\/uploads\/2025\/06\/Photoroom_017_20250614_140801-1024x1024.png",1024,1024,true],"author_info":[],"comment_info":"","_links":{"self":[{"href":"https:\/\/footballthrift.shop\/de\/wp-json\/wp\/v2\/product\/79307","targetHints":{"allow":["GET"]}}],"collection":[{"href":"https:\/\/footballthrift.shop\/de\/wp-json\/wp\/v2\/product"}],"about":[{"href":"https:\/\/footballthrift.shop\/de\/wp-json\/wp\/v2\/types\/product"}],"wp:featuredmedia":[{"embeddable":true,"href":"https:\/\/footballthrift.shop\/de\/wp-json\/wp\/v2\/media\/79852"}],"wp:attachment":[{"href":"https:\/\/footballthrift.shop\/de\/wp-json\/wp\/v2\/media?parent=79307"}],"wp:term":[{"taxonomy":"product_brand","embeddable":true,"href":"https:\/\/footballthrift.shop\/de\/wp-json\/wp\/v2\/product_brand?post=79307"},{"taxonomy":"product_cat","embeddable":true,"href":"https:\/\/footballthrift.shop\/de\/wp-json\/wp\/v2\/product_cat?post=79307"},{"taxonomy":"product_tag","embeddable":true,"href":"https:\/\/footballthrift.shop\/de\/wp-json\/wp\/v2\/product_tag?post=79307"}],"curies":[{"name":"wp","href":"https:\/\/api.w.org\/{rel}","templated":true}]}}