{"id":79306,"date":"2025-06-15T17:43:58","date_gmt":"2025-06-15T15:43:58","guid":{"rendered":"https:\/\/footballthrift.shop\/?post_type=product&#038;p=79306"},"modified":"2026-03-09T11:28:21","modified_gmt":"2026-03-09T10:28:21","slug":"boavista-sc-2007-08-dritte-xl","status":"publish","type":"product","link":"https:\/\/footballthrift.shop\/de\/boavista-sc-2007-08-third-xl\/","title":{"rendered":"Koszulka pi\u0142karska Boavista SC 2007\/08 Third [XL]"},"content":{"rendered":"<p><strong>Verein:<\/strong> Boavista SC<\/p>\n<p><strong>Saison:<\/strong> 2007\/08 Dritter<\/p>\n<p><strong>Gr\u00f6\u00dfe: <\/strong>XL<\/p>\n<p><strong>Zustand:<\/strong> Schlecht - besch\u00e4digter \"Diadora\"-Schriftzug auf der Vorderseite und Emblem auf der R\u00fcckseite des Trikots unten.<\/p>\n<p><strong>Ma\u00dfe (Achselbreite\/L\u00e4nge) in cm: <\/strong>56\/74(vorne), 80(hinten)<\/p>","protected":false},"excerpt":{"rendered":"<p data-start=\"0\" data-end=\"67\"><strong data-start=\"0\" data-end=\"65\">Das originale dritte Fu\u00dfballtrikot von Boavista 2007\/08.<\/strong><\/p>\n<p data-start=\"69\" data-end=\"646\">Wir stellen vor: <strong data-start=\"83\" data-end=\"145\">Das dritte Fu\u00dfballtrikot von Boavista Porto in der Saison 2007\/08<\/strong>von einer bekannten italienischen Marke entwickelt <strong data-start=\"182\" data-end=\"193\">Diadora<\/strong>die seinerzeit den portugiesischen Traditionsverein ausr\u00fcstete. Die Vorderseite des Trikots zeigt <strong data-start=\"512\" data-end=\"536\">offizielles Vereinswappen <\/strong>und Logo <strong data-start=\"543\" data-end=\"554\">Diadora<\/strong>Das verleiht dem Ganzen ein authentisches Gef\u00fchl, das direkt aus der Primeira Liga stammt.<\/p>\n<p data-start=\"648\" data-end=\"989\">Die Saison 2007\/08 war f\u00fcr\u00a0<strong data-start=\"1013\" data-end=\"1031\">Boavista Porto<\/strong>\u00a0Einzigartig, wenn auch schwierig - die Mannschaft k\u00e4mpfte um den Verbleib in der Liga, pr\u00e4sentierte aber einen durchweg markanten, k\u00e4mpferischen Stil. W\u00e4hrend dieser Zeit hatte das Team Spieler wie.\u00a0<strong data-start=\"1215\" data-end=\"1257\">Ricardo Sousa,\u00a0<\/strong> <strong data-start=\"1215\" data-end=\"1257\">Kazmierczak oder Gregory<\/strong>die die Farben von \"Os Axadrezados\" mit Stolz vertraten.<\/p>\n<p data-start=\"1315\" data-end=\"1559\">F\u00fcr Sammler und Fans des portugiesischen Fu\u00dfballs ist dieses <strong data-start=\"1364\" data-end=\"1404\">Das originale dritte Trikot von Boavista<\/strong> ist eine gro\u00dfartige Wahl - es ist ein einzigartiges Trikot, das die Geschichte des Clubs, einzigartiges Design und hochwertige Verarbeitung typisch f\u00fcr die Marke kombiniert <strong data-start=\"1545\" data-end=\"1556\">Diadora<\/strong>.<\/p>","protected":false},"featured_media":79850,"template":"","meta":{"_kad_blocks_custom_css":"","_kad_blocks_head_custom_js":"","_kad_blocks_body_custom_js":"","_kad_blocks_footer_custom_js":"","_kad_post_transparent":"default","_kad_post_title":"","_kad_post_layout":"default","_kad_post_sidebar_id":"","_kad_post_content_style":"default","_kad_post_vertical_padding":"default","_kad_post_feature":"","_kad_post_feature_position":"","_kad_post_header":false,"_kad_post_footer":false,"_kad_post_classname":""},"product_brand":[1289],"product_cat":[1479],"product_tag":[],"class_list":{"0":"post-79306","1":"product","2":"type-product","3":"status-publish","4":"has-post-thumbnail","6":"product_brand-diadora","7":"product_cat-kluby-portugalskie","8":"pa_homeawaythird-third","9":"pa_rozmiar-xl","11":"first","12":"instock","13":"taxable","14":"shipping-taxable","15":"purchasable","16":"product-type-simple","17":"entry","18":"content-bg","19":"loop-entry"},"taxonomy_info":{"product_brand":[{"value":1289,"label":"Diadora"}],"product_cat":[{"value":1479,"label":"Portugalia"}],"pa_homeawaythird":[{"value":1599,"label":"Third"}],"pa_rozmiar":[{"value":1818,"label":"XL"}]},"featured_image_src_large":["https:\/\/footballthrift.shop\/wp-content\/uploads\/2025\/06\/Photoroom_057_20250614_140801-1024x1024.png",1024,1024,true],"author_info":[],"comment_info":"","_links":{"self":[{"href":"https:\/\/footballthrift.shop\/de\/wp-json\/wp\/v2\/product\/79306","targetHints":{"allow":["GET"]}}],"collection":[{"href":"https:\/\/footballthrift.shop\/de\/wp-json\/wp\/v2\/product"}],"about":[{"href":"https:\/\/footballthrift.shop\/de\/wp-json\/wp\/v2\/types\/product"}],"wp:featuredmedia":[{"embeddable":true,"href":"https:\/\/footballthrift.shop\/de\/wp-json\/wp\/v2\/media\/79850"}],"wp:attachment":[{"href":"https:\/\/footballthrift.shop\/de\/wp-json\/wp\/v2\/media?parent=79306"}],"wp:term":[{"taxonomy":"product_brand","embeddable":true,"href":"https:\/\/footballthrift.shop\/de\/wp-json\/wp\/v2\/product_brand?post=79306"},{"taxonomy":"product_cat","embeddable":true,"href":"https:\/\/footballthrift.shop\/de\/wp-json\/wp\/v2\/product_cat?post=79306"},{"taxonomy":"product_tag","embeddable":true,"href":"https:\/\/footballthrift.shop\/de\/wp-json\/wp\/v2\/product_tag?post=79306"}],"curies":[{"name":"wp","href":"https:\/\/api.w.org\/{rel}","templated":true}]}}