{"id":79303,"date":"2025-06-15T17:44:00","date_gmt":"2025-06-15T15:44:00","guid":{"rendered":"https:\/\/footballthrift.shop\/?post_type=product&#038;p=79303"},"modified":"2026-03-09T11:28:21","modified_gmt":"2026-03-09T10:28:21","slug":"osterreich-2006-08-heim-xl","status":"publish","type":"product","link":"https:\/\/footballthrift.shop\/de\/austria-2006-08-home-xl\/","title":{"rendered":"Koszulka pi\u0142karska Austria 2006\/08 Home [XL]"},"content":{"rendered":"<p><strong>Verein:<\/strong> \u00d6sterreich<\/p>\n<p><strong>Saison:<\/strong> 2006\/08 Zuhause<\/p>\n<p><strong>Gr\u00f6\u00dfe: <\/strong>XL<\/p>\n<p><strong>Zustand:<\/strong> Ausgezeichnet<\/p>\n<p><strong>Ma\u00dfe (Achselbreite\/L\u00e4nge) in cm: <\/strong>59\/79<\/p>","protected":false},"excerpt":{"rendered":"<p data-start=\"0\" data-end=\"75\"><strong data-start=\"0\" data-end=\"73\">Original Heimtrikot der \u00f6sterreichischen Fu\u00dfballnationalmannschaft 2006-2008.<\/strong><\/p>\n<p data-start=\"77\" data-end=\"629\">Wir stellen vor: <strong data-start=\"91\" data-end=\"158\">das Heimtrikot der \u00f6sterreichischen Fu\u00dfballnationalmannschaft von 2006-2008<\/strong>entworfen von der renommierten Marke <strong data-start=\"198\" data-end=\"206\">Puma<\/strong>die seinerzeit zahlreiche europ\u00e4ische Verb\u00e4nde mit Ger\u00e4ten belieferte. Klassisch, <strong data-start=\"291\" data-end=\"309\">rote Farbe<\/strong> Das Logo in den \u00f6sterreichischen Nationalfarben wird durch wei\u00dfe Details am Kragen und an den \u00c4rmeln erg\u00e4nzt und verleiht dem Hemd eine elegante und zugleich sportliche Note. Die Brust zeigt <strong data-start=\"496\" data-end=\"518\">Offizielles Wappen des \u00d6FB<\/strong> und das unverwechselbare Puma-Logo.<\/p>\n<p data-start=\"979\" data-end=\"1386\">In diesem Modell bereitete sich die \u00f6sterreichische Nationalmannschaft u.a. auf die <strong data-start=\"1042\" data-end=\"1055\">EURO 2008<\/strong>die in \u00d6sterreich und der Schweiz stattfanden. Obwohl die Mannschaft damals keine gro\u00dfen Erfolge erzielte, wurde das Trikot zu einem wichtigen Symbol des Nationalstolzes w\u00e4hrend der Zeit des Aufbaus einer st\u00e4rkeren Nationalmannschaft. In der Mannschaft standen damals Spieler wie <strong data-start=\"1296\" data-end=\"1353\">Ivica Vasti\u0107, Emanuel Pogatetz oder Andreas Ivanschitz<\/strong>die S\u00e4ulen des Teams waren.<\/p>\n<p data-start=\"1388\" data-end=\"1645\"><strong data-start=\"1388\" data-end=\"1425\">\u00d6sterreich Heimtrikot 2006-2008<\/strong> ist ideal f\u00fcr Sammler, Fans des \u00f6sterreichischen Fu\u00dfballs und all jene, die das klassische Puma-Design aus der Mitte der 2000er Jahre zu sch\u00e4tzen wissen. Es ist ein St\u00fcck Fu\u00dfballgeschichte, das die Spannung dieser Zeit heraufbeschw\u00f6rt.<\/p>","protected":false},"featured_media":79844,"template":"","meta":{"_kad_blocks_custom_css":"","_kad_blocks_head_custom_js":"","_kad_blocks_body_custom_js":"","_kad_blocks_footer_custom_js":"","_kad_post_transparent":"default","_kad_post_title":"","_kad_post_layout":"default","_kad_post_sidebar_id":"","_kad_post_content_style":"default","_kad_post_vertical_padding":"default","_kad_post_feature":"","_kad_post_feature_position":"","_kad_post_header":false,"_kad_post_footer":false,"_kad_post_classname":""},"product_brand":[1287],"product_cat":[1489],"product_tag":[],"class_list":{"0":"post-79303","1":"product","2":"type-product","3":"status-publish","4":"has-post-thumbnail","6":"product_brand-puma","7":"product_cat-pozostale-reprezentacje-europa","8":"pa_homeawaythird-home","9":"pa_rozmiar-xl","11":"first","12":"instock","13":"taxable","14":"shipping-taxable","15":"purchasable","16":"product-type-simple","17":"entry","18":"content-bg","19":"loop-entry"},"taxonomy_info":{"product_brand":[{"value":1287,"label":"Puma"}],"product_cat":[{"value":1489,"label":"Pozosta\u0142e"}],"pa_homeawaythird":[{"value":1597,"label":"Home"}],"pa_rozmiar":[{"value":1818,"label":"XL"}]},"featured_image_src_large":["https:\/\/footballthrift.shop\/wp-content\/uploads\/2025\/06\/Photoroom_008_20250614_140801-1024x1024.png",1024,1024,true],"author_info":[],"comment_info":"","_links":{"self":[{"href":"https:\/\/footballthrift.shop\/de\/wp-json\/wp\/v2\/product\/79303","targetHints":{"allow":["GET"]}}],"collection":[{"href":"https:\/\/footballthrift.shop\/de\/wp-json\/wp\/v2\/product"}],"about":[{"href":"https:\/\/footballthrift.shop\/de\/wp-json\/wp\/v2\/types\/product"}],"wp:featuredmedia":[{"embeddable":true,"href":"https:\/\/footballthrift.shop\/de\/wp-json\/wp\/v2\/media\/79844"}],"wp:attachment":[{"href":"https:\/\/footballthrift.shop\/de\/wp-json\/wp\/v2\/media?parent=79303"}],"wp:term":[{"taxonomy":"product_brand","embeddable":true,"href":"https:\/\/footballthrift.shop\/de\/wp-json\/wp\/v2\/product_brand?post=79303"},{"taxonomy":"product_cat","embeddable":true,"href":"https:\/\/footballthrift.shop\/de\/wp-json\/wp\/v2\/product_cat?post=79303"},{"taxonomy":"product_tag","embeddable":true,"href":"https:\/\/footballthrift.shop\/de\/wp-json\/wp\/v2\/product_tag?post=79303"}],"curies":[{"name":"wp","href":"https:\/\/api.w.org\/{rel}","templated":true}]}}