{"id":79302,"date":"2025-06-15T17:44:01","date_gmt":"2025-06-15T15:44:01","guid":{"rendered":"https:\/\/footballthrift.shop\/?post_type=product&#038;p=79302"},"modified":"2026-03-09T11:28:20","modified_gmt":"2026-03-09T10:28:20","slug":"austria-2020-22-away-7-arnautovic-xl","status":"publish","type":"product","link":"https:\/\/footballthrift.shop\/de\/austria-2020-22-away-7-arnautovic-xl\/","title":{"rendered":"Koszulka pi\u0142karska Austria 2020\/22 Away 7 Arnautovi\u0107 [XL]"},"content":{"rendered":"<p><strong>Verein:<\/strong> \u00d6sterreich<\/p>\n<p><strong>Saison:<\/strong> 2020\/22 Ausw\u00e4rts<\/p>\n<p><strong>Gr\u00f6\u00dfe: <\/strong>XL<\/p>\n<p><strong>Zustand:<\/strong> Ausgezeichnet<\/p>\n<p><strong>Ma\u00dfe (Achselbreite\/L\u00e4nge) in cm: <\/strong>60\/76<\/p>","protected":false},"excerpt":{"rendered":"<p data-start=\"0\" data-end=\"109\"><strong data-start=\"0\" data-end=\"107\">Original Ausw\u00e4rtstrikot der \u00f6sterreichischen Nationalmannschaft 2020-2022 bedruckt von Marko Arnautovic.<\/strong><\/p>\n<p data-start=\"111\" data-end=\"627\">Wir stellen vor: <strong data-start=\"125\" data-end=\"195\">das Ausw\u00e4rtstrikot der \u00f6sterreichischen Fu\u00dfballnationalmannschaft von 2020-2022<\/strong>erstellt von <strong data-start=\"213\" data-end=\"221\">Puma<\/strong>, eine angesehene Marke, die sportliches Design mit moderner Technologie verbindet. Modell in elegant <strong data-start=\"306\" data-end=\"325\">schwarz<\/strong> wird durch ein subtiles, von der \u00f6sterreichischen Jugendstilkunst inspiriertes Muster unterbrochen, das ihr ein einzigartiges, stilvolles Aussehen verleiht. Die Kommode bietet <strong data-start=\"472\" data-end=\"544\">Minimalistisches, wei\u00dfes Wappen des \u00d6sterreichischen Fu\u00dfballbundes (\u00d6FB)<\/strong> und das Puma-Logo, mit der Nummer des Athleten im mittleren Bereich.<\/p>\n<p data-start=\"629\" data-end=\"969\">Die R\u00fcckseite zeigt <strong data-start=\"649\" data-end=\"678\">Marko Arnautovic drucken<\/strong>einer der bekanntesten \u00f6sterreichischen Fu\u00dfballspieler der letzten Jahre, was dieses Trikot noch besonderer macht. Hergestellt aus <strong data-start=\"815\" data-end=\"860\">leichtes und atmungsaktives DryCELL-Material<\/strong>Das Trikot bietet einen hohen Tragekomfort und leitet die Feuchtigkeit sowohl beim Spiel als auch im Alltag perfekt ab.<\/p>\n<p data-start=\"971\" data-end=\"1263\">In diesem Modell konkurrierte \u00d6sterreich u.a. mit der <strong data-start=\"1013\" data-end=\"1078\">Qualifikationsspiele f\u00fcr die Fu\u00dfballweltmeisterschaft 2022 und f\u00fcr die Euro 2020<\/strong>wo die Mannschaft von Franco Fody mit dem Einzug in die K.o.-Phase des Turniers Geschichte schrieb. Es war <strong data-start=\"1179\" data-end=\"1199\">Marko Arnautovi\u0107<\/strong>spielte als Anf\u00fchrer des Angriffs eine Schl\u00fcsselrolle bei der Offensivleistung der Mannschaft.<\/p>\n<p data-start=\"1265\" data-end=\"1567\"><strong data-start=\"1265\" data-end=\"1345\">\u00d6sterreichs Nationalmannschaft 2020-2022 Ausw\u00e4rtstrikot mit Arnautovics Namen darauf<\/strong> ist die perfekte Wahl f\u00fcr Die Burschen-Fans, Sammler und alle, die modernes Design in Verbindung mit Nationalstolz zu sch\u00e4tzen wissen. Sie passt sowohl ins Stadion als auch zum allt\u00e4glichen Styling.<\/p>","protected":false},"featured_media":79842,"template":"","meta":{"_kad_blocks_custom_css":"","_kad_blocks_head_custom_js":"","_kad_blocks_body_custom_js":"","_kad_blocks_footer_custom_js":"","_kad_post_transparent":"default","_kad_post_title":"","_kad_post_layout":"default","_kad_post_sidebar_id":"","_kad_post_content_style":"default","_kad_post_vertical_padding":"default","_kad_post_feature":"","_kad_post_feature_position":"","_kad_post_header":false,"_kad_post_footer":false,"_kad_post_classname":""},"product_brand":[1287],"product_cat":[1489],"product_tag":[],"class_list":{"0":"post-79302","1":"product","2":"type-product","3":"status-publish","4":"has-post-thumbnail","6":"product_brand-puma","7":"product_cat-pozostale-reprezentacje-europa","8":"pa_homeawaythird-away","9":"pa_rozmiar-xl","11":"first","12":"instock","13":"taxable","14":"shipping-taxable","15":"purchasable","16":"product-type-simple","17":"entry","18":"content-bg","19":"loop-entry"},"taxonomy_info":{"product_brand":[{"value":1287,"label":"Puma"}],"product_cat":[{"value":1489,"label":"Pozosta\u0142e"}],"pa_homeawaythird":[{"value":1598,"label":"Away"}],"pa_rozmiar":[{"value":1818,"label":"XL"}]},"featured_image_src_large":["https:\/\/footballthrift.shop\/wp-content\/uploads\/2025\/06\/Photoroom_084_20250614_140801-1024x1024.png",1024,1024,true],"author_info":[],"comment_info":"","_links":{"self":[{"href":"https:\/\/footballthrift.shop\/de\/wp-json\/wp\/v2\/product\/79302","targetHints":{"allow":["GET"]}}],"collection":[{"href":"https:\/\/footballthrift.shop\/de\/wp-json\/wp\/v2\/product"}],"about":[{"href":"https:\/\/footballthrift.shop\/de\/wp-json\/wp\/v2\/types\/product"}],"wp:featuredmedia":[{"embeddable":true,"href":"https:\/\/footballthrift.shop\/de\/wp-json\/wp\/v2\/media\/79842"}],"wp:attachment":[{"href":"https:\/\/footballthrift.shop\/de\/wp-json\/wp\/v2\/media?parent=79302"}],"wp:term":[{"taxonomy":"product_brand","embeddable":true,"href":"https:\/\/footballthrift.shop\/de\/wp-json\/wp\/v2\/product_brand?post=79302"},{"taxonomy":"product_cat","embeddable":true,"href":"https:\/\/footballthrift.shop\/de\/wp-json\/wp\/v2\/product_cat?post=79302"},{"taxonomy":"product_tag","embeddable":true,"href":"https:\/\/footballthrift.shop\/de\/wp-json\/wp\/v2\/product_tag?post=79302"}],"curies":[{"name":"wp","href":"https:\/\/api.w.org\/{rel}","templated":true}]}}